{"id":1002,"date":"2023-12-07T18:10:20","date_gmt":"2023-12-07T18:10:20","guid":{"rendered":"https:\/\/camero.es\/servicios-funerarios\/"},"modified":"2023-12-18T17:31:15","modified_gmt":"2023-12-18T17:31:15","slug":"funeral-services","status":"publish","type":"page","link":"https:\/\/camero.es\/en\/funeral-services\/","title":{"rendered":"Funeral Services"},"content":{"rendered":"<div class=\"slider-wrapper relative\" id=\"slider-851718026\" >\n    <div class=\"slider slider-nav-circle slider-nav-large slider-nav-light slider-style-normal\"\n        data-flickity-options='{\n            \"cellAlign\": \"center\",\n            \"imagesLoaded\": true,\n            \"lazyLoad\": 1,\n            \"freeScroll\": false,\n            \"wrapAround\": true,\n            \"autoPlay\": 6000,\n            \"pauseAutoPlayOnHover\" : true,\n            \"prevNextButtons\": true,\n            \"contain\" : true,\n            \"adaptiveHeight\" : true,\n            \"dragThreshold\" : 10,\n            \"percentPosition\": true,\n            \"pageDots\": true,\n            \"rightToLeft\": false,\n            \"draggable\": true,\n            \"selectedAttraction\": 0.1,\n            \"parallax\" : 0,\n            \"friction\": 0.6        }'\n        >\n        \n\n  <div class=\"banner has-hover\" id=\"banner-652786916\">\n          <div class=\"banner-inner fill\">\n        <div class=\"banner-bg fill\" >\n            <img loading=\"lazy\" decoding=\"async\" width=\"1536\" height=\"584\" src=\"https:\/\/camero.es\/wp-content\/uploads\/2023\/12\/Funerarias_Malaga-1536x584.jpg\" class=\"bg attachment-1536x1536 size-1536x1536\" alt=\"\" \/>                        <div class=\"overlay\"><\/div>            \n                    <\/div>\n\t\t\n        <div class=\"banner-layers container\">\n            <div class=\"fill banner-link\"><\/div>            \n   <div id=\"text-box-2108419466\" class=\"text-box banner-layer x50 md-x50 lg-x50 y50 md-y50 lg-y50 res-text\">\n                                <div class=\"text-box-content text dark\">\n              \n              <div class=\"text-inner text-center\">\n                  \n<h1 class=\"uppercase\"><span style=\"font-size: 90%;\"><strong>Funeral services in Malaga<\/strong><\/span><\/h1>\n              <\/div>\n           <\/div>\n                            \n<style>\n#text-box-2108419466 {\n  width: 90%;\n}\n#text-box-2108419466 .text-box-content {\n  font-size: 100%;\n}\n<\/style>\n    <\/div>\n \n        <\/div>\n      <\/div>\n\n            \n<style>\n#banner-652786916 {\n  padding-top: 530px;\n}\n#banner-652786916 .overlay {\n  background-color: rgba(0,0,0,.5);\n}\n#banner-652786916 .banner-bg img {\n  object-position: 53% 7%;\n}\n<\/style>\n  <\/div>\n\n\n     <\/div>\n\n     <div class=\"loading-spin dark large centered\"><\/div>\n\n\t<\/div>\n\n\n\n\t<section class=\"section info-card-1\" id=\"section_427143927\">\n\t\t<div class=\"section-bg fill\" >\n\t\t\t\t\t\t\t\t\t\n\t\t\t\n\n\t\t<\/div>\n\n\t\t\n\n\t\t<div class=\"section-content relative\">\n\t\t\t\n<div class=\"row\"  id=\"row-703019676\">\n\n\t<div id=\"col-1352106651\" class=\"col small-12 large-12\"  >\n\t\t\t\t<div class=\"col-inner text-center\"  >\n\t\t\t\n\t\t\t\n<h2><span style=\"font-size: 140%;\">Funeral services in Malaga<\/span><\/h2>\n\t\t<\/div>\n\t\t\t\t\n<style>\n#col-1352106651 > .col-inner {\n  padding: 20px 0px 0px 0px;\n}\n<\/style>\n\t<\/div>\n\n\t\n<\/div>\n<div class=\"row row-small align-equal\"  id=\"row-2006141483\">\n\n\t<div id=\"col-723903414\" class=\"col medium-4 small-12 large-4\"  >\n\t\t\t\t<div class=\"col-inner\"  >\n\t\t\t\n\t\t\t\n\t<div class=\"box has-hover   has-hover box-push box-text-bottom\" >\n\n\t\t<div class=\"box-image\" >\n\t\t\t<a href=\"#\" >\t\t\t<div class=\"image-zoom image-cover\" style=\"padding-top:70%;\">\n\t\t\t\t<img loading=\"lazy\" decoding=\"async\" width=\"1920\" height=\"730\" src=\"https:\/\/camero.es\/wp-content\/uploads\/2023\/12\/incineracion_malaga-1.jpg\" class=\"attachment- size-\" alt=\"Incineraci\u00f3n M\u00e1laga\" srcset=\"https:\/\/camero.es\/wp-content\/uploads\/2023\/12\/incineracion_malaga-1.jpg 1920w, https:\/\/camero.es\/wp-content\/uploads\/2023\/12\/incineracion_malaga-1-300x114.jpg 300w, https:\/\/camero.es\/wp-content\/uploads\/2023\/12\/incineracion_malaga-1-1024x389.jpg 1024w, https:\/\/camero.es\/wp-content\/uploads\/2023\/12\/incineracion_malaga-1-768x292.jpg 768w, https:\/\/camero.es\/wp-content\/uploads\/2023\/12\/incineracion_malaga-1-1536x584.jpg 1536w\" sizes=\"auto, (max-width: 1920px) 100vw, 1920px\" \/>\t\t\t\t\t\t\t\t\t\t\t<\/div>\n\t\t\t<\/a>\t\t<\/div>\n\n\t\t<div class=\"box-text text-center\" style=\"background-color:rgb(255, 255, 255);padding:20px 5% 20px 5%;\">\n\t\t\t<div class=\"box-text-inner\">\n\t\t\t\t\n\t<div id=\"text-2879193062\" class=\"text\">\n\t\t\n<h3>CREMATION<\/h3>\n<p>\u00a0<\/p>\n<p><span style=\"font-size: 120%;\">Cremation can be carried out only in places that have a crematorium.<\/span><\/p>\n\t\t\n<style>\n#text-2879193062 {\n  font-size: 0.9rem;\n  line-height: 1.6;\n}\n<\/style>\n\t<\/div>\n\t\n<a href=\"https:\/\/camero.es\/en\/cremation-in-malaga\/\" class=\"button primary is-underline\" >\n\t\t<span>See More<\/span>\n\t<\/a>\n\n\t\t\t<\/div>\n\t\t<\/div>\n\t<\/div>\n\t\n\t\t<\/div>\n\t\t\t\t\t<\/div>\n\n\t\n\n\t<div id=\"col-2133687013\" class=\"col medium-4 small-12 large-4\"  >\n\t\t\t\t<div class=\"col-inner\"  >\n\t\t\t\n\t\t\t\n\t<div class=\"box has-hover   has-hover box-push box-text-bottom\" >\n\n\t\t<div class=\"box-image\" >\n\t\t\t<a href=\"#\" >\t\t\t<div class=\"image-zoom image-cover\" style=\"padding-top:70%;\">\n\t\t\t\t<img loading=\"lazy\" decoding=\"async\" width=\"900\" height=\"405\" src=\"https:\/\/camero.es\/wp-content\/uploads\/2023\/12\/Funerarias-Camero-Blog7.jpg\" class=\"attachment- size-\" alt=\"\" srcset=\"https:\/\/camero.es\/wp-content\/uploads\/2023\/12\/Funerarias-Camero-Blog7.jpg 900w, https:\/\/camero.es\/wp-content\/uploads\/2023\/12\/Funerarias-Camero-Blog7-300x135.jpg 300w, https:\/\/camero.es\/wp-content\/uploads\/2023\/12\/Funerarias-Camero-Blog7-768x346.jpg 768w\" sizes=\"auto, (max-width: 900px) 100vw, 900px\" \/>\t\t\t\t\t\t\t\t\t\t\t<\/div>\n\t\t\t<\/a>\t\t<\/div>\n\n\t\t<div class=\"box-text text-center\" style=\"background-color:rgb(255, 255, 255);padding:20px 5% 20px 5%;\">\n\t\t\t<div class=\"box-text-inner\">\n\t\t\t\t\n\t<div id=\"text-3670237797\" class=\"text\">\n\t\t\n<h3>INHUMATION<\/h3>\n<p>\u00a0<\/p>\n<p><span style=\"font-size: 120%;\">It has to be carried out in a cemetery, which<\/p>\n<p>has niches or pits.<\/span><\/p>\n\t\t\n<style>\n#text-3670237797 {\n  font-size: 0.9rem;\n  line-height: 1.6;\n}\n<\/style>\n\t<\/div>\n\t\n<a href=\"https:\/\/camero.es\/en\/inhumation\/\" class=\"button primary is-underline\" >\n\t\t<span>See More<\/span>\n\t<\/a>\n\n\t\t\t<\/div>\n\t\t<\/div>\n\t<\/div>\n\t\n\t\t<\/div>\n\t\t\t\t\t<\/div>\n\n\t\n\n\t<div id=\"col-1012633043\" class=\"col medium-4 small-12 large-4\"  >\n\t\t\t\t<div class=\"col-inner\"  >\n\t\t\t\n\t\t\t\n\t<div class=\"box has-hover   has-hover box-push box-text-bottom\" >\n\n\t\t<div class=\"box-image\" >\n\t\t\t<a href=\"#\" >\t\t\t<div class=\"image-zoom image-cover\" style=\"padding-top:70%;\">\n\t\t\t\t<img loading=\"lazy\" decoding=\"async\" width=\"1920\" height=\"730\" src=\"https:\/\/camero.es\/wp-content\/uploads\/2023\/12\/traslado_funerario.jpg\" class=\"attachment- size-\" alt=\"\" srcset=\"https:\/\/camero.es\/wp-content\/uploads\/2023\/12\/traslado_funerario.jpg 1920w, https:\/\/camero.es\/wp-content\/uploads\/2023\/12\/traslado_funerario-300x114.jpg 300w, https:\/\/camero.es\/wp-content\/uploads\/2023\/12\/traslado_funerario-1024x389.jpg 1024w, https:\/\/camero.es\/wp-content\/uploads\/2023\/12\/traslado_funerario-768x292.jpg 768w, https:\/\/camero.es\/wp-content\/uploads\/2023\/12\/traslado_funerario-1536x584.jpg 1536w\" sizes=\"auto, (max-width: 1920px) 100vw, 1920px\" \/>\t\t\t\t\t\t\t\t\t\t\t<\/div>\n\t\t\t<\/a>\t\t<\/div>\n\n\t\t<div class=\"box-text text-center\" style=\"background-color:rgb(255, 255, 255);padding:20px 5% 20px 5%;\">\n\t\t\t<div class=\"box-text-inner\">\n\t\t\t\t\n\t<div id=\"text-241871671\" class=\"text\">\n\t\t\n<h3>TRANSFER<\/h3>\n<p>\u00a0<\/p>\n<p><span style=\"font-size: 120%;\">We are specialists in relocations and repatriations in different countries.<\/span><\/p>\n\t\t\n<style>\n#text-241871671 {\n  font-size: 0.9rem;\n  line-height: 1.6;\n}\n<\/style>\n\t<\/div>\n\t\n<a href=\"https:\/\/camero.es\/en\/funerary-transfer\/\" class=\"button primary is-underline\" >\n\t\t<span>See More<\/span>\n\t<\/a>\n\n\t\t\t<\/div>\n\t\t<\/div>\n\t<\/div>\n\t\n\t\t<\/div>\n\t\t\t\t\t<\/div>\n\n\t\n\n\t<div id=\"col-338603038\" class=\"col medium-4 small-12 large-4\"  >\n\t\t\t\t<div class=\"col-inner\"  >\n\t\t\t\n\t\t\t\n\t<div class=\"box has-hover   has-hover box-push box-text-bottom\" >\n\n\t\t<div class=\"box-image\" >\n\t\t\t<a href=\"#\" >\t\t\t<div class=\"image-zoom image-cover\" style=\"padding-top:70%;\">\n\t\t\t\t<img loading=\"lazy\" decoding=\"async\" width=\"900\" height=\"600\" src=\"https:\/\/camero.es\/wp-content\/uploads\/2023\/12\/Limpieza_de_nichos.jpg\" class=\"attachment- size-\" alt=\"\" srcset=\"https:\/\/camero.es\/wp-content\/uploads\/2023\/12\/Limpieza_de_nichos.jpg 900w, https:\/\/camero.es\/wp-content\/uploads\/2023\/12\/Limpieza_de_nichos-300x200.jpg 300w, https:\/\/camero.es\/wp-content\/uploads\/2023\/12\/Limpieza_de_nichos-768x512.jpg 768w\" sizes=\"auto, (max-width: 900px) 100vw, 900px\" \/>\t\t\t\t\t\t\t\t\t\t\t<\/div>\n\t\t\t<\/a>\t\t<\/div>\n\n\t\t<div class=\"box-text text-center\" style=\"background-color:rgb(255, 255, 255);padding:20px 5% 20px 5%;\">\n\t\t\t<div class=\"box-text-inner\">\n\t\t\t\t\n\t<div id=\"text-365665082\" class=\"text\">\n\t\t\n<h3>MAINTENANCE OF NICHES<\/h3>\n<p>\u00a0<\/p>\n<p><span style=\"font-size: 120%;\">We would take care of the monthly cleaning and floral decorations.<\/span><\/p>\n\t\t\n<style>\n#text-365665082 {\n  font-size: 0.9rem;\n  line-height: 1.6;\n}\n<\/style>\n\t<\/div>\n\t\n<a href=\"https:\/\/camero.es\/en\/maintenance-of-niches\/\" class=\"button primary is-underline\" >\n\t\t<span>See More<\/span>\n\t<\/a>\n\n\t\t\t<\/div>\n\t\t<\/div>\n\t<\/div>\n\t\n\t\t<\/div>\n\t\t\t\t\t<\/div>\n\n\t\n\n\t<div id=\"col-1934352513\" class=\"col medium-4 small-12 large-4\"  >\n\t\t\t\t<div class=\"col-inner\"  >\n\t\t\t\n\t\t\t\n\t<div class=\"box has-hover   has-hover box-push box-text-bottom\" >\n\n\t\t<div class=\"box-image\" >\n\t\t\t<a href=\"#\" >\t\t\t<div class=\"image-zoom image-cover\" style=\"padding-top:70%;\">\n\t\t\t\t<img loading=\"lazy\" decoding=\"async\" width=\"900\" height=\"601\" src=\"https:\/\/camero.es\/wp-content\/uploads\/2023\/12\/lapidas_para_nichos.jpg\" class=\"attachment- size-\" alt=\"\" srcset=\"https:\/\/camero.es\/wp-content\/uploads\/2023\/12\/lapidas_para_nichos.jpg 900w, https:\/\/camero.es\/wp-content\/uploads\/2023\/12\/lapidas_para_nichos-300x200.jpg 300w, https:\/\/camero.es\/wp-content\/uploads\/2023\/12\/lapidas_para_nichos-768x513.jpg 768w\" sizes=\"auto, (max-width: 900px) 100vw, 900px\" \/>\t\t\t\t\t\t\t\t\t\t\t<\/div>\n\t\t\t<\/a>\t\t<\/div>\n\n\t\t<div class=\"box-text text-center\" style=\"background-color:rgb(255, 255, 255);padding:20px 5% 20px 5%;\">\n\t\t\t<div class=\"box-text-inner\">\n\t\t\t\t\n\t<div id=\"text-730888175\" class=\"text\">\n\t\t\n<h3>TOMBSTONES<\/h3>\n<p>\u00a0<\/p>\n<p><span style=\"font-size: 120%;\">We do all types of funeral tombstone designs, distribution and placement.<\/span><\/p>\n\t\t\n<style>\n#text-730888175 {\n  font-size: 0.9rem;\n  line-height: 1.6;\n}\n<\/style>\n\t<\/div>\n\t\n<a href=\"https:\/\/camero.es\/en\/preparation-of-tombstones\/\" class=\"button primary is-underline\" >\n\t\t<span>See More<\/span>\n\t<\/a>\n\n\t\t\t<\/div>\n\t\t<\/div>\n\t<\/div>\n\t\n\t\t<\/div>\n\t\t\t\t\t<\/div>\n\n\t\n\n\t<div id=\"col-575478592\" class=\"col medium-4 small-12 large-4\"  >\n\t\t\t\t<div class=\"col-inner\"  >\n\t\t\t\n\t\t\t\n\t<div class=\"box has-hover   has-hover box-push box-text-bottom\" >\n\n\t\t<div class=\"box-image\" >\n\t\t\t<a href=\"#\" >\t\t\t<div class=\"image-zoom image-cover\" style=\"padding-top:70%;\">\n\t\t\t\t<img loading=\"lazy\" decoding=\"async\" width=\"354\" height=\"354\" src=\"https:\/\/camero.es\/wp-content\/uploads\/2023\/12\/Urna_de_laton_HU-177.jpg\" class=\"attachment- size-\" alt=\"\" srcset=\"https:\/\/camero.es\/wp-content\/uploads\/2023\/12\/Urna_de_laton_HU-177.jpg 354w, https:\/\/camero.es\/wp-content\/uploads\/2023\/12\/Urna_de_laton_HU-177-300x300.jpg 300w, https:\/\/camero.es\/wp-content\/uploads\/2023\/12\/Urna_de_laton_HU-177-150x150.jpg 150w\" sizes=\"auto, (max-width: 354px) 100vw, 354px\" \/>\t\t\t\t\t\t\t\t\t\t\t<\/div>\n\t\t\t<\/a>\t\t<\/div>\n\n\t\t<div class=\"box-text text-center\" style=\"background-color:rgb(255, 255, 255);padding:20px 5% 20px 5%;\">\n\t\t\t<div class=\"box-text-inner\">\n\t\t\t\t\n\t<div id=\"text-4239204484\" class=\"text\">\n\t\t\n<h3>FUNERAL URNS<\/h3>\n<p>\u00a0<\/p>\n<p><span style=\"font-size: 120%;\">We have a wide range of urns and reliquaries.<\/span><\/p>\n\t\t\n<style>\n#text-4239204484 {\n  font-size: 0.9rem;\n  line-height: 1.6;\n}\n<\/style>\n\t<\/div>\n\t\n<a href=\"https:\/\/camero.es\/en\/funerary-urnas-in-malaga\/\" class=\"button primary is-underline\" >\n\t\t<span>See More<\/span>\n\t<\/a>\n\n\t\t\t<\/div>\n\t\t<\/div>\n\t<\/div>\n\t\n\t\t<\/div>\n\t\t\t\t\t<\/div>\n\n\t\n\n\t<div id=\"col-74619355\" class=\"col medium-4 small-12 large-4\"  >\n\t\t\t\t<div class=\"col-inner\"  >\n\t\t\t\n\t\t\t\n\t<div class=\"box has-hover   has-hover box-push box-text-bottom\" >\n\n\t\t<div class=\"box-image\" >\n\t\t\t<a href=\"#\" >\t\t\t<div class=\"image-zoom image-cover\" style=\"padding-top:70%;\">\n\t\t\t\t<img loading=\"lazy\" decoding=\"async\" width=\"364\" height=\"364\" src=\"https:\/\/camero.es\/wp-content\/uploads\/2023\/12\/COLGANTE_CORAZON_ORO_PLATA_CON_PIEDRA_AZUL.jpg\" class=\"attachment- size-\" alt=\"\" srcset=\"https:\/\/camero.es\/wp-content\/uploads\/2023\/12\/COLGANTE_CORAZON_ORO_PLATA_CON_PIEDRA_AZUL.jpg 364w, https:\/\/camero.es\/wp-content\/uploads\/2023\/12\/COLGANTE_CORAZON_ORO_PLATA_CON_PIEDRA_AZUL-300x300.jpg 300w, https:\/\/camero.es\/wp-content\/uploads\/2023\/12\/COLGANTE_CORAZON_ORO_PLATA_CON_PIEDRA_AZUL-150x150.jpg 150w\" sizes=\"auto, (max-width: 364px) 100vw, 364px\" \/>\t\t\t\t\t\t\t\t\t\t\t<\/div>\n\t\t\t<\/a>\t\t<\/div>\n\n\t\t<div class=\"box-text text-center\" style=\"background-color:rgb(255, 255, 255);padding:20px 5% 20px 5%;\">\n\t\t\t<div class=\"box-text-inner\">\n\t\t\t\t\n\t<div id=\"text-1617777515\" class=\"text\">\n\t\t\n<h3>PENDANTS FOR ASHES<\/h3>\n<p>\u00a0<\/p>\n<p><span style=\"font-size: 120%;\">We have a wide range of pendants for ashes.<\/span><\/p>\n\t\t\n<style>\n#text-1617777515 {\n  font-size: 0.9rem;\n  line-height: 1.6;\n}\n<\/style>\n\t<\/div>\n\t\n<a href=\"https:\/\/camero.es\/en\/pendants-for-ashes-in-malaga\/\" class=\"button primary is-underline\" >\n\t\t<span>See More<\/span>\n\t<\/a>\n\n\t\t\t<\/div>\n\t\t<\/div>\n\t<\/div>\n\t\n\t\t<\/div>\n\t\t\t\t\t<\/div>\n\n\t\n\n\t<div id=\"col-1190641829\" class=\"col medium-4 small-12 large-4\"  >\n\t\t\t\t<div class=\"col-inner\"  >\n\t\t\t\n\t\t\t\n\t<div class=\"box has-hover   has-hover box-push box-text-bottom\" >\n\n\t\t<div class=\"box-image\" >\n\t\t\t<a href=\"#\" >\t\t\t<div class=\"image-zoom image-cover\" style=\"padding-top:70%;\">\n\t\t\t\t<img loading=\"lazy\" decoding=\"async\" width=\"800\" height=\"533\" src=\"https:\/\/camero.es\/wp-content\/uploads\/2023\/12\/Funeraria_Camero_plan_medium.jpg\" class=\"attachment- size-\" alt=\"\" srcset=\"https:\/\/camero.es\/wp-content\/uploads\/2023\/12\/Funeraria_Camero_plan_medium.jpg 800w, https:\/\/camero.es\/wp-content\/uploads\/2023\/12\/Funeraria_Camero_plan_medium-300x200.jpg 300w, https:\/\/camero.es\/wp-content\/uploads\/2023\/12\/Funeraria_Camero_plan_medium-768x512.jpg 768w\" sizes=\"auto, (max-width: 800px) 100vw, 800px\" \/>\t\t\t\t\t\t\t\t\t\t\t<\/div>\n\t\t\t<\/a>\t\t<\/div>\n\n\t\t<div class=\"box-text text-center\" style=\"background-color:rgb(255, 255, 255);padding:20px 5% 20px 5%;\">\n\t\t\t<div class=\"box-text-inner\">\n\t\t\t\t\n\t<div id=\"text-1570173641\" class=\"text\">\n\t\t\n<h3>CROWNS<\/h3>\n<p>\u00a0<\/p>\n<p><span style=\"font-size: 120%;\">We have a team of professionals who work every day on the art of flowers.<\/span><\/p>\n\t\t\n<style>\n#text-1570173641 {\n  font-size: 0.9rem;\n  line-height: 1.6;\n}\n<\/style>\n\t<\/div>\n\t\n<a href=\"https:\/\/camero.es\/en\/funerary-crowns-in-malaga\/\" class=\"button primary is-underline\" >\n\t\t<span>See More<\/span>\n\t<\/a>\n\n\t\t\t<\/div>\n\t\t<\/div>\n\t<\/div>\n\t\n\t\t<\/div>\n\t\t\t\t\t<\/div>\n\n\t\n\n<style>\n#row-2006141483 > .col > .col-inner {\n  background-color: rgb(255,255,255);\n}\n<\/style>\n<\/div>\n\t\t<\/div>\n\n\t\t\n<style>\n#section_427143927 {\n  padding-top: 50px;\n  padding-bottom: 50px;\n  background-color: rgb(244, 244, 244);\n}\n<\/style>\n\t<\/section>\n\t\n\n\t<section class=\"section dark\" id=\"section_1694109757\">\n\t\t<div class=\"section-bg fill\" >\n\t\t\t<img loading=\"lazy\" decoding=\"async\" width=\"1920\" height=\"729\" src=\"https:\/\/camero.es\/wp-content\/uploads\/2023\/12\/oficinas_camero_funeraria.jpg\" class=\"bg attachment- size-\" alt=\"oficinas_camero_funeraria\" \/>\t\t\t\t\t\t<div class=\"section-bg-overlay absolute fill\"><\/div>\n\t\t\t\n\n\t\t<\/div>\n\n\t\t\n\n\t\t<div class=\"section-content relative\">\n\t\t\t\n<div class=\"row\"  id=\"row-536114509\">\n\n\t<div id=\"col-356919684\" class=\"col medium-11 small-12 large-11\"  >\n\t\t\t\t<div class=\"col-inner\"  >\n\t\t\t\n\t\t\t\n\t<div id=\"gap-539203481\" class=\"gap-element clearfix\" style=\"display:block; height:auto;\">\n\t\t\n<style>\n#gap-539203481 {\n  padding-top: 60px;\n}\n<\/style>\n\t<\/div>\n\t\n<p style=\"text-align: center;\"><span style=\"font-size: 250%;\">You can ask us for all the information you need about the services we provide.<\/span><\/p>\n<hr \/>\n<p style=\"text-align: center;\"><a href=\"https:\/\/camero.es\/en\/contact\/\"><strong><span style=\"text-decoration: underline; font-size: 250%;\">ASK US<\/span><\/strong><\/a><\/p>\n\t<div id=\"gap-1073586494\" class=\"gap-element clearfix\" style=\"display:block; height:auto;\">\n\t\t\n<style>\n#gap-1073586494 {\n  padding-top: 60px;\n}\n<\/style>\n\t<\/div>\n\t\n\t\t<\/div>\n\t\t\t\t\t<\/div>\n\n\t\n<\/div>\n\t\t<\/div>\n\n\t\t\n<style>\n#section_1694109757 {\n  padding-top: 30px;\n  padding-bottom: 30px;\n}\n#section_1694109757 .section-bg-overlay {\n  background-color: rgba(0, 0, 0, 0.541);\n}\n#section_1694109757 .section-bg img {\n  object-position: 32% 0%;\n}\n<\/style>\n\t<\/section>\n\t\n","protected":false},"excerpt":{"rendered":"","protected":false},"author":1,"featured_media":0,"parent":0,"menu_order":0,"comment_status":"closed","ping_status":"closed","template":"page-transparent-header-light.php","meta":{"_joinchat":[],"footnotes":""},"class_list":["post-1002","page","type-page","status-publish","hentry"],"yoast_head":"<!-- This site is optimized with the Yoast SEO plugin v27.3 - https:\/\/yoast.com\/product\/yoast-seo-wordpress\/ -->\n<title>Funeral Services in Malaga | Camero Funeral Homes<\/title>\n<meta name=\"description\" content=\"Funeral services in Malaga. Funeral home Camero, Cremation, burial, transfers, maintenance of niches and tombstones. Consult us!!\" \/>\n<meta name=\"robots\" content=\"index, follow, max-snippet:-1, max-image-preview:large, max-video-preview:-1\" \/>\n<link rel=\"canonical\" href=\"https:\/\/camero.es\/en\/funeral-services\/\" \/>\n<meta property=\"og:locale\" content=\"en_US\" \/>\n<meta property=\"og:type\" content=\"article\" \/>\n<meta property=\"og:title\" content=\"Funeral Services in Malaga | Camero Funeral Homes\" \/>\n<meta property=\"og:description\" content=\"Funeral services in Malaga. Funeral home Camero, Cremation, burial, transfers, maintenance of niches and tombstones. Consult us!!\" \/>\n<meta property=\"og:url\" content=\"https:\/\/camero.es\/en\/funeral-services\/\" \/>\n<meta property=\"og:site_name\" content=\"Funeraria en M\u00e1laga, Funeraria Camero\" \/>\n<meta property=\"article:modified_time\" content=\"2023-12-18T17:31:15+00:00\" \/>\n<meta name=\"twitter:card\" content=\"summary_large_image\" \/>\n<meta name=\"twitter:label1\" content=\"Est. reading time\" \/>\n\t<meta name=\"twitter:data1\" content=\"2 minutes\" \/>\n<script type=\"application\/ld+json\" class=\"yoast-schema-graph\">{\"@context\":\"https:\\\/\\\/schema.org\",\"@graph\":[{\"@type\":\"WebPage\",\"@id\":\"https:\\\/\\\/camero.es\\\/en\\\/funeral-services\\\/\",\"url\":\"https:\\\/\\\/camero.es\\\/en\\\/funeral-services\\\/\",\"name\":\"Funeral Services in Malaga | Camero Funeral Homes\",\"isPartOf\":{\"@id\":\"https:\\\/\\\/camero.es\\\/en\\\/#website\"},\"datePublished\":\"2023-12-07T18:10:20+00:00\",\"dateModified\":\"2023-12-18T17:31:15+00:00\",\"description\":\"Funeral services in Malaga. Funeral home Camero, Cremation, burial, transfers, maintenance of niches and tombstones. Consult us!!\",\"breadcrumb\":{\"@id\":\"https:\\\/\\\/camero.es\\\/en\\\/funeral-services\\\/#breadcrumb\"},\"inLanguage\":\"en-US\",\"potentialAction\":[{\"@type\":\"ReadAction\",\"target\":[\"https:\\\/\\\/camero.es\\\/en\\\/funeral-services\\\/\"]}]},{\"@type\":\"BreadcrumbList\",\"@id\":\"https:\\\/\\\/camero.es\\\/en\\\/funeral-services\\\/#breadcrumb\",\"itemListElement\":[{\"@type\":\"ListItem\",\"position\":1,\"name\":\"Portada\",\"item\":\"https:\\\/\\\/camero.es\\\/en\\\/\"},{\"@type\":\"ListItem\",\"position\":2,\"name\":\"Funeral Services\"}]},{\"@type\":\"WebSite\",\"@id\":\"https:\\\/\\\/camero.es\\\/en\\\/#website\",\"url\":\"https:\\\/\\\/camero.es\\\/en\\\/\",\"name\":\"Funerarias en M\u00e1laga, Funeraria Camero\",\"description\":\"Servicios funerarios en M\u00e1laga, Benalm\u00e1dena, Fuengirola, Mijas, Marbella y Torremolinos\",\"publisher\":{\"@id\":\"https:\\\/\\\/camero.es\\\/en\\\/#organization\"},\"potentialAction\":[{\"@type\":\"SearchAction\",\"target\":{\"@type\":\"EntryPoint\",\"urlTemplate\":\"https:\\\/\\\/camero.es\\\/en\\\/?s={search_term_string}\"},\"query-input\":{\"@type\":\"PropertyValueSpecification\",\"valueRequired\":true,\"valueName\":\"search_term_string\"}}],\"inLanguage\":\"en-US\"},{\"@type\":\"Organization\",\"@id\":\"https:\\\/\\\/camero.es\\\/en\\\/#organization\",\"name\":\"Funerarias en M\u00e1laga, Funeraria Camero\",\"url\":\"https:\\\/\\\/camero.es\\\/en\\\/\",\"logo\":{\"@type\":\"ImageObject\",\"inLanguage\":\"en-US\",\"@id\":\"https:\\\/\\\/camero.es\\\/en\\\/#\\\/schema\\\/logo\\\/image\\\/\",\"url\":\"https:\\\/\\\/camero.es\\\/wp-content\\\/uploads\\\/2023\\\/12\\\/Camero1-2.png\",\"contentUrl\":\"https:\\\/\\\/camero.es\\\/wp-content\\\/uploads\\\/2023\\\/12\\\/Camero1-2.png\",\"width\":3506,\"height\":1090,\"caption\":\"Funerarias en M\u00e1laga, Funeraria Camero\"},\"image\":{\"@id\":\"https:\\\/\\\/camero.es\\\/en\\\/#\\\/schema\\\/logo\\\/image\\\/\"}}]}<\/script>\n<!-- \/ Yoast SEO plugin. -->","yoast_head_json":{"title":"Funeral Services in Malaga | Camero Funeral Homes","description":"Funeral services in Malaga. Funeral home Camero, Cremation, burial, transfers, maintenance of niches and tombstones. Consult us!!","robots":{"index":"index","follow":"follow","max-snippet":"max-snippet:-1","max-image-preview":"max-image-preview:large","max-video-preview":"max-video-preview:-1"},"canonical":"https:\/\/camero.es\/en\/funeral-services\/","og_locale":"en_US","og_type":"article","og_title":"Funeral Services in Malaga | Camero Funeral Homes","og_description":"Funeral services in Malaga. Funeral home Camero, Cremation, burial, transfers, maintenance of niches and tombstones. Consult us!!","og_url":"https:\/\/camero.es\/en\/funeral-services\/","og_site_name":"Funeraria en M\u00e1laga, Funeraria Camero","article_modified_time":"2023-12-18T17:31:15+00:00","twitter_card":"summary_large_image","twitter_misc":{"Est. reading time":"2 minutes"},"schema":{"@context":"https:\/\/schema.org","@graph":[{"@type":"WebPage","@id":"https:\/\/camero.es\/en\/funeral-services\/","url":"https:\/\/camero.es\/en\/funeral-services\/","name":"Funeral Services in Malaga | Camero Funeral Homes","isPartOf":{"@id":"https:\/\/camero.es\/en\/#website"},"datePublished":"2023-12-07T18:10:20+00:00","dateModified":"2023-12-18T17:31:15+00:00","description":"Funeral services in Malaga. Funeral home Camero, Cremation, burial, transfers, maintenance of niches and tombstones. Consult us!!","breadcrumb":{"@id":"https:\/\/camero.es\/en\/funeral-services\/#breadcrumb"},"inLanguage":"en-US","potentialAction":[{"@type":"ReadAction","target":["https:\/\/camero.es\/en\/funeral-services\/"]}]},{"@type":"BreadcrumbList","@id":"https:\/\/camero.es\/en\/funeral-services\/#breadcrumb","itemListElement":[{"@type":"ListItem","position":1,"name":"Portada","item":"https:\/\/camero.es\/en\/"},{"@type":"ListItem","position":2,"name":"Funeral Services"}]},{"@type":"WebSite","@id":"https:\/\/camero.es\/en\/#website","url":"https:\/\/camero.es\/en\/","name":"Funerarias en M\u00e1laga, Funeraria Camero","description":"Servicios funerarios en M\u00e1laga, Benalm\u00e1dena, Fuengirola, Mijas, Marbella y Torremolinos","publisher":{"@id":"https:\/\/camero.es\/en\/#organization"},"potentialAction":[{"@type":"SearchAction","target":{"@type":"EntryPoint","urlTemplate":"https:\/\/camero.es\/en\/?s={search_term_string}"},"query-input":{"@type":"PropertyValueSpecification","valueRequired":true,"valueName":"search_term_string"}}],"inLanguage":"en-US"},{"@type":"Organization","@id":"https:\/\/camero.es\/en\/#organization","name":"Funerarias en M\u00e1laga, Funeraria Camero","url":"https:\/\/camero.es\/en\/","logo":{"@type":"ImageObject","inLanguage":"en-US","@id":"https:\/\/camero.es\/en\/#\/schema\/logo\/image\/","url":"https:\/\/camero.es\/wp-content\/uploads\/2023\/12\/Camero1-2.png","contentUrl":"https:\/\/camero.es\/wp-content\/uploads\/2023\/12\/Camero1-2.png","width":3506,"height":1090,"caption":"Funerarias en M\u00e1laga, Funeraria Camero"},"image":{"@id":"https:\/\/camero.es\/en\/#\/schema\/logo\/image\/"}}]}},"_links":{"self":[{"href":"https:\/\/camero.es\/en\/wp-json\/wp\/v2\/pages\/1002","targetHints":{"allow":["GET"]}}],"collection":[{"href":"https:\/\/camero.es\/en\/wp-json\/wp\/v2\/pages"}],"about":[{"href":"https:\/\/camero.es\/en\/wp-json\/wp\/v2\/types\/page"}],"author":[{"embeddable":true,"href":"https:\/\/camero.es\/en\/wp-json\/wp\/v2\/users\/1"}],"replies":[{"embeddable":true,"href":"https:\/\/camero.es\/en\/wp-json\/wp\/v2\/comments?post=1002"}],"version-history":[{"count":27,"href":"https:\/\/camero.es\/en\/wp-json\/wp\/v2\/pages\/1002\/revisions"}],"predecessor-version":[{"id":1248,"href":"https:\/\/camero.es\/en\/wp-json\/wp\/v2\/pages\/1002\/revisions\/1248"}],"wp:attachment":[{"href":"https:\/\/camero.es\/en\/wp-json\/wp\/v2\/media?parent=1002"}],"curies":[{"name":"wp","href":"https:\/\/api.w.org\/{rel}","templated":true}]}}