{"id":10225,"date":"2026-02-22T10:28:33","date_gmt":"2026-02-22T10:28:33","guid":{"rendered":"https:\/\/camero.es\/cremacion-de-restos-en-estepona\/"},"modified":"2026-02-22T17:53:37","modified_gmt":"2026-02-22T17:53:37","slug":"cremation-of-remains-in-estepona","status":"publish","type":"page","link":"https:\/\/camero.es\/en\/cremation-of-remains-in-estepona\/","title":{"rendered":"Cremation of Remains in Estepona"},"content":{"rendered":"\n\t<section class=\"section has-parallax\" id=\"section_1536443839\">\n\t\t<div class=\"section-bg fill\" data-parallax-container=\".section\" data-parallax-background data-parallax=\"-8\">\n\t\t\t<img loading=\"lazy\" decoding=\"async\" width=\"1536\" height=\"584\" src=\"https:\/\/camero.es\/wp-content\/uploads\/2023\/12\/Cementerio_internacional_benalmadena-1536x584.jpg\" class=\"bg attachment-1536x1536 size-1536x1536\" alt=\"Cementerio Internacional Benalmadena\" \/>\t\t\t\t\t\t<div class=\"section-bg-overlay absolute fill\"><\/div>\n\t\t\t\n\n\t\t<\/div>\n\n\t\t\n\n\t\t<div class=\"section-content relative\">\n\t\t\t\n<div class=\"row\"  id=\"row-2018520760\">\n\n\t<div id=\"col-298815061\" class=\"col medium-8 small-12 large-6\"  >\n\t\t\t\t<div class=\"col-inner\"  >\n\t\t\t\n\t\t\t\n\t<div id=\"gap-262171742\" class=\"gap-element clearfix\" style=\"display:block; height:auto;\">\n\t\t\n<style>\n#gap-262171742 {\n  padding-top: 60px;\n}\n<\/style>\n\t<\/div>\n\t\n<h1 style=\"font-size: 250%;\"><span style=\"color: #f7eded;\">Cremation of Remains in Estepona<\/span><\/h1>\n<div id=\"gtx-trans\" style=\"position: absolute; left: 535px; top: 78.6562px;\">\n<div class=\"gtx-trans-icon\">\u00a0<\/div>\n<\/div>\n<a href=\"https:\/\/camero.es\/contacto\/\" target=\"_blank\" class=\"button primary\" rel=\"noopener\" style=\"border-radius:4px;\">\n\t\t<span>SOLICITA INFORMACI\u00d3N<\/span>\n\t<\/a>\n\n\t\t<\/div>\n\t\t\t\t\n<style>\n#col-298815061 > .col-inner {\n  padding: 20px 0px 0px 0px;\n}\n<\/style>\n\t<\/div>\n\n\t\n<\/div>\n\t\t<\/div>\n\n\t\t\n<style>\n#section_1536443839 {\n  padding-top: 80px;\n  padding-bottom: 80px;\n}\n#section_1536443839 .section-bg-overlay {\n  background-color: rgba(0,0,0,.5);\n}\n#section_1536443839 .section-bg img {\n  object-position: 50% 93%;\n}\n<\/style>\n\t<\/section>\n\t\n\n\t<section class=\"section\" id=\"section_196678540\">\n\t\t<div class=\"section-bg fill\" >\n\t\t\t\t\t\t\t\t\t\n\t\t\t\n\n\t\t<\/div>\n\n\t\t\n\n\t\t<div class=\"section-content relative\">\n\t\t\t\n<div class=\"row align-center\"  id=\"row-1810812901\">\n\n\t<div id=\"col-1944445579\" class=\"col small-12 large-12\"  >\n\t\t\t\t<div class=\"col-inner text-center\"  >\n\t\t\t\n\t\t\t\n<h2 style=\"text-align: left;\"><span style=\"font-size: 110%;\">Cremation of Remains in Estepona: A Dignified and Comprehensive Service<\/span><\/h2>\n<p style=\"text-align: left;\"><span style=\"font-size: 105%;\">During times of transition and remembrance, managing the remains of a loved one after many years can be a delicate process. At <strong>Funeraria Camero<\/strong>, we deeply understand these moments and strive to offer a service for the <strong>cremation of remains in Estepona<\/strong> that is dignified, professional, and straightforward for families. With a solid reputation across the Costa del Sol, we provide a full solution including legal advice, transfer, cremation, and the delivery of the urn.<\/span><\/p>\n<h3 style=\"text-align: left;\"><span style=\"font-size: 105%;\">A Service Tailored to Estepona\u2019s Needs<\/span><\/h3>\n<p style=\"text-align: left;\"><span style=\"font-size: 105%;\">The need for the <strong>cremation of remains in Estepona<\/strong> often arises when families wish to relocate remains that have been at the Estepona Municipal Cemetery (Santo Cristo de la Vera Cruz) or the Padr\u00f3n area cemetery for several years. Whether it is to consolidate family burial plots, move ashes to a columbarium, or fulfill a personal wish for scattering, our team is here to support you.<\/span><\/p>\n<p style=\"text-align: left;\"><span style=\"font-size: 105%;\">Our staff is fully expert in Estepona Town Hall local regulations, ensuring every step is carried out with full legal compliance and respect.<\/span><\/p>\n\t<div id=\"gap-1188797573\" class=\"gap-element clearfix\" style=\"display:block; height:auto;\">\n\t\t\n<style>\n#gap-1188797573 {\n  padding-top: 30px;\n}\n<\/style>\n\t<\/div>\n\t\n\t\t<\/div>\n\t\t\t\t\t<\/div>\n\n\t\n<\/div>\n<div class=\"container section-title-container\" ><h3 class=\"section-title section-title-normal\"><b aria-hidden=\"true\"><\/b><span class=\"section-title-main\" >Why Choose Funeraria Camero in Estepona?<\/span><b aria-hidden=\"true\"><\/b><\/h3><\/div>\n<div class=\"row\"  id=\"row-499644951\">\n\n\t<div id=\"col-1774941823\" class=\"col small-12 large-12\"  >\n\t\t\t\t<div class=\"col-inner\"  >\n\t\t\t\n\t\t\t\n<p><span style=\"font-size: 110%;\">Trust is paramount in these moments. Our cremation service in Estepona provides:<\/span><\/p>\n<div id=\"gtx-trans\" style=\"position: absolute; left: 570px; top: 34.3984px;\">\n<div class=\"gtx-trans-icon\">\u00a0<\/div>\n<\/div>\n\t\t<\/div>\n\t\t\t\t\t<\/div>\n\n\t\n<\/div>\n<div class=\"row row-large align-center\"  id=\"row-1858983828\">\n\n\t<div id=\"col-1852255844\" class=\"col medium-4 small-12 large-4\"  >\n\t\t\t\t<div class=\"col-inner\"  >\n\t\t\t\n\t\t\t\n\n\t\t<div class=\"icon-box featured-box icon-sets icon-box-left text-left\"  style=\"margin:0px 0px 10px 0px;\">\n\t\t\t\t\t<div class=\"icon-box-img\" style=\"width: 60px\">\n\t\t\t\t<div class=\"icon\">\n\t\t\t\t\t<div class=\"icon-inner\" style=\"color:rgb(248, 149, 29);\">\n\t\t\t\t\t\t<img loading=\"lazy\" decoding=\"async\" width=\"60\" height=\"60\" src=\"https:\/\/camero.es\/wp-content\/uploads\/2023\/12\/Traslados.png\" class=\"attachment-medium size-medium\" alt=\"\" \/>\t\t\t\t\t<\/div>\n\t\t\t\t<\/div>\n\t\t\t<\/div>\n\t\t\t\t<div class=\"icon-box-text last-reset\">\n\t\t\t\t\t\t\t\t\t\n<h4>\u2022\tTransfer from Estepona Cemeteries<\/h4>\n\t\t<\/div>\n\t<\/div>\n\t\n\t\n<p><span style=\"font-size: 105%;\">We manage the exhumation and secure transfer from any graveyard in Estepona to our facilities.<\/span><\/p>\n<div id=\"gtx-trans\" style=\"position: absolute; left: -12px; top: -11.1016px;\">\n<div class=\"gtx-trans-icon\">\u00a0<\/div>\n<\/div>\n\t\t<\/div>\n\t\t\t\t\t<\/div>\n\n\t\n\n\t<div id=\"col-1273733862\" class=\"col medium-4 small-12 large-4\"  >\n\t\t\t\t<div class=\"col-inner\"  >\n\t\t\t\n\t\t\t\n\n\t\t<div class=\"icon-box featured-box icon-sets icon-box-left text-left\"  style=\"margin:0px 0px 10px 0px;\">\n\t\t\t\t\t<div class=\"icon-box-img\" style=\"width: 60px\">\n\t\t\t\t<div class=\"icon\">\n\t\t\t\t\t<div class=\"icon-inner\" style=\"color:rgb(248, 149, 29);\">\n\t\t\t\t\t\t<img loading=\"lazy\" decoding=\"async\" width=\"60\" height=\"60\" src=\"https:\/\/camero.es\/wp-content\/uploads\/2025\/07\/Cremacion_60.png\" class=\"attachment-medium size-medium\" alt=\"\" \/>\t\t\t\t\t<\/div>\n\t\t\t\t<\/div>\n\t\t\t<\/div>\n\t\t\t\t<div class=\"icon-box-text last-reset\">\n\t\t\t\t\t\t\t\t\t\n<h4>\u2022\tProfessional and Dignified Process<\/h4>\n<div id=\"gtx-trans\" style=\"position: absolute; left: -19px; top: 39.1484px;\">\n<div class=\"gtx-trans-icon\">\u00a0<\/div>\n<\/div>\n\t\t<\/div>\n\t<\/div>\n\t\n\t\n<p><span style=\"font-size: 105%;\">The cremation is conducted under the strictest standards of care and respect.<\/span><\/p>\n<div id=\"gtx-trans\" style=\"position: absolute; left: -11px; top: 34.3984px;\">\n<div class=\"gtx-trans-icon\">\u00a0<\/div>\n<\/div>\n\t\t<\/div>\n\t\t\t\t\t<\/div>\n\n\t\n\n\t<div id=\"col-1983661561\" class=\"col medium-4 small-12 large-4\"  >\n\t\t\t\t<div class=\"col-inner\"  >\n\t\t\t\n\t\t\t\n\n\t\t<div class=\"icon-box featured-box icon-sets icon-box-left text-left\"  style=\"margin:0px 0px 10px 0px;\">\n\t\t\t\t\t<div class=\"icon-box-img\" style=\"width: 60px\">\n\t\t\t\t<div class=\"icon\">\n\t\t\t\t\t<div class=\"icon-inner\" style=\"color:rgb(248, 149, 29);\">\n\t\t\t\t\t\t<img loading=\"lazy\" decoding=\"async\" width=\"60\" height=\"60\" src=\"https:\/\/camero.es\/wp-content\/uploads\/2025\/07\/urna_funeraria_60.png\" class=\"attachment-medium size-medium\" alt=\"\" \/>\t\t\t\t\t<\/div>\n\t\t\t\t<\/div>\n\t\t\t<\/div>\n\t\t\t\t<div class=\"icon-box-text last-reset\">\n\t\t\t\t\t\t\t\t\t\n<h4><strong>\u2022\tComplete Urn Management: <\/strong><\/h4>\n\t\t<\/div>\n\t<\/div>\n\t\n\t\n<p><span style=\"font-size: 105%;\">After the process, we deliver the ashes in a cinerary urn suitable for their final resting place.<\/span><\/p>\n\t\t<\/div>\n\t\t\t\t\t<\/div>\n\n\t\n<\/div>\n<div class=\"row\"  id=\"row-1226432430\">\n\n\t<div id=\"col-2108602778\" class=\"col medium-3 small-12 large-3\"  >\n\t\t\t\t<div class=\"col-inner\"  >\n\t\t\t\n\t\t\t\n\t\t<\/div>\n\t\t\t\t\t<\/div>\n\n\t\n\n\t<div id=\"col-764750506\" class=\"col medium-6 small-12 large-6\"  >\n\t\t\t\t<div class=\"col-inner\"  >\n\t\t\t\n\t\t\t\n<a href=\"https:\/\/camero.es\/en\/contact\/\" class=\"button primary is-outline is-larger expand\" style=\"border-radius:99px;\">\n\t\t<span>Request Information<\/span>\n\t<\/a>\n\n\t\t<\/div>\n\t\t\t\t\t<\/div>\n\n\t\n\n\t<div id=\"col-1509832493\" class=\"col medium-3 small-12 large-3\"  >\n\t\t\t\t<div class=\"col-inner\"  >\n\t\t\t\n\t\t\t\n\t\t<\/div>\n\t\t\t\t\t<\/div>\n\n\t\n\n<style>\n#row-1226432430 > .col > .col-inner {\n  padding: 0px 0px -60px 0px;\n}\n<\/style>\n<\/div>\n\t\t<\/div>\n\n\t\t\n<style>\n#section_196678540 {\n  padding-top: 80px;\n  padding-bottom: 80px;\n}\n<\/style>\n\t<\/section>\n\t\n\n\t<section class=\"section\" id=\"section_324316194\">\n\t\t<div class=\"section-bg fill\" >\n\t\t\t\t\t\t\t\t\t\n\t\t\t\n\t<div class=\"is-border\"\n\t\tstyle=\"border-width:0px 0px 0px 0px;margin:0px 0px 0px 0px;\">\n\t<\/div>\n\n\t\t<\/div>\n\n\t\t\n\n\t\t<div class=\"section-content relative\">\n\t\t\t\n<div class=\"container section-title-container\" ><h2 class=\"section-title section-title-center\"><b aria-hidden=\"true\"><\/b><span class=\"section-title-main\" style=\"font-size:101%;\">Cremation of Bone Remains in Estepona: A Practical Option<\/span><b aria-hidden=\"true\"><\/b><\/h2><\/div>\n<div class=\"row\"  id=\"row-1027816155\">\n\n\t<div id=\"col-177755432\" class=\"col small-12 large-12\"  >\n\t\t\t\t<div class=\"col-inner\"  >\n\t\t\t\n\t\t\t\n<p><span style=\"font-size: 105%;\">The <strong>cremation of bone remains in Estepona<\/strong> is becoming an increasingly popular choice, allowing families greater flexibility and peace of mind by managing their loved ones&#8217; legacy in a more intimate and manageable way.<\/span><\/p>\n<div id=\"gtx-trans\" style=\"position: absolute; left: -23px; top: -11.1016px;\">\n<div class=\"gtx-trans-icon\">\u00a0<\/div>\n<\/div>\n\t\t<\/div>\n\t\t\t\t\t<\/div>\n\n\t\n<\/div>\n\t\t<\/div>\n\n\t\t\n<style>\n#section_324316194 {\n  padding-top: 30px;\n  padding-bottom: 30px;\n}\n<\/style>\n\t<\/section>\n\t\n\n\t<section class=\"section\" id=\"section_945327409\">\n\t\t<div class=\"section-bg fill\" >\n\t\t\t\t\t\t\t\t\t\n\t\t\t\n\n\t\t<\/div>\n\n\t\t\n\n\t\t<div class=\"section-content relative\">\n\t\t\t\n<div class=\"container section-title-container\" ><h2 class=\"section-title section-title-center\"><b aria-hidden=\"true\"><\/b><span class=\"section-title-main\" style=\"font-size:117%;\">The Cremation Process Step-by-Step<\/span><b aria-hidden=\"true\"><\/b><\/h2><\/div>\n\t<div id=\"gap-1370176838\" class=\"gap-element clearfix\" style=\"display:block; height:auto;\">\n\t\t\n<style>\n#gap-1370176838 {\n  padding-top: 30px;\n}\n<\/style>\n\t<\/div>\n\t\n<div class=\"row row-large align-center\"  id=\"row-1443886131\">\n\n\t<div id=\"col-1687817507\" class=\"col medium-6 small-12 large-6\"  >\n\t\t\t\t<div class=\"col-inner\"  >\n\t\t\t\n\t\t\t\n\n\t\t<div class=\"icon-box featured-box icon-sets icon-box-left text-left\"  style=\"margin:0px 0px 10px 0px;\">\n\t\t\t\t\t<div class=\"icon-box-img\" style=\"width: 60px\">\n\t\t\t\t<div class=\"icon\">\n\t\t\t\t\t<div class=\"icon-inner\" style=\"color:rgb(248, 149, 29);\">\n\t\t\t\t\t\t<img loading=\"lazy\" decoding=\"async\" width=\"60\" height=\"60\" src=\"https:\/\/camero.es\/wp-content\/uploads\/2023\/12\/idiomas.png\" class=\"attachment-medium size-medium\" alt=\"\" \/>\t\t\t\t\t<\/div>\n\t\t\t\t<\/div>\n\t\t\t<\/div>\n\t\t\t\t<div class=\"icon-box-text last-reset\">\n\t\t\t\t\t\t\t\t\t\n<h4>1.\tPersonalized Advice<\/h4>\n<div id=\"gtx-trans\" style=\"position: absolute; left: -19px; top: -11.1016px;\">\n<div class=\"gtx-trans-icon\">\u00a0<\/div>\n<\/div>\n\t\t<\/div>\n\t<\/div>\n\t\n\t\n<p><span style=\"font-size: 105%;\">We inform you about the legal timeframes required in Estepona to proceed with an exhumation.<\/span><\/p>\n<div id=\"gtx-trans\" style=\"position: absolute; left: -12px; top: -11.1016px;\">\n<div class=\"gtx-trans-icon\">\u00a0<\/div>\n<\/div>\n\t\t<\/div>\n\t\t\t\t\t<\/div>\n\n\t\n\n\t<div id=\"col-2145719158\" class=\"col medium-6 small-12 large-6\"  >\n\t\t\t\t<div class=\"col-inner\"  >\n\t\t\t\n\t\t\t\n\n\t\t<div class=\"icon-box featured-box icon-sets icon-box-left text-left\"  style=\"margin:0px 0px 10px 0px;\">\n\t\t\t\t\t<div class=\"icon-box-img\" style=\"width: 51px\">\n\t\t\t\t<div class=\"icon\">\n\t\t\t\t\t<div class=\"icon-inner\" style=\"color:rgb(248, 149, 29);\">\n\t\t\t\t\t\t<img loading=\"lazy\" decoding=\"async\" width=\"60\" height=\"60\" src=\"https:\/\/camero.es\/wp-content\/uploads\/2023\/12\/financiacion.png\" class=\"attachment-medium size-medium\" alt=\"\" \/>\t\t\t\t\t<\/div>\n\t\t\t\t<\/div>\n\t\t\t<\/div>\n\t\t\t\t<div class=\"icon-box-text last-reset\">\n\t\t\t\t\t\t\t\t\t\n<h4>2.\tPermits and Paperwork<\/h4>\n<div id=\"gtx-trans\" style=\"position: absolute; left: -38px; top: 34.3984px;\">\n<div class=\"gtx-trans-icon\">\u00a0<\/div>\n<\/div>\n\t\t<\/div>\n\t<\/div>\n\t\n\t\n<p><span style=\"font-size: 105%;\">We handle all administrative bureaucracy with local and health authorities.<\/span><\/p>\n<div id=\"gtx-trans\" style=\"position: absolute; left: -38px; top: -11.1016px;\">\n<div class=\"gtx-trans-icon\">\u00a0<\/div>\n<\/div>\n\t\t<\/div>\n\t\t\t\t\t<\/div>\n\n\t\n\n\t<div id=\"col-998323758\" class=\"col medium-4 small-12 large-4\"  >\n\t\t\t\t<div class=\"col-inner\"  >\n\t\t\t\n\t\t\t\n\n\t\t<div class=\"icon-box featured-box icon-sets icon-box-left text-left\"  style=\"margin:0px 0px 10px 0px;\">\n\t\t\t\t\t<div class=\"icon-box-img\" style=\"width: 60px\">\n\t\t\t\t<div class=\"icon\">\n\t\t\t\t\t<div class=\"icon-inner\" style=\"color:rgb(248, 149, 29);\">\n\t\t\t\t\t\t<img loading=\"lazy\" decoding=\"async\" width=\"60\" height=\"60\" src=\"https:\/\/camero.es\/wp-content\/uploads\/2023\/12\/Traslados.png\" class=\"attachment-medium size-medium\" alt=\"\" \/>\t\t\t\t\t<\/div>\n\t\t\t\t<\/div>\n\t\t\t<\/div>\n\t\t\t\t<div class=\"icon-box-text last-reset\">\n\t\t\t\t\t\t\t\t\t\n<h4><span style=\"font-size: 105%;\"><strong>3.\tExhumation and Transfer<\/strong><\/span><\/h4>\n<div id=\"gtx-trans\" style=\"position: absolute; left: -28px; top: 34.2812px;\">\n<div class=\"gtx-trans-icon\">\u00a0<\/div>\n<\/div>\n\t\t<\/div>\n\t<\/div>\n\t\n\t\n<p><span style=\"font-size: 105%;\">We carry out the process at the Estepona cemetery with total discretion.<\/span><\/p>\n<div id=\"gtx-trans\" style=\"position: absolute; left: -31px; top: 34.3984px;\">\n<div class=\"gtx-trans-icon\">\u00a0<\/div>\n<\/div>\n\t\t<\/div>\n\t\t\t\t\t<\/div>\n\n\t\n\n\t<div id=\"col-463342556\" class=\"col medium-4 small-12 large-4\"  >\n\t\t\t\t<div class=\"col-inner\"  >\n\t\t\t\n\t\t\t\n\n\t\t<div class=\"icon-box featured-box icon-sets icon-box-left text-left\"  style=\"margin:0px 0px 10px 0px;\">\n\t\t\t\t\t<div class=\"icon-box-img\" style=\"width: 51px\">\n\t\t\t\t<div class=\"icon\">\n\t\t\t\t\t<div class=\"icon-inner\" style=\"color:rgb(248, 149, 29);\">\n\t\t\t\t\t\t<img loading=\"lazy\" decoding=\"async\" width=\"60\" height=\"60\" src=\"https:\/\/camero.es\/wp-content\/uploads\/2025\/07\/Cremacion_60.png\" class=\"attachment-medium size-medium\" alt=\"\" \/>\t\t\t\t\t<\/div>\n\t\t\t\t<\/div>\n\t\t\t<\/div>\n\t\t\t\t<div class=\"icon-box-text last-reset\">\n\t\t\t\t\t\t\t\t\t\n<h4><span style=\"font-size: 105%;\"><strong>Carrying out Cremation<\/strong><\/span><\/h4>\n<div id=\"gtx-trans\" style=\"position: absolute; left: -38px; top: -6.35156px;\">\n<div class=\"gtx-trans-icon\">\u00a0<\/div>\n<\/div>\n\t\t<\/div>\n\t<\/div>\n\t\n\t\n<p><span style=\"font-size: 105%;\">The remains will be cremated in our crematorium following all standards of quality and respect.<\/span><\/p>\n\t\t<\/div>\n\t\t\t\t\t<\/div>\n\n\t\n\n\t<div id=\"col-118787509\" class=\"col medium-4 small-12 large-4\"  >\n\t\t\t\t<div class=\"col-inner\"  >\n\t\t\t\n\t\t\t\n\n\t\t<div class=\"icon-box featured-box icon-sets icon-box-left text-left\"  style=\"margin:0px 0px 10px 0px;\">\n\t\t\t\t\t<div class=\"icon-box-img\" style=\"width: 50px\">\n\t\t\t\t<div class=\"icon\">\n\t\t\t\t\t<div class=\"icon-inner\" style=\"color:rgb(248, 149, 29);\">\n\t\t\t\t\t\t<img loading=\"lazy\" decoding=\"async\" width=\"60\" height=\"60\" src=\"https:\/\/camero.es\/wp-content\/uploads\/2025\/07\/urna_funeraria_60.png\" class=\"attachment-medium size-medium\" alt=\"\" \/>\t\t\t\t\t<\/div>\n\t\t\t\t<\/div>\n\t\t\t<\/div>\n\t\t\t\t<div class=\"icon-box-text last-reset\">\n\t\t\t\t\t\t\t\t\t\n<h4><span style=\"font-size: 105%;\">Delivery of the Urn<\/span><\/h4>\n<div id=\"gtx-trans\" style=\"position: absolute; left: -38px; top: -6.35156px;\">\n<div class=\"gtx-trans-icon\">\u00a0<\/div>\n<\/div>\n\t\t<\/div>\n\t<\/div>\n\t\n\t\n<p><span style=\"font-size: 105%;\">Finally, the urn with the ashes will be delivered to you, accompanied by documentation proving the process.<\/span><\/p>\n\t\t<\/div>\n\t\t\t\t\t<\/div>\n\n\t\n<\/div>\n\t\t<\/div>\n\n\t\t\n<style>\n#section_945327409 {\n  padding-top: 30px;\n  padding-bottom: 30px;\n  background-color: rgb(244, 244, 244);\n}\n<\/style>\n\t<\/section>\n\t\n\n\t<section class=\"section\" id=\"section_2125405033\">\n\t\t<div class=\"section-bg fill\" >\n\t\t\t\t\t\t\t\t\t\n\t\t\t\n\n\t\t<\/div>\n\n\t\t\n\n\t\t<div class=\"section-content relative\">\n\t\t\t\n<div class=\"row\" style=\"max-width:1200px\" id=\"row-1036738667\">\n\n\t<div id=\"col-73766393\" class=\"col small-12 large-12\"  >\n\t\t\t\t<div class=\"col-inner\"  >\n\t\t\t\n\t\t\t\n<h2><span style=\"font-size: 110%;\"><strong>Pricing for Cremation of Remains in Estepona<\/strong><\/span><\/h2>\n<p><span style=\"font-size: 110%;\">At Funeraria Camero, we believe in transparency. We will provide a <strong>fair and detailed quote<\/strong>, guaranteeing a top-quality service accessible to all families in Estepona.<\/span><\/p>\n<p><span style=\"font-size: 110%;\">We are available <strong>24 hours a day, 7 days a week<\/strong>. If you need information regarding the cremation of remains in Estepona, please contact us without obligation.<\/span><\/p>\n<a href=\"https:\/\/camero.es\/en\/contact\/\" class=\"button primary is-outline expand\" style=\"border-radius:10px;\">\n\t\t<span>Ask us your questions<\/span>\n\t<\/a>\n\n\t\t<\/div>\n\t\t\t\t\t<\/div>\n\n\t\n<\/div>\n\t\t<\/div>\n\n\t\t\n<style>\n#section_2125405033 {\n  padding-top: 30px;\n  padding-bottom: 30px;\n}\n<\/style>\n\t<\/section>\n\t\n","protected":false},"excerpt":{"rendered":"","protected":false},"author":1,"featured_media":0,"parent":0,"menu_order":0,"comment_status":"closed","ping_status":"closed","template":"page-transparent-header-light.php","meta":{"_joinchat":[],"footnotes":""},"class_list":["post-10225","page","type-page","status-publish","hentry"],"yoast_head":"<!-- This site is optimized with the Yoast SEO plugin v27.2 - https:\/\/yoast.com\/product\/yoast-seo-wordpress\/ -->\n<title>Cremation of Remains in Estepona | Camero Funeral Home<\/title>\n<meta name=\"description\" content=\"We understand this difficulty, we offer a dignified, respectful and simple cremation service in Estepona for families.\" \/>\n<meta name=\"robots\" content=\"index, follow, max-snippet:-1, max-image-preview:large, max-video-preview:-1\" \/>\n<link rel=\"canonical\" href=\"https:\/\/camero.es\/en\/cremation-of-remains-in-estepona\/\" \/>\n<meta property=\"og:locale\" content=\"en_US\" \/>\n<meta property=\"og:type\" content=\"article\" \/>\n<meta property=\"og:title\" content=\"Cremation of Remains in Estepona | Camero Funeral Home\" \/>\n<meta property=\"og:description\" content=\"We understand this difficulty, we offer a dignified, respectful and simple cremation service in Estepona for families.\" \/>\n<meta property=\"og:url\" content=\"https:\/\/camero.es\/en\/cremation-of-remains-in-estepona\/\" \/>\n<meta property=\"og:site_name\" content=\"Funeraria en M\u00e1laga, Funeraria Camero\" \/>\n<meta property=\"article:modified_time\" content=\"2026-02-22T17:53:37+00:00\" \/>\n<meta name=\"twitter:card\" content=\"summary_large_image\" \/>\n<meta name=\"twitter:label1\" content=\"Est. reading time\" \/>\n\t<meta name=\"twitter:data1\" content=\"4 minutes\" \/>\n<script type=\"application\/ld+json\" class=\"yoast-schema-graph\">{\"@context\":\"https:\/\/schema.org\",\"@graph\":[{\"@type\":\"WebPage\",\"@id\":\"https:\/\/camero.es\/en\/cremation-of-remains-in-estepona\/\",\"url\":\"https:\/\/camero.es\/en\/cremation-of-remains-in-estepona\/\",\"name\":\"Cremation of Remains in Estepona | Camero Funeral Home\",\"isPartOf\":{\"@id\":\"https:\/\/camero.es\/en\/#website\"},\"datePublished\":\"2026-02-22T10:28:33+00:00\",\"dateModified\":\"2026-02-22T17:53:37+00:00\",\"description\":\"We understand this difficulty, we offer a dignified, respectful and simple cremation service in Estepona for families.\",\"breadcrumb\":{\"@id\":\"https:\/\/camero.es\/en\/cremation-of-remains-in-estepona\/#breadcrumb\"},\"inLanguage\":\"en-US\",\"potentialAction\":[{\"@type\":\"ReadAction\",\"target\":[\"https:\/\/camero.es\/en\/cremation-of-remains-in-estepona\/\"]}]},{\"@type\":\"BreadcrumbList\",\"@id\":\"https:\/\/camero.es\/en\/cremation-of-remains-in-estepona\/#breadcrumb\",\"itemListElement\":[{\"@type\":\"ListItem\",\"position\":1,\"name\":\"Portada\",\"item\":\"https:\/\/camero.es\/en\/\"},{\"@type\":\"ListItem\",\"position\":2,\"name\":\"Cremation of Remains in Estepona\"}]},{\"@type\":\"WebSite\",\"@id\":\"https:\/\/camero.es\/en\/#website\",\"url\":\"https:\/\/camero.es\/en\/\",\"name\":\"Funerarias en M\u00e1laga, Funeraria Camero\",\"description\":\"Servicios funerarios en M\u00e1laga, Benalm\u00e1dena, Fuengirola, Mijas, Marbella y Torremolinos\",\"publisher\":{\"@id\":\"https:\/\/camero.es\/en\/#organization\"},\"potentialAction\":[{\"@type\":\"SearchAction\",\"target\":{\"@type\":\"EntryPoint\",\"urlTemplate\":\"https:\/\/camero.es\/en\/?s={search_term_string}\"},\"query-input\":{\"@type\":\"PropertyValueSpecification\",\"valueRequired\":true,\"valueName\":\"search_term_string\"}}],\"inLanguage\":\"en-US\"},{\"@type\":\"Organization\",\"@id\":\"https:\/\/camero.es\/en\/#organization\",\"name\":\"Funerarias en M\u00e1laga, Funeraria Camero\",\"url\":\"https:\/\/camero.es\/en\/\",\"logo\":{\"@type\":\"ImageObject\",\"inLanguage\":\"en-US\",\"@id\":\"https:\/\/camero.es\/en\/#\/schema\/logo\/image\/\",\"url\":\"https:\/\/camero.es\/wp-content\/uploads\/2023\/12\/Camero1-2.png\",\"contentUrl\":\"https:\/\/camero.es\/wp-content\/uploads\/2023\/12\/Camero1-2.png\",\"width\":3506,\"height\":1090,\"caption\":\"Funerarias en M\u00e1laga, Funeraria Camero\"},\"image\":{\"@id\":\"https:\/\/camero.es\/en\/#\/schema\/logo\/image\/\"}}]}<\/script>\n<!-- \/ Yoast SEO plugin. -->","yoast_head_json":{"title":"Cremation of Remains in Estepona | Camero Funeral Home","description":"We understand this difficulty, we offer a dignified, respectful and simple cremation service in Estepona for families.","robots":{"index":"index","follow":"follow","max-snippet":"max-snippet:-1","max-image-preview":"max-image-preview:large","max-video-preview":"max-video-preview:-1"},"canonical":"https:\/\/camero.es\/en\/cremation-of-remains-in-estepona\/","og_locale":"en_US","og_type":"article","og_title":"Cremation of Remains in Estepona | Camero Funeral Home","og_description":"We understand this difficulty, we offer a dignified, respectful and simple cremation service in Estepona for families.","og_url":"https:\/\/camero.es\/en\/cremation-of-remains-in-estepona\/","og_site_name":"Funeraria en M\u00e1laga, Funeraria Camero","article_modified_time":"2026-02-22T17:53:37+00:00","twitter_card":"summary_large_image","twitter_misc":{"Est. reading time":"4 minutes"},"schema":{"@context":"https:\/\/schema.org","@graph":[{"@type":"WebPage","@id":"https:\/\/camero.es\/en\/cremation-of-remains-in-estepona\/","url":"https:\/\/camero.es\/en\/cremation-of-remains-in-estepona\/","name":"Cremation of Remains in Estepona | Camero Funeral Home","isPartOf":{"@id":"https:\/\/camero.es\/en\/#website"},"datePublished":"2026-02-22T10:28:33+00:00","dateModified":"2026-02-22T17:53:37+00:00","description":"We understand this difficulty, we offer a dignified, respectful and simple cremation service in Estepona for families.","breadcrumb":{"@id":"https:\/\/camero.es\/en\/cremation-of-remains-in-estepona\/#breadcrumb"},"inLanguage":"en-US","potentialAction":[{"@type":"ReadAction","target":["https:\/\/camero.es\/en\/cremation-of-remains-in-estepona\/"]}]},{"@type":"BreadcrumbList","@id":"https:\/\/camero.es\/en\/cremation-of-remains-in-estepona\/#breadcrumb","itemListElement":[{"@type":"ListItem","position":1,"name":"Portada","item":"https:\/\/camero.es\/en\/"},{"@type":"ListItem","position":2,"name":"Cremation of Remains in Estepona"}]},{"@type":"WebSite","@id":"https:\/\/camero.es\/en\/#website","url":"https:\/\/camero.es\/en\/","name":"Funerarias en M\u00e1laga, Funeraria Camero","description":"Servicios funerarios en M\u00e1laga, Benalm\u00e1dena, Fuengirola, Mijas, Marbella y Torremolinos","publisher":{"@id":"https:\/\/camero.es\/en\/#organization"},"potentialAction":[{"@type":"SearchAction","target":{"@type":"EntryPoint","urlTemplate":"https:\/\/camero.es\/en\/?s={search_term_string}"},"query-input":{"@type":"PropertyValueSpecification","valueRequired":true,"valueName":"search_term_string"}}],"inLanguage":"en-US"},{"@type":"Organization","@id":"https:\/\/camero.es\/en\/#organization","name":"Funerarias en M\u00e1laga, Funeraria Camero","url":"https:\/\/camero.es\/en\/","logo":{"@type":"ImageObject","inLanguage":"en-US","@id":"https:\/\/camero.es\/en\/#\/schema\/logo\/image\/","url":"https:\/\/camero.es\/wp-content\/uploads\/2023\/12\/Camero1-2.png","contentUrl":"https:\/\/camero.es\/wp-content\/uploads\/2023\/12\/Camero1-2.png","width":3506,"height":1090,"caption":"Funerarias en M\u00e1laga, Funeraria Camero"},"image":{"@id":"https:\/\/camero.es\/en\/#\/schema\/logo\/image\/"}}]}},"_links":{"self":[{"href":"https:\/\/camero.es\/en\/wp-json\/wp\/v2\/pages\/10225","targetHints":{"allow":["GET"]}}],"collection":[{"href":"https:\/\/camero.es\/en\/wp-json\/wp\/v2\/pages"}],"about":[{"href":"https:\/\/camero.es\/en\/wp-json\/wp\/v2\/types\/page"}],"author":[{"embeddable":true,"href":"https:\/\/camero.es\/en\/wp-json\/wp\/v2\/users\/1"}],"replies":[{"embeddable":true,"href":"https:\/\/camero.es\/en\/wp-json\/wp\/v2\/comments?post=10225"}],"version-history":[{"count":6,"href":"https:\/\/camero.es\/en\/wp-json\/wp\/v2\/pages\/10225\/revisions"}],"predecessor-version":[{"id":10234,"href":"https:\/\/camero.es\/en\/wp-json\/wp\/v2\/pages\/10225\/revisions\/10234"}],"wp:attachment":[{"href":"https:\/\/camero.es\/en\/wp-json\/wp\/v2\/media?parent=10225"}],"curies":[{"name":"wp","href":"https:\/\/api.w.org\/{rel}","templated":true}]}}