{"id":4502,"date":"2024-08-25T16:04:07","date_gmt":"2024-08-25T16:04:07","guid":{"rendered":"https:\/\/camero.es\/?page_id=4502"},"modified":"2025-01-09T12:03:42","modified_gmt":"2025-01-09T12:03:42","slug":"funeral-home-in-alhaurin-de-la-torre","status":"publish","type":"page","link":"https:\/\/camero.es\/en\/funeral-home-in-alhaurin-de-la-torre\/","title":{"rendered":"Funeral Home in Alhaur\u00edn de la Torre"},"content":{"rendered":"<div class=\"slider-wrapper relative\" id=\"slider-1582797469\" >\n    <div class=\"slider slider-nav-circle slider-nav-large slider-nav-light slider-style-normal\"\n        data-flickity-options='{\n            \"cellAlign\": \"center\",\n            \"imagesLoaded\": true,\n            \"lazyLoad\": 1,\n            \"freeScroll\": false,\n            \"wrapAround\": true,\n            \"autoPlay\": 6000,\n            \"pauseAutoPlayOnHover\" : true,\n            \"prevNextButtons\": true,\n            \"contain\" : true,\n            \"adaptiveHeight\" : true,\n            \"dragThreshold\" : 10,\n            \"percentPosition\": true,\n            \"pageDots\": true,\n            \"rightToLeft\": false,\n            \"draggable\": true,\n            \"selectedAttraction\": 0.1,\n            \"parallax\" : 0,\n            \"friction\": 0.6        }'\n        >\n        \n\n  <div class=\"banner has-hover\" id=\"banner-11617361\">\n          <div class=\"banner-inner fill\">\n        <div class=\"banner-bg fill\" >\n            <img loading=\"lazy\" decoding=\"async\" width=\"1536\" height=\"768\" src=\"https:\/\/camero.es\/wp-content\/uploads\/2024\/08\/Funeraria_en_Alhaurin_de_la_Torre-1536x768.jpg\" class=\"bg attachment-1536x1536 size-1536x1536\" alt=\"\" \/>                        <div class=\"overlay\"><\/div>            \n                    <\/div>\n\t\t\n        <div class=\"banner-layers container\">\n            <div class=\"fill banner-link\"><\/div>            \n   <div id=\"text-box-1212015652\" class=\"text-box banner-layer x50 md-x50 lg-x50 y50 md-y50 lg-y50 res-text\">\n                                <div class=\"text-box-content text dark\">\n              \n              <div class=\"text-inner text-center\">\n                  \n<h1 class=\"uppercase\"><span style=\"font-size: 90%;\"><strong>FUNERAL HOME IN ALHAURIN DE LA TORRE<\/strong><\/span><\/h1>\n<p class=\"uppercase\"><span style=\"text-decoration: underline; font-size: 250%;\"><em><strong><a href=\"tel:952448171\" data-track-event=\"click\" data-track-action=\"phone_link\">\u00a1Call us!<\/a><\/strong><\/em><\/span><\/p>\n              <\/div>\n           <\/div>\n                            \n<style>\n#text-box-1212015652 {\n  width: 90%;\n}\n#text-box-1212015652 .text-box-content {\n  font-size: 100%;\n}\n<\/style>\n    <\/div>\n \n        <\/div>\n      <\/div>\n\n            \n<style>\n#banner-11617361 {\n  padding-top: 530px;\n}\n#banner-11617361 .overlay {\n  background-color: rgba(0, 0, 0, 0.459);\n}\n#banner-11617361 .banner-bg img {\n  object-position: 51% 32%;\n}\n<\/style>\n  <\/div>\n\n\n     <\/div>\n\n     <div class=\"loading-spin dark large centered\"><\/div>\n\n\t<\/div>\n\n\n\n\t<section class=\"section\" id=\"section_27370631\">\n\t\t<div class=\"section-bg fill\" >\n\t\t\t\t\t\t\t\t\t\n\t\t\t\n\n\t\t<\/div>\n\n\t\t\n\n\t\t<div class=\"section-content relative\">\n\t\t\t\n<div class=\"row\"  id=\"row-791396867\">\n\n\t<div id=\"col-667057355\" class=\"col small-12 large-12\"  >\n\t\t\t\t<div class=\"col-inner\"  >\n\t\t\t\n\t\t\t\n<div class=\"container section-title-container\" ><h2 class=\"section-title section-title-center\"><b aria-hidden=\"true\"><\/b><span class=\"section-title-main\" style=\"font-size:144%;color:rgb(0, 46, 91);\">Do you need a funeral home in Alhaur\u00edn de la Torre?<\/span><b aria-hidden=\"true\"><\/b><\/h2><\/div>\n\t\t<\/div>\n\t\t\t\t\t<\/div>\n\n\t\n\n\t<div id=\"col-42875354\" class=\"col medium-12 small-12 large-7\"  >\n\t\t\t\t<div class=\"col-inner\"  >\n\t\t\t\n\t\t\t\n<div class=\"container section-title-container\" ><h2 class=\"section-title section-title-normal\"><b aria-hidden=\"true\"><\/b><span class=\"section-title-main\" style=\"font-size:86%;color:rgb(0, 46, 91);\">Funeral services in Alhaur\u00edn de la Torre<\/span><b aria-hidden=\"true\"><\/b><\/h2><\/div>\n<p><span style=\"font-size: 110%;\">For more than two centuries, the Camero family has witnessed the passage of time in Benalm\u00e1dena, accompanying entire generations in their most difficult moments. Founded by Francisco Camero Rold\u00e1n, our funeral company has been a pillar of support on the Costa del Sol, transmitting from parents to children a legacy of professionalism, empathy and respect for life. <\/span><\/p>\n<p><span style=\"font-size: 110%;\">Four generations have worked tirelessly to offer a comprehensive and personalized funeral service, adapted to the needs and beliefs of each family. From paperwork to funeral arrangements, our team of highly qualified professionals takes care of every detail, allowing family members to focus on saying goodbye to their loved one. Our long history and experience have made us a benchmark in the funeral sector in Alhaur\u00edn de la Torre and the entire province of M\u00e1laga, where tradition meets innovation to provide a service of excellence.<\/span><\/p>\n\t\t<\/div>\n\t\t\t\t\n<style>\n#col-42875354 > .col-inner {\n  padding: 0px 0px 0px 0;\n}\n@media (min-width:850px) {\n  #col-42875354 > .col-inner {\n    padding: 0px 0px 0px 0%;\n  }\n}\n<\/style>\n\t<\/div>\n\n\t\n\n\t<div id=\"col-2099333208\" class=\"col medium-12 small-12 large-5\"  >\n\t\t\t\t<div class=\"col-inner\"  >\n\t\t\t\n\t\t\t\n\n  <div class=\"banner has-hover\" id=\"banner-858551256\">\n          <div class=\"banner-inner fill\">\n        <div class=\"banner-bg fill\" >\n            <img loading=\"lazy\" decoding=\"async\" width=\"900\" height=\"405\" src=\"https:\/\/camero.es\/wp-content\/uploads\/2023\/12\/Funerarias-Camero-Blog9.jpg\" class=\"bg attachment-large size-large\" alt=\"Servicios funerarios en Alhaurin\" \/>                                    \n\t<div class=\"is-border\"\n\t\tstyle=\"border-width:0px 0px 0px 0px;\">\n\t<\/div>\n                    <\/div>\n\t\t\n        <div class=\"banner-layers container\">\n            <div class=\"fill banner-link\"><\/div>            \n   <div id=\"text-box-2113396145\" class=\"text-box banner-layer x50 md-x50 lg-x50 y50 md-y50 lg-y50 res-text\">\n                                <div class=\"text-box-content text dark\">\n              \n              <div class=\"text-inner text-center\">\n                  \n              <\/div>\n           <\/div>\n                            \n<style>\n#text-box-2113396145 {\n  width: 60%;\n}\n#text-box-2113396145 .text-box-content {\n  font-size: 100%;\n}\n<\/style>\n    <\/div>\n \n        <\/div>\n      <\/div>\n\n            \n<style>\n#banner-858551256 {\n  padding-top: 99.99%;\n  background-color: rgb(255, 255, 255);\n}\n#banner-858551256 .banner-bg img {\n  object-position: 35% 66%;\n}\n@media (min-width:550px) {\n  #banner-858551256 {\n    padding-top: 75%;\n  }\n}\n@media (min-width:850px) {\n  #banner-858551256 {\n    padding-top: 99.99%;\n  }\n}\n<\/style>\n  <\/div>\n\n\n\t\t<\/div>\n\t\t\t\t\t<\/div>\n\n\t\n\n\t<div id=\"col-1091524573\" class=\"col small-12 large-12\"  >\n\t\t\t\t<div class=\"col-inner\"  >\n\t\t\t\n\t\t\t\n<p><span style=\"font-size: 110%;\">At <strong>Funerarias Camero<\/strong>, we understand that each loss is unique and requires special treatment. For this reason, we offer personalized and discreet support at all times, listening to your needs and respecting your wishes. Our commitment is to alleviate the pain of loss and help you overcome this difficult stage. We invite you to visit our facilities and discover why we are one of the oldest and most reliable funeral homes in the province.<\/span><\/p>\n<h2>Your trusted funeral home in Alhaur\u00edn<\/h2>\n<p><span style=\"font-size: 110%;\"><strong>Also in Alhaur\u00edn de la Torre<\/strong>, Funeraria Camero has witnessed the history of our community for generations. With a deep respect for life and tradition, we offer personalized funeral services that accompany families in one of the most difficult times. Our long history has allowed us to forge bonds of trust with our neighbors, providing close and human treatment that goes beyond the professional.<\/span><\/p>\n<p><span style=\"font-size: 110%;\">From organizing the funeral to taking care of the smallest details, our highly skilled team is dedicated to providing impeccable service. We have a wide range of options to personalize each farewell, from choosing the coffin to creating commemorative tombstones. Additionally, our funeral plans offer families peace of mind and security, allowing them to plan ahead for the future..<\/span><\/p>\n<p><span style=\"font-size: 110%;\">At Funeraria Camero, we believe that each farewell is unique and deserves special treatment. That&#8217;s why we bring our services to you, no matter where you are. With extensive coverage as a <strong>funeral home in Alhaur\u00edn de la Torre<\/strong> and surrounding areas, we offer a serene and respectful environment anywhere you need it. Our team of professionals takes care of all the details, so you can focus on saying goodbye to your loved one.<\/span><\/p>\n<p><span style=\"font-size: 110%;\">If you are looking for a <strong>trusted funeral home in Alhaur\u00edn de la Torre<\/strong>, where tradition meets innovation, do not hesitate to count on us. We offer you a comprehensive and personalized service, adapted to your needs and beliefs.<\/span><\/p>\n\t\t<\/div>\n\t\t\t\t\t<\/div>\n\n\t\n<\/div>\n<div class=\"row align-middle\"  id=\"row-945700513\">\n\n\t<div id=\"col-2120600381\" class=\"col small-12 large-12\"  >\n\t\t\t\t<div class=\"col-inner\"  >\n\t\t\t\n\t\t\t\n<h3 class=\"lead\" style=\"text-align: center;\"><span style=\"font-size: 120%; color: #808080;\">Our funeral services cover, in addition to Alhaur\u00edn de la Torre, other towns in the Province of M\u00e1laga, Estepona, Manilva, Ronda, Marbella, Fuengirola, Benalm\u00e1dena, Mijas Torremolinos, Nerja, V\u00e9lez M\u00e1laga, Torre del Mar and Antequera.<\/span>.<\/h3>\n\t\t<\/div>\n\t\t\t\t\t<\/div>\n\n\t\n<\/div>\n\t\t<\/div>\n\n\t\t\n<style>\n#section_27370631 {\n  padding-top: 40px;\n  padding-bottom: 40px;\n}\n@media (min-width:850px) {\n  #section_27370631 {\n    padding-top: 70px;\n    padding-bottom: 70px;\n  }\n}\n<\/style>\n\t<\/section>\n\t\n\n\t<section class=\"section\" id=\"section_1865591710\">\n\t\t<div class=\"section-bg fill\" >\n\t\t\t\t\t\t\t\t\t<div class=\"section-bg-overlay absolute fill\"><\/div>\n\t\t\t\n\n\t\t<\/div>\n\n\t\t\n\n\t\t<div class=\"section-content relative\">\n\t\t\t\n<div class=\"row row-large align-middle align-center row-solid\"  id=\"row-786647517\">\n\n\t<div id=\"col-1152914262\" class=\"col medium-7 small-12 large-7\"  >\n\t\t\t\t<div class=\"col-inner\"  >\n\t\t\t\n\t\t\t\n\t<div class=\"img has-hover x md-x lg-x y md-y lg-y\" id=\"image_965869761\">\n\t\t\t\t\t\t\t\t<div class=\"img-inner image-cover dark\" style=\"padding-top:75%;margin:6px 0px 0px 0px;\">\n\t\t\t<img loading=\"lazy\" decoding=\"async\" width=\"1020\" height=\"387\" src=\"https:\/\/camero.es\/wp-content\/uploads\/2023\/12\/Funerarias_Malaga-1024x389.jpg\" class=\"attachment-large size-large\" alt=\"\" srcset=\"https:\/\/camero.es\/wp-content\/uploads\/2023\/12\/Funerarias_Malaga-1024x389.jpg 1024w, https:\/\/camero.es\/wp-content\/uploads\/2023\/12\/Funerarias_Malaga-300x114.jpg 300w, https:\/\/camero.es\/wp-content\/uploads\/2023\/12\/Funerarias_Malaga-768x292.jpg 768w, https:\/\/camero.es\/wp-content\/uploads\/2023\/12\/Funerarias_Malaga-1536x584.jpg 1536w, https:\/\/camero.es\/wp-content\/uploads\/2023\/12\/Funerarias_Malaga.jpg 1920w\" sizes=\"auto, (max-width: 1020px) 100vw, 1020px\" \/>\t\t\t\t\t\t\t<div class=\"overlay\" style=\"background-color: rgba(27, 2, 2, 0.378)\"><\/div>\n\t\t\t\t\t\t\n\t\t\t\t\t<\/div>\n\t\t\t\t\t\t\t\t\n<style>\n#image_965869761 {\n  width: 100%;\n}\n<\/style>\n\t<\/div>\n\t\n\t\t<\/div>\n\t\t\t\t\t<\/div>\n\n\t\n\n\t<div id=\"col-397255196\" class=\"col medium-5 small-12 large-5\"  >\n\t\t\t\t<div class=\"col-inner\" style=\"background-color:rgb(255,255,255);\" >\n\t\t\t\n\t\t\t\n\n<div class=\"wpcf7 no-js\" id=\"wpcf7-f1331-o1\" lang=\"en-US\" dir=\"ltr\" data-wpcf7-id=\"1331\">\n<div class=\"screen-reader-response\"><p role=\"status\" aria-live=\"polite\" aria-atomic=\"true\"><\/p> <ul><\/ul><\/div>\n<form action=\"\/en\/wp-json\/wp\/v2\/pages\/4502#wpcf7-f1331-o1\" method=\"post\" class=\"wpcf7-form init\" aria-label=\"Contact form\" novalidate=\"novalidate\" data-status=\"init\">\n<fieldset class=\"hidden-fields-container\"><input type=\"hidden\" name=\"_wpcf7\" value=\"1331\" \/><input type=\"hidden\" name=\"_wpcf7_version\" value=\"6.1.5\" \/><input type=\"hidden\" name=\"_wpcf7_locale\" value=\"en_US\" \/><input type=\"hidden\" name=\"_wpcf7_unit_tag\" value=\"wpcf7-f1331-o1\" \/><input type=\"hidden\" name=\"_wpcf7_container_post\" value=\"0\" \/><input type=\"hidden\" name=\"_wpcf7_posted_data_hash\" value=\"\" \/><input type=\"hidden\" name=\"_wpcf7_recaptcha_response\" value=\"\" \/>\n<\/fieldset>\n<div class=\"form-flat\">\n\t<p><span class=\"wpcf7-form-control-wrap\" data-name=\"your-name\"><input size=\"40\" maxlength=\"400\" class=\"wpcf7-form-control wpcf7-text wpcf7-validates-as-required\" aria-required=\"true\" aria-invalid=\"false\" placeholder=\"Your Name (required)\" value=\"\" type=\"text\" name=\"your-name\" \/><\/span><br \/>\n<span class=\"wpcf7-form-control-wrap\" data-name=\"your-email\"><input size=\"40\" maxlength=\"400\" class=\"wpcf7-form-control wpcf7-email wpcf7-validates-as-required wpcf7-text wpcf7-validates-as-email\" aria-required=\"true\" aria-invalid=\"false\" placeholder=\"Your Email (required)\" value=\"\" type=\"email\" name=\"your-email\" \/><\/span>\n\t<\/p>\n\t<p><span class=\"wpcf7-form-control-wrap\" data-name=\"tel-677\"><input size=\"40\" maxlength=\"400\" class=\"wpcf7-form-control wpcf7-tel wpcf7-validates-as-required wpcf7-text wpcf7-validates-as-tel\" aria-required=\"true\" aria-invalid=\"false\" placeholder=\"Phone (required)\" value=\"\" type=\"tel\" name=\"tel-677\" \/><\/span>\n\t<\/p>\n\t<p><span class=\"wpcf7-form-control-wrap\" data-name=\"your-message\"><textarea cols=\"40\" rows=\"10\" maxlength=\"2000\" class=\"wpcf7-form-control wpcf7-textarea\" aria-invalid=\"false\" placeholder=\"Message (required)\" name=\"your-message\"><\/textarea><\/span>\n\t<\/p>\n\t<p><span class=\"wpcf7-form-control-wrap\" data-name=\"acceptance-46\"><span class=\"wpcf7-form-control wpcf7-acceptance\"><span class=\"wpcf7-list-item\"><label><input type=\"checkbox\" name=\"acceptance-46\" value=\"1\" id=\"AceptacionPoliticaPrivacidad\" aria-invalid=\"false\" \/><span class=\"wpcf7-list-item-label\"><a href=\"https:\/\/camero.es\/en\/privacy-policy\/\">I have read and accept the Privacy Policy as well as the processing of my data<\/a><\/span><\/label><\/span><\/span><\/span>\n\t<\/p>\n\t<p><input class=\"wpcf7-form-control wpcf7-submit has-spinner button\" type=\"submit\" value=\"Send\" \/>\n\t<\/p>\n<\/div><div class=\"wpcf7-response-output\" aria-hidden=\"true\"><\/div>\n<\/form>\n<\/div>\n\n\t\t<\/div>\n\t\t\t\t\n<style>\n#col-397255196 > .col-inner {\n  padding: 20px 15px 5px 15px;\n  margin: 0px 0px 0px 0px;\n}\n<\/style>\n\t<\/div>\n\n\t\n<\/div>\n\t\t<\/div>\n\n\t\t\n<style>\n#section_1865591710 {\n  padding-top: 30px;\n  padding-bottom: 30px;\n}\n#section_1865591710 .section-bg-overlay {\n  background-color: rgba(0, 0, 0, 0.721);\n}\n<\/style>\n\t<\/section>\n\t\n","protected":false},"excerpt":{"rendered":"","protected":false},"author":1,"featured_media":0,"parent":0,"menu_order":0,"comment_status":"closed","ping_status":"closed","template":"page-transparent-header.php","meta":{"_joinchat":[],"footnotes":""},"class_list":["post-4502","page","type-page","status-publish","hentry"],"yoast_head":"<!-- This site is optimized with the Yoast SEO plugin v27.3 - https:\/\/yoast.com\/product\/yoast-seo-wordpress\/ -->\n<title>Funeral Home in Alhaur\u00edn de la Torre | Camero funeral services<\/title>\n<meta name=\"description\" content=\"Funerarias Camero, a benchmark in the sector as a funeral home in Alhaur\u00edn de la Torre. Funeral prevention plans. Consult us\" \/>\n<meta name=\"robots\" content=\"index, follow, max-snippet:-1, max-image-preview:large, max-video-preview:-1\" \/>\n<link rel=\"canonical\" href=\"https:\/\/camero.es\/en\/funeral-home-in-alhaurin-de-la-torre\/\" \/>\n<meta property=\"og:locale\" content=\"en_US\" \/>\n<meta property=\"og:type\" content=\"article\" \/>\n<meta property=\"og:title\" content=\"Funeral Home in Alhaur\u00edn de la Torre | Camero funeral services\" \/>\n<meta property=\"og:description\" content=\"Funerarias Camero, a benchmark in the sector as a funeral home in Alhaur\u00edn de la Torre. Funeral prevention plans. Consult us\" \/>\n<meta property=\"og:url\" content=\"https:\/\/camero.es\/en\/funeral-home-in-alhaurin-de-la-torre\/\" \/>\n<meta property=\"og:site_name\" content=\"Funeraria en M\u00e1laga, Funeraria Camero\" \/>\n<meta property=\"article:modified_time\" content=\"2025-01-09T12:03:42+00:00\" \/>\n<meta name=\"twitter:card\" content=\"summary_large_image\" \/>\n<meta name=\"twitter:label1\" content=\"Est. reading time\" \/>\n\t<meta name=\"twitter:data1\" content=\"3 minutes\" \/>\n<script type=\"application\/ld+json\" class=\"yoast-schema-graph\">{\"@context\":\"https:\\\/\\\/schema.org\",\"@graph\":[{\"@type\":\"WebPage\",\"@id\":\"https:\\\/\\\/camero.es\\\/en\\\/funeral-home-in-alhaurin-de-la-torre\\\/\",\"url\":\"https:\\\/\\\/camero.es\\\/en\\\/funeral-home-in-alhaurin-de-la-torre\\\/\",\"name\":\"Funeral Home in Alhaur\u00edn de la Torre | Camero funeral services\",\"isPartOf\":{\"@id\":\"https:\\\/\\\/camero.es\\\/en\\\/#website\"},\"datePublished\":\"2024-08-25T16:04:07+00:00\",\"dateModified\":\"2025-01-09T12:03:42+00:00\",\"description\":\"Funerarias Camero, a benchmark in the sector as a funeral home in Alhaur\u00edn de la Torre. Funeral prevention plans. Consult us\",\"breadcrumb\":{\"@id\":\"https:\\\/\\\/camero.es\\\/en\\\/funeral-home-in-alhaurin-de-la-torre\\\/#breadcrumb\"},\"inLanguage\":\"en-US\",\"potentialAction\":[{\"@type\":\"ReadAction\",\"target\":[\"https:\\\/\\\/camero.es\\\/en\\\/funeral-home-in-alhaurin-de-la-torre\\\/\"]}]},{\"@type\":\"BreadcrumbList\",\"@id\":\"https:\\\/\\\/camero.es\\\/en\\\/funeral-home-in-alhaurin-de-la-torre\\\/#breadcrumb\",\"itemListElement\":[{\"@type\":\"ListItem\",\"position\":1,\"name\":\"Portada\",\"item\":\"https:\\\/\\\/camero.es\\\/en\\\/\"},{\"@type\":\"ListItem\",\"position\":2,\"name\":\"Funeral Home in Alhaur\u00edn de la Torre\"}]},{\"@type\":\"WebSite\",\"@id\":\"https:\\\/\\\/camero.es\\\/en\\\/#website\",\"url\":\"https:\\\/\\\/camero.es\\\/en\\\/\",\"name\":\"Funerarias en M\u00e1laga, Funeraria Camero\",\"description\":\"Servicios funerarios en M\u00e1laga, Benalm\u00e1dena, Fuengirola, Mijas, Marbella y Torremolinos\",\"publisher\":{\"@id\":\"https:\\\/\\\/camero.es\\\/en\\\/#organization\"},\"potentialAction\":[{\"@type\":\"SearchAction\",\"target\":{\"@type\":\"EntryPoint\",\"urlTemplate\":\"https:\\\/\\\/camero.es\\\/en\\\/?s={search_term_string}\"},\"query-input\":{\"@type\":\"PropertyValueSpecification\",\"valueRequired\":true,\"valueName\":\"search_term_string\"}}],\"inLanguage\":\"en-US\"},{\"@type\":\"Organization\",\"@id\":\"https:\\\/\\\/camero.es\\\/en\\\/#organization\",\"name\":\"Funerarias en M\u00e1laga, Funeraria Camero\",\"url\":\"https:\\\/\\\/camero.es\\\/en\\\/\",\"logo\":{\"@type\":\"ImageObject\",\"inLanguage\":\"en-US\",\"@id\":\"https:\\\/\\\/camero.es\\\/en\\\/#\\\/schema\\\/logo\\\/image\\\/\",\"url\":\"https:\\\/\\\/camero.es\\\/wp-content\\\/uploads\\\/2023\\\/12\\\/Camero1-2.png\",\"contentUrl\":\"https:\\\/\\\/camero.es\\\/wp-content\\\/uploads\\\/2023\\\/12\\\/Camero1-2.png\",\"width\":3506,\"height\":1090,\"caption\":\"Funerarias en M\u00e1laga, Funeraria Camero\"},\"image\":{\"@id\":\"https:\\\/\\\/camero.es\\\/en\\\/#\\\/schema\\\/logo\\\/image\\\/\"}}]}<\/script>\n<!-- \/ Yoast SEO plugin. -->","yoast_head_json":{"title":"Funeral Home in Alhaur\u00edn de la Torre | Camero funeral services","description":"Funerarias Camero, a benchmark in the sector as a funeral home in Alhaur\u00edn de la Torre. Funeral prevention plans. Consult us","robots":{"index":"index","follow":"follow","max-snippet":"max-snippet:-1","max-image-preview":"max-image-preview:large","max-video-preview":"max-video-preview:-1"},"canonical":"https:\/\/camero.es\/en\/funeral-home-in-alhaurin-de-la-torre\/","og_locale":"en_US","og_type":"article","og_title":"Funeral Home in Alhaur\u00edn de la Torre | Camero funeral services","og_description":"Funerarias Camero, a benchmark in the sector as a funeral home in Alhaur\u00edn de la Torre. Funeral prevention plans. Consult us","og_url":"https:\/\/camero.es\/en\/funeral-home-in-alhaurin-de-la-torre\/","og_site_name":"Funeraria en M\u00e1laga, Funeraria Camero","article_modified_time":"2025-01-09T12:03:42+00:00","twitter_card":"summary_large_image","twitter_misc":{"Est. reading time":"3 minutes"},"schema":{"@context":"https:\/\/schema.org","@graph":[{"@type":"WebPage","@id":"https:\/\/camero.es\/en\/funeral-home-in-alhaurin-de-la-torre\/","url":"https:\/\/camero.es\/en\/funeral-home-in-alhaurin-de-la-torre\/","name":"Funeral Home in Alhaur\u00edn de la Torre | Camero funeral services","isPartOf":{"@id":"https:\/\/camero.es\/en\/#website"},"datePublished":"2024-08-25T16:04:07+00:00","dateModified":"2025-01-09T12:03:42+00:00","description":"Funerarias Camero, a benchmark in the sector as a funeral home in Alhaur\u00edn de la Torre. Funeral prevention plans. Consult us","breadcrumb":{"@id":"https:\/\/camero.es\/en\/funeral-home-in-alhaurin-de-la-torre\/#breadcrumb"},"inLanguage":"en-US","potentialAction":[{"@type":"ReadAction","target":["https:\/\/camero.es\/en\/funeral-home-in-alhaurin-de-la-torre\/"]}]},{"@type":"BreadcrumbList","@id":"https:\/\/camero.es\/en\/funeral-home-in-alhaurin-de-la-torre\/#breadcrumb","itemListElement":[{"@type":"ListItem","position":1,"name":"Portada","item":"https:\/\/camero.es\/en\/"},{"@type":"ListItem","position":2,"name":"Funeral Home in Alhaur\u00edn de la Torre"}]},{"@type":"WebSite","@id":"https:\/\/camero.es\/en\/#website","url":"https:\/\/camero.es\/en\/","name":"Funerarias en M\u00e1laga, Funeraria Camero","description":"Servicios funerarios en M\u00e1laga, Benalm\u00e1dena, Fuengirola, Mijas, Marbella y Torremolinos","publisher":{"@id":"https:\/\/camero.es\/en\/#organization"},"potentialAction":[{"@type":"SearchAction","target":{"@type":"EntryPoint","urlTemplate":"https:\/\/camero.es\/en\/?s={search_term_string}"},"query-input":{"@type":"PropertyValueSpecification","valueRequired":true,"valueName":"search_term_string"}}],"inLanguage":"en-US"},{"@type":"Organization","@id":"https:\/\/camero.es\/en\/#organization","name":"Funerarias en M\u00e1laga, Funeraria Camero","url":"https:\/\/camero.es\/en\/","logo":{"@type":"ImageObject","inLanguage":"en-US","@id":"https:\/\/camero.es\/en\/#\/schema\/logo\/image\/","url":"https:\/\/camero.es\/wp-content\/uploads\/2023\/12\/Camero1-2.png","contentUrl":"https:\/\/camero.es\/wp-content\/uploads\/2023\/12\/Camero1-2.png","width":3506,"height":1090,"caption":"Funerarias en M\u00e1laga, Funeraria Camero"},"image":{"@id":"https:\/\/camero.es\/en\/#\/schema\/logo\/image\/"}}]}},"_links":{"self":[{"href":"https:\/\/camero.es\/en\/wp-json\/wp\/v2\/pages\/4502","targetHints":{"allow":["GET"]}}],"collection":[{"href":"https:\/\/camero.es\/en\/wp-json\/wp\/v2\/pages"}],"about":[{"href":"https:\/\/camero.es\/en\/wp-json\/wp\/v2\/types\/page"}],"author":[{"embeddable":true,"href":"https:\/\/camero.es\/en\/wp-json\/wp\/v2\/users\/1"}],"replies":[{"embeddable":true,"href":"https:\/\/camero.es\/en\/wp-json\/wp\/v2\/comments?post=4502"}],"version-history":[{"count":6,"href":"https:\/\/camero.es\/en\/wp-json\/wp\/v2\/pages\/4502\/revisions"}],"predecessor-version":[{"id":4508,"href":"https:\/\/camero.es\/en\/wp-json\/wp\/v2\/pages\/4502\/revisions\/4508"}],"wp:attachment":[{"href":"https:\/\/camero.es\/en\/wp-json\/wp\/v2\/media?parent=4502"}],"curies":[{"name":"wp","href":"https:\/\/api.w.org\/{rel}","templated":true}]}}