{"id":937,"date":"2023-12-07T19:20:11","date_gmt":"2023-12-07T19:20:11","guid":{"rendered":"https:\/\/camero.es\/crematorio-en-benalmadena\/"},"modified":"2024-03-04T10:26:18","modified_gmt":"2024-03-04T10:26:18","slug":"crematory-in-benalmadena","status":"publish","type":"page","link":"https:\/\/camero.es\/en\/crematory-in-benalmadena\/","title":{"rendered":"Crematory in Benalm\u00e1dena"},"content":{"rendered":"<div class=\"slider-wrapper relative\" id=\"slider-527642371\" >\n    <div class=\"slider slider-nav-circle slider-nav-large slider-nav-light slider-style-normal\"\n        data-flickity-options='{\n            \"cellAlign\": \"center\",\n            \"imagesLoaded\": true,\n            \"lazyLoad\": 1,\n            \"freeScroll\": false,\n            \"wrapAround\": true,\n            \"autoPlay\": 6000,\n            \"pauseAutoPlayOnHover\" : true,\n            \"prevNextButtons\": true,\n            \"contain\" : true,\n            \"adaptiveHeight\" : true,\n            \"dragThreshold\" : 10,\n            \"percentPosition\": true,\n            \"pageDots\": true,\n            \"rightToLeft\": false,\n            \"draggable\": true,\n            \"selectedAttraction\": 0.1,\n            \"parallax\" : 0,\n            \"friction\": 0.6        }'\n        >\n        \n\n  <div class=\"banner has-hover\" id=\"banner-1780262756\">\n          <div class=\"banner-inner fill\">\n        <div class=\"banner-bg fill\" >\n            <img loading=\"lazy\" decoding=\"async\" width=\"1536\" height=\"584\" src=\"https:\/\/camero.es\/wp-content\/uploads\/2023\/12\/crematorio_bernalmadena-1536x584.jpg\" class=\"bg attachment-1536x1536 size-1536x1536\" alt=\"\" \/>                        <div class=\"overlay\"><\/div>            \n                    <\/div>\n\t\t\n        <div class=\"banner-layers container\">\n            <div class=\"fill banner-link\"><\/div>            \n   <div id=\"text-box-1933652776\" class=\"text-box banner-layer x50 md-x50 lg-x50 y50 md-y50 lg-y50 res-text\">\n                                <div class=\"text-box-content text dark\">\n              \n              <div class=\"text-inner text-center\">\n                  \n<h1 class=\"uppercase\"><span style=\"font-size: 90%;\"><strong>CREAMATORY IN BENALM\u00c1DENA<\/strong><\/span><\/h1>\n<h2><span style=\"font-size: 60%;\">Ask about our Cremation services<\/span><\/h2>\n              <\/div>\n           <\/div>\n                            \n<style>\n#text-box-1933652776 {\n  width: 90%;\n}\n#text-box-1933652776 .text-box-content {\n  font-size: 100%;\n}\n<\/style>\n    <\/div>\n \n        <\/div>\n      <\/div>\n\n            \n<style>\n#banner-1780262756 {\n  padding-top: 530px;\n}\n#banner-1780262756 .overlay {\n  background-color: rgba(0, 0, 0, 0.529);\n}\n#banner-1780262756 .banner-bg img {\n  object-position: 36% 66%;\n}\n<\/style>\n  <\/div>\n\n\n     <\/div>\n\n     <div class=\"loading-spin dark large centered\"><\/div>\n\n\t<\/div>\n\n\n\n\t<section class=\"section\" id=\"section_68297237\">\n\t\t<div class=\"section-bg fill\" >\n\t\t\t\t\t\t\t\t\t\n\t\t\t\n\n\t\t<\/div>\n\n\t\t\n\n\t\t<div class=\"section-content relative\">\n\t\t\t\n\t<div id=\"gap-1965561673\" class=\"gap-element clearfix\" style=\"display:block; height:auto;\">\n\t\t\n<style>\n#gap-1965561673 {\n  padding-top: 30px;\n}\n<\/style>\n\t<\/div>\n\t\n<div class=\"row align-middle\"  id=\"row-265426362\">\n\n\t<div id=\"col-2118648606\" class=\"col medium-12 small-12 large-6\"  >\n\t\t\t\t<div class=\"col-inner\"  >\n\t\t\t\n\t\t\t\n\t<div id=\"gap-590959316\" class=\"gap-element clearfix\" style=\"display:block; height:auto;\">\n\t\t\n<style>\n#gap-590959316 {\n  padding-top: 10px;\n}\n@media (min-width:850px) {\n  #gap-590959316 {\n    padding-top: 30px;\n  }\n}\n<\/style>\n\t<\/div>\n\t\n<div class=\"container section-title-container\" ><h2 class=\"section-title section-title-normal\"><b aria-hidden=\"true\"><\/b><span class=\"section-title-main\" style=\"font-size:145%;color:rgb(0, 46, 91);\">CREMATORY OVEN IN BENALM\u00c1DENA<\/span><b aria-hidden=\"true\"><\/b><\/h2><\/div>\n<div id=\"m4157\" class=\"module text\">\n<p><span style=\"font-size: 110%;\">We have some of the most advanced ovens of recent years. Our crematorium is located in our facilities at the Benalm\u00e1dena International Cemetery. <\/span><\/p>\n<p><span style=\"font-size: 110%;\">The cremation consists in the reduction of a body to ashes, the temperature reached for this is 1000\u00baC. The duration of this process usually lasts around 4 hours.<br \/><\/span><\/p>\n<\/div>\n\t<div id=\"gap-1812808762\" class=\"gap-element clearfix\" style=\"display:block; height:auto;\">\n\t\t\n<style>\n#gap-1812808762 {\n  padding-top: 10px;\n}\n@media (min-width:850px) {\n  #gap-1812808762 {\n    padding-top: 30px;\n  }\n}\n<\/style>\n\t<\/div>\n\t\n<div class=\"row\"  id=\"row-174154734\">\n\n\t<div id=\"col-1595237093\" class=\"col medium-3 small-12 large-3\"  >\n\t\t\t\t<div class=\"col-inner\"  >\n\t\t\t\n\t\t\t\n\t\t<\/div>\n\t\t\t\t\t<\/div>\n\n\t\n\n\t<div id=\"col-233803974\" class=\"col medium-6 small-12 large-6\"  >\n\t\t\t\t<div class=\"col-inner\"  >\n\t\t\t\n\t\t\t\n<a href=\"tel:+34952448171\" class=\"button primary is-large expand\" style=\"border-radius:10px;\">\n\t<i class=\"icon-phone\" aria-hidden=\"true\"><\/i>\t<span>952 44 81 71<\/span>\n\t<\/a>\n\n\t\t<\/div>\n\t\t\t\t\t<\/div>\n\n\t\n\n\t<div id=\"col-2093949106\" class=\"col medium-3 small-12 large-3\"  >\n\t\t\t\t<div class=\"col-inner\"  >\n\t\t\t\n\t\t\t\n\t\t<\/div>\n\t\t\t\t\t<\/div>\n\n\t\n<\/div>\n\t\t<\/div>\n\t\t\t\t\n<style>\n#col-2118648606 > .col-inner {\n  padding: 0px 0px 0px 0;\n}\n@media (min-width:850px) {\n  #col-2118648606 > .col-inner {\n    padding: 0px 0px 0px 10%;\n  }\n}\n<\/style>\n\t<\/div>\n\n\t\n\n\t<div id=\"col-449287432\" class=\"col medium-12 small-12 large-6\"  >\n\t\t\t\t<div class=\"col-inner\"  >\n\t\t\t\n\t\t\t\n\n  <div class=\"banner has-hover\" id=\"banner-2061837942\">\n          <div class=\"banner-inner fill\">\n        <div class=\"banner-bg fill\" >\n            <img loading=\"lazy\" decoding=\"async\" width=\"900\" height=\"600\" src=\"https:\/\/camero.es\/wp-content\/uploads\/2023\/12\/crematorio_benalmadena-1.jpg\" class=\"bg attachment-large size-large\" alt=\"\" \/>                        <div class=\"overlay\"><\/div>            \n                    <\/div>\n\t\t\n        <div class=\"banner-layers container\">\n            <div class=\"fill banner-link\"><\/div>            \n   <div id=\"text-box-748248437\" class=\"text-box banner-layer x50 md-x50 lg-x50 y50 md-y50 lg-y50 res-text\">\n                                <div class=\"text-box-content text dark\">\n              \n              <div class=\"text-inner text-center\">\n                  \n              <\/div>\n           <\/div>\n                            \n<style>\n#text-box-748248437 {\n  width: 60%;\n}\n#text-box-748248437 .text-box-content {\n  font-size: 100%;\n}\n<\/style>\n    <\/div>\n \n        <\/div>\n      <\/div>\n\n            \n<style>\n#banner-2061837942 {\n  padding-top: 99.99%;\n  background-color: rgb(255, 255, 255);\n}\n#banner-2061837942 .overlay {\n  background-color: rgba(0,0,0,.5);\n}\n#banner-2061837942 .banner-bg img {\n  object-position: 35% 56%;\n}\n@media (min-width:550px) {\n  #banner-2061837942 {\n    padding-top: 75%;\n  }\n}\n@media (min-width:850px) {\n  #banner-2061837942 {\n    padding-top: 99.99%;\n  }\n}\n<\/style>\n  <\/div>\n\n\n\t\t<\/div>\n\t\t\t\t\t<\/div>\n\n\t\n<\/div>\n<div class=\"row\"  id=\"row-1704215006\">\n\n\t<div id=\"col-1706828520\" class=\"col small-12 large-12\"  >\n\t\t\t\t<div class=\"col-inner\"  >\n\t\t\t\n\t\t\t\n<p><span style=\"font-size: 110%;\">To perform the cremation it is necessary to use a coffin and this must be 100% ecological. Once the cremation is done, the ashes will be delivered in a sealed box with its cover and identified with the name of the deceased and the cremation certificate. There is the option of depositing small amounts of ashes in reliquaries so that several family members can treasure a small memory of their loved one.<\/span><\/p>\n<p><span style=\"font-size: 110%;\">The cremation is an alternative to the burial in antiquity the most common was the inhumation well in niche, grave or grave. Nowadays people prefer cremation for different reasons.<\/span><\/p>\n\t\t<\/div>\n\t\t\t\t\t<\/div>\n\n\t\n<\/div>\n\t\t<\/div>\n\n\t\t\n<style>\n#section_68297237 {\n  padding-top: 40px;\n  padding-bottom: 40px;\n}\n@media (min-width:850px) {\n  #section_68297237 {\n    padding-top: 70px;\n    padding-bottom: 70px;\n  }\n}\n<\/style>\n\t<\/section>\n\t\n\n\t<section class=\"section dark\" id=\"section_609369532\">\n\t\t<div class=\"section-bg fill\" >\n\t\t\t<img loading=\"lazy\" decoding=\"async\" width=\"1920\" height=\"900\" src=\"https:\/\/camero.es\/wp-content\/uploads\/2023\/12\/crematorio.jpg\" class=\"bg attachment- size-\" alt=\"\" \/>\t\t\t\t\t\t<div class=\"section-bg-overlay absolute fill\"><\/div>\n\t\t\t\n\n\t\t<\/div>\n\n\t\t\n\n\t\t<div class=\"section-content relative\">\n\t\t\t\n<div class=\"row\"  id=\"row-1011384217\">\n\n\t<div id=\"col-20732614\" class=\"col small-12 large-12\"  >\n\t\t\t\t<div class=\"col-inner\"  >\n\t\t\t\n\t\t\t\n\t<div id=\"gap-1638797762\" class=\"gap-element clearfix\" style=\"display:block; height:auto;\">\n\t\t\n<style>\n#gap-1638797762 {\n  padding-top: 60px;\n}\n<\/style>\n\t<\/div>\n\t\n<p style=\"text-align: center;\"><span style=\"font-size: 300%;\"><strong>In our crematorium we have an advanced oven.<\/strong><\/span><\/p>\n<h2 style=\"text-align: center;\">M\u00e1laga, Benalm\u00e1dena, Fuengirola, Mijas, Marbella, Torremolinos<\/h2>\n<hr \/>\n<p style=\"text-align: center;\"><span style=\"font-size: 250%;\"><em><strong><a href=\"https:\/\/camero.es\/en\/contact\/\"><span style=\"text-decoration: underline;\">Ask Us<\/span><\/a><\/strong><\/em><\/span><\/p>\n\t<div id=\"gap-656601698\" class=\"gap-element clearfix\" style=\"display:block; height:auto;\">\n\t\t\n<style>\n#gap-656601698 {\n  padding-top: 60px;\n}\n<\/style>\n\t<\/div>\n\t\n\t\t<\/div>\n\t\t\t\t\t<\/div>\n\n\t\n<\/div>\n\t\t<\/div>\n\n\t\t\n<style>\n#section_609369532 {\n  padding-top: 30px;\n  padding-bottom: 30px;\n}\n#section_609369532 .section-bg-overlay {\n  background-color: rgba(0, 0, 0, 0.64);\n}\n#section_609369532 .section-bg img {\n  object-position: 32% 0%;\n}\n<\/style>\n\t<\/section>\n\t\n","protected":false},"excerpt":{"rendered":"","protected":false},"author":1,"featured_media":0,"parent":0,"menu_order":0,"comment_status":"closed","ping_status":"closed","template":"page-transparent-header-light.php","meta":{"_joinchat":[],"footnotes":""},"class_list":["post-937","page","type-page","status-publish","hentry"],"yoast_head":"<!-- This site is optimized with the Yoast SEO plugin v27.3 - https:\/\/yoast.com\/product\/yoast-seo-wordpress\/ -->\n<title>Crematory in Benalm\u00e1dena | Camero Funeral Homes<\/title>\n<meta name=\"description\" content=\"Modern crematory oven in Benalm\u00e1dena, in our facilities at the International Cemetery. Ask us.\" \/>\n<meta name=\"robots\" content=\"index, follow, max-snippet:-1, max-image-preview:large, max-video-preview:-1\" \/>\n<link rel=\"canonical\" href=\"https:\/\/camero.es\/en\/crematory-in-benalmadena\/\" \/>\n<meta property=\"og:locale\" content=\"en_US\" \/>\n<meta property=\"og:type\" content=\"article\" \/>\n<meta property=\"og:title\" content=\"Crematory in Benalm\u00e1dena | Camero Funeral Homes\" \/>\n<meta property=\"og:description\" content=\"Modern crematory oven in Benalm\u00e1dena, in our facilities at the International Cemetery. Ask us.\" \/>\n<meta property=\"og:url\" content=\"https:\/\/camero.es\/en\/crematory-in-benalmadena\/\" \/>\n<meta property=\"og:site_name\" content=\"Funeraria en M\u00e1laga, Funeraria Camero\" \/>\n<meta property=\"article:modified_time\" content=\"2024-03-04T10:26:18+00:00\" \/>\n<meta name=\"twitter:card\" content=\"summary_large_image\" \/>\n<meta name=\"twitter:label1\" content=\"Est. reading time\" \/>\n\t<meta name=\"twitter:data1\" content=\"2 minutes\" \/>\n<script type=\"application\/ld+json\" class=\"yoast-schema-graph\">{\"@context\":\"https:\\\/\\\/schema.org\",\"@graph\":[{\"@type\":\"WebPage\",\"@id\":\"https:\\\/\\\/camero.es\\\/en\\\/crematory-in-benalmadena\\\/\",\"url\":\"https:\\\/\\\/camero.es\\\/en\\\/crematory-in-benalmadena\\\/\",\"name\":\"Crematory in Benalm\u00e1dena | Camero Funeral Homes\",\"isPartOf\":{\"@id\":\"https:\\\/\\\/camero.es\\\/en\\\/#website\"},\"datePublished\":\"2023-12-07T19:20:11+00:00\",\"dateModified\":\"2024-03-04T10:26:18+00:00\",\"description\":\"Modern crematory oven in Benalm\u00e1dena, in our facilities at the International Cemetery. Ask us.\",\"breadcrumb\":{\"@id\":\"https:\\\/\\\/camero.es\\\/en\\\/crematory-in-benalmadena\\\/#breadcrumb\"},\"inLanguage\":\"en-US\",\"potentialAction\":[{\"@type\":\"ReadAction\",\"target\":[\"https:\\\/\\\/camero.es\\\/en\\\/crematory-in-benalmadena\\\/\"]}]},{\"@type\":\"BreadcrumbList\",\"@id\":\"https:\\\/\\\/camero.es\\\/en\\\/crematory-in-benalmadena\\\/#breadcrumb\",\"itemListElement\":[{\"@type\":\"ListItem\",\"position\":1,\"name\":\"Portada\",\"item\":\"https:\\\/\\\/camero.es\\\/en\\\/\"},{\"@type\":\"ListItem\",\"position\":2,\"name\":\"Crematory in Benalm\u00e1dena\"}]},{\"@type\":\"WebSite\",\"@id\":\"https:\\\/\\\/camero.es\\\/en\\\/#website\",\"url\":\"https:\\\/\\\/camero.es\\\/en\\\/\",\"name\":\"Funerarias en M\u00e1laga, Funeraria Camero\",\"description\":\"Servicios funerarios en M\u00e1laga, Benalm\u00e1dena, Fuengirola, Mijas, Marbella y Torremolinos\",\"publisher\":{\"@id\":\"https:\\\/\\\/camero.es\\\/en\\\/#organization\"},\"potentialAction\":[{\"@type\":\"SearchAction\",\"target\":{\"@type\":\"EntryPoint\",\"urlTemplate\":\"https:\\\/\\\/camero.es\\\/en\\\/?s={search_term_string}\"},\"query-input\":{\"@type\":\"PropertyValueSpecification\",\"valueRequired\":true,\"valueName\":\"search_term_string\"}}],\"inLanguage\":\"en-US\"},{\"@type\":\"Organization\",\"@id\":\"https:\\\/\\\/camero.es\\\/en\\\/#organization\",\"name\":\"Funerarias en M\u00e1laga, Funeraria Camero\",\"url\":\"https:\\\/\\\/camero.es\\\/en\\\/\",\"logo\":{\"@type\":\"ImageObject\",\"inLanguage\":\"en-US\",\"@id\":\"https:\\\/\\\/camero.es\\\/en\\\/#\\\/schema\\\/logo\\\/image\\\/\",\"url\":\"https:\\\/\\\/camero.es\\\/wp-content\\\/uploads\\\/2023\\\/12\\\/Camero1-2.png\",\"contentUrl\":\"https:\\\/\\\/camero.es\\\/wp-content\\\/uploads\\\/2023\\\/12\\\/Camero1-2.png\",\"width\":3506,\"height\":1090,\"caption\":\"Funerarias en M\u00e1laga, Funeraria Camero\"},\"image\":{\"@id\":\"https:\\\/\\\/camero.es\\\/en\\\/#\\\/schema\\\/logo\\\/image\\\/\"}}]}<\/script>\n<!-- \/ Yoast SEO plugin. -->","yoast_head_json":{"title":"Crematory in Benalm\u00e1dena | Camero Funeral Homes","description":"Modern crematory oven in Benalm\u00e1dena, in our facilities at the International Cemetery. Ask us.","robots":{"index":"index","follow":"follow","max-snippet":"max-snippet:-1","max-image-preview":"max-image-preview:large","max-video-preview":"max-video-preview:-1"},"canonical":"https:\/\/camero.es\/en\/crematory-in-benalmadena\/","og_locale":"en_US","og_type":"article","og_title":"Crematory in Benalm\u00e1dena | Camero Funeral Homes","og_description":"Modern crematory oven in Benalm\u00e1dena, in our facilities at the International Cemetery. Ask us.","og_url":"https:\/\/camero.es\/en\/crematory-in-benalmadena\/","og_site_name":"Funeraria en M\u00e1laga, Funeraria Camero","article_modified_time":"2024-03-04T10:26:18+00:00","twitter_card":"summary_large_image","twitter_misc":{"Est. reading time":"2 minutes"},"schema":{"@context":"https:\/\/schema.org","@graph":[{"@type":"WebPage","@id":"https:\/\/camero.es\/en\/crematory-in-benalmadena\/","url":"https:\/\/camero.es\/en\/crematory-in-benalmadena\/","name":"Crematory in Benalm\u00e1dena | Camero Funeral Homes","isPartOf":{"@id":"https:\/\/camero.es\/en\/#website"},"datePublished":"2023-12-07T19:20:11+00:00","dateModified":"2024-03-04T10:26:18+00:00","description":"Modern crematory oven in Benalm\u00e1dena, in our facilities at the International Cemetery. Ask us.","breadcrumb":{"@id":"https:\/\/camero.es\/en\/crematory-in-benalmadena\/#breadcrumb"},"inLanguage":"en-US","potentialAction":[{"@type":"ReadAction","target":["https:\/\/camero.es\/en\/crematory-in-benalmadena\/"]}]},{"@type":"BreadcrumbList","@id":"https:\/\/camero.es\/en\/crematory-in-benalmadena\/#breadcrumb","itemListElement":[{"@type":"ListItem","position":1,"name":"Portada","item":"https:\/\/camero.es\/en\/"},{"@type":"ListItem","position":2,"name":"Crematory in Benalm\u00e1dena"}]},{"@type":"WebSite","@id":"https:\/\/camero.es\/en\/#website","url":"https:\/\/camero.es\/en\/","name":"Funerarias en M\u00e1laga, Funeraria Camero","description":"Servicios funerarios en M\u00e1laga, Benalm\u00e1dena, Fuengirola, Mijas, Marbella y Torremolinos","publisher":{"@id":"https:\/\/camero.es\/en\/#organization"},"potentialAction":[{"@type":"SearchAction","target":{"@type":"EntryPoint","urlTemplate":"https:\/\/camero.es\/en\/?s={search_term_string}"},"query-input":{"@type":"PropertyValueSpecification","valueRequired":true,"valueName":"search_term_string"}}],"inLanguage":"en-US"},{"@type":"Organization","@id":"https:\/\/camero.es\/en\/#organization","name":"Funerarias en M\u00e1laga, Funeraria Camero","url":"https:\/\/camero.es\/en\/","logo":{"@type":"ImageObject","inLanguage":"en-US","@id":"https:\/\/camero.es\/en\/#\/schema\/logo\/image\/","url":"https:\/\/camero.es\/wp-content\/uploads\/2023\/12\/Camero1-2.png","contentUrl":"https:\/\/camero.es\/wp-content\/uploads\/2023\/12\/Camero1-2.png","width":3506,"height":1090,"caption":"Funerarias en M\u00e1laga, Funeraria Camero"},"image":{"@id":"https:\/\/camero.es\/en\/#\/schema\/logo\/image\/"}}]}},"_links":{"self":[{"href":"https:\/\/camero.es\/en\/wp-json\/wp\/v2\/pages\/937","targetHints":{"allow":["GET"]}}],"collection":[{"href":"https:\/\/camero.es\/en\/wp-json\/wp\/v2\/pages"}],"about":[{"href":"https:\/\/camero.es\/en\/wp-json\/wp\/v2\/types\/page"}],"author":[{"embeddable":true,"href":"https:\/\/camero.es\/en\/wp-json\/wp\/v2\/users\/1"}],"replies":[{"embeddable":true,"href":"https:\/\/camero.es\/en\/wp-json\/wp\/v2\/comments?post=937"}],"version-history":[{"count":9,"href":"https:\/\/camero.es\/en\/wp-json\/wp\/v2\/pages\/937\/revisions"}],"predecessor-version":[{"id":2814,"href":"https:\/\/camero.es\/en\/wp-json\/wp\/v2\/pages\/937\/revisions\/2814"}],"wp:attachment":[{"href":"https:\/\/camero.es\/en\/wp-json\/wp\/v2\/media?parent=937"}],"curies":[{"name":"wp","href":"https:\/\/api.w.org\/{rel}","templated":true}]}}