{"id":941,"date":"2023-12-12T23:18:27","date_gmt":"2023-12-12T23:18:27","guid":{"rendered":"https:\/\/camero.es\/empresa\/"},"modified":"2023-12-18T17:29:04","modified_gmt":"2023-12-18T17:29:04","slug":"company","status":"publish","type":"page","link":"https:\/\/camero.es\/en\/company\/","title":{"rendered":"Company"},"content":{"rendered":"<div class=\"slider-wrapper relative\" id=\"slider-1861438227\" >\n    <div class=\"slider slider-nav-circle slider-nav-large slider-nav-light slider-style-normal\"\n        data-flickity-options='{\n            \"cellAlign\": \"center\",\n            \"imagesLoaded\": true,\n            \"lazyLoad\": 1,\n            \"freeScroll\": false,\n            \"wrapAround\": true,\n            \"autoPlay\": 6000,\n            \"pauseAutoPlayOnHover\" : true,\n            \"prevNextButtons\": true,\n            \"contain\" : true,\n            \"adaptiveHeight\" : true,\n            \"dragThreshold\" : 10,\n            \"percentPosition\": true,\n            \"pageDots\": true,\n            \"rightToLeft\": false,\n            \"draggable\": true,\n            \"selectedAttraction\": 0.1,\n            \"parallax\" : 0,\n            \"friction\": 0.6        }'\n        >\n        \n\n  <div class=\"banner has-hover\" id=\"banner-939914757\">\n          <div class=\"banner-inner fill\">\n        <div class=\"banner-bg fill\" >\n            <img loading=\"lazy\" decoding=\"async\" width=\"1536\" height=\"584\" src=\"https:\/\/camero.es\/wp-content\/uploads\/2023\/12\/Funerarias_Malaga-1536x584.jpg\" class=\"bg attachment-1536x1536 size-1536x1536\" alt=\"\" \/>                        <div class=\"overlay\"><\/div>            \n                    <\/div>\n\t\t\n        <div class=\"banner-layers container\">\n            <div class=\"fill banner-link\"><\/div>            \n   <div id=\"text-box-432747778\" class=\"text-box banner-layer x50 md-x50 lg-x50 y50 md-y50 lg-y50 res-text\">\n                                <div class=\"text-box-content text dark\">\n              \n              <div class=\"text-inner text-center\">\n                  \n<h1 class=\"uppercase\"><span style=\"font-size: 90%;\"><strong>camero funeral home M\u00e1laga<\/strong><\/span><\/h1>\n              <\/div>\n           <\/div>\n                            \n<style>\n#text-box-432747778 {\n  width: 90%;\n}\n#text-box-432747778 .text-box-content {\n  font-size: 100%;\n}\n<\/style>\n    <\/div>\n \n        <\/div>\n      <\/div>\n\n            \n<style>\n#banner-939914757 {\n  padding-top: 400px;\n}\n#banner-939914757 .overlay {\n  background-color: rgba(0,0,0,.5);\n}\n#banner-939914757 .banner-bg img {\n  object-position: 51% 51%;\n}\n<\/style>\n  <\/div>\n\n\n     <\/div>\n\n     <div class=\"loading-spin dark large centered\"><\/div>\n\n\t<\/div>\n\n\n\n\t<section class=\"section\" id=\"section_1304544222\">\n\t\t<div class=\"section-bg fill\" >\n\t\t\t\t\t\t\t\t\t\n\t\t\t\n\n\t\t<\/div>\n\n\t\t\n\n\t\t<div class=\"section-content relative\">\n\t\t\t\n\t<div id=\"gap-1993806600\" class=\"gap-element clearfix\" style=\"display:block; height:auto;\">\n\t\t\n<style>\n#gap-1993806600 {\n  padding-top: 30px;\n}\n<\/style>\n\t<\/div>\n\t\n<div class=\"row align-middle\"  id=\"row-379761044\">\n\n\t<div id=\"col-433515943\" class=\"col small-12 large-12\"  >\n\t\t\t\t<div class=\"col-inner\"  >\n\t\t\t\n\t\t\t\n<p class=\"lead\">Our purpose within the Funerary in M\u00c1LAGA is to provide all the funeral elements required with the highest quality and with the highest consideration towards the feelings of the relatives. We offer a wide range of funerals, to be able to perform a worthy service, in these painful moments. We believe that the main key is the Attention to Detail that our staff will offer you.<\/p>\n\t\t<\/div>\n\t\t\t\t\t<\/div>\n\n\t\n\n\t<div id=\"col-884247961\" class=\"col medium-12 small-12 large-6\"  >\n\t\t\t\t<div class=\"col-inner\"  >\n\t\t\t\n\t\t\t\n\t<div id=\"gap-1259396943\" class=\"gap-element clearfix\" style=\"display:block; height:auto;\">\n\t\t\n<style>\n#gap-1259396943 {\n  padding-top: 10px;\n}\n@media (min-width:850px) {\n  #gap-1259396943 {\n    padding-top: 30px;\n  }\n}\n<\/style>\n\t<\/div>\n\t\n<div class=\"container section-title-container\" ><h2 class=\"section-title section-title-normal\"><b aria-hidden=\"true\"><\/b><span class=\"section-title-main\" style=\"font-size:145%;color:rgb(0, 46, 91);\">THE COMPANY<\/span><b aria-hidden=\"true\"><\/b><\/h2><\/div>\n<p><span style=\"font-size: 110%;\">Since the nineteenth century the surname Camero is synonymous with attention to detail. The origins date back to the 1800s when Francisco Camero Rold\u00e1n began to provide funeral services in the municipality of Benalm\u00e1dena, an activity that would continue his son Salvador Camero Ba\u00f1asco and his grandson, Francisco Camero Contreras.<\/span><\/p>\n<p><span style=\"font-size: 110%;\">The fourth professional generation has been doing the aforementioned activity for more than thirty years with an accredited and recognized professionalism in the sector. Since the 70s the current generation is organized in the company Francisco Camero S.L. Serving you with the usual human quality and the most up-to-date technological tools.<br \/>\n<\/span><\/p>\n\t\t<\/div>\n\t\t\t\t\n<style>\n#col-884247961 > .col-inner {\n  padding: 0px 0px 0px 0;\n}\n@media (min-width:850px) {\n  #col-884247961 > .col-inner {\n    padding: 0px 0px 0px 0%;\n  }\n}\n<\/style>\n\t<\/div>\n\n\t\n\n\t<div id=\"col-655701952\" class=\"col medium-12 small-12 large-6\"  >\n\t\t\t\t<div class=\"col-inner\"  >\n\t\t\t\n\t\t\t\n\n  <div class=\"banner has-hover\" id=\"banner-445021674\">\n          <div class=\"banner-inner fill\">\n        <div class=\"banner-bg fill\" >\n            <img loading=\"lazy\" decoding=\"async\" width=\"840\" height=\"920\" src=\"https:\/\/camero.es\/wp-content\/uploads\/2023\/12\/cementerio.jpg\" class=\"bg attachment-large size-large\" alt=\"\" \/>                                    \n                    <\/div>\n\t\t\n        <div class=\"banner-layers container\">\n            <div class=\"fill banner-link\"><\/div>            \n   <div id=\"text-box-442945080\" class=\"text-box banner-layer x50 md-x50 lg-x50 y50 md-y50 lg-y50 res-text\">\n                                <div class=\"text-box-content text dark\">\n              \n              <div class=\"text-inner text-center\">\n                  \n              <\/div>\n           <\/div>\n                            \n<style>\n#text-box-442945080 {\n  width: 60%;\n}\n#text-box-442945080 .text-box-content {\n  font-size: 100%;\n}\n<\/style>\n    <\/div>\n \n        <\/div>\n      <\/div>\n\n            \n<style>\n#banner-445021674 {\n  padding-top: 99.99%;\n  background-color: rgb(255, 255, 255);\n}\n#banner-445021674 .banner-bg img {\n  object-position: 54% 80%;\n}\n@media (min-width:550px) {\n  #banner-445021674 {\n    padding-top: 75%;\n  }\n}\n@media (min-width:850px) {\n  #banner-445021674 {\n    padding-top: 80%;\n  }\n}\n<\/style>\n  <\/div>\n\n\n\t\t<\/div>\n\t\t\t\t\t<\/div>\n\n\t\n\n\t<div id=\"col-225429299\" class=\"col small-12 large-12\"  >\n\t\t\t\t<div class=\"col-inner\"  >\n\t\t\t\n\t\t\t\n<p><span style=\"font-size: 110%;\">The family has incorporated services and products in areas such as Funeral Transfers, Tanatopraxia, Funeral Plans and all kinds of accessories such as personalized tombstones and a wide variety of coffins, urns.<\/span><\/p>\n<p><span style=\"font-size: 110%;\">Same way we have extended over the years the locations where we provide services of our Funeral Home in Malaga: in the Province of Malaga, adding locations such as Gibraltar, Estepona, Manilva, Ronda, Marbella, Mijas, Fuengirola, Benalm\u00e1dena, Torremolinos, Nerja, Velez Malaga, Torre del Mar, Nerja and Antequera.<\/span><\/p>\n<p><span style=\"font-size: 110%;\">International relations, etc. All members of the company are considered as family. The preparation is one of the essences of this family business, all participate in specialization activities and improvement of the knowledge already acquired. Likewise, we are motivated by the permanent search for professional improvement.<\/span><\/p>\n\t\t<\/div>\n\t\t\t\t\t<\/div>\n\n\t\n<\/div>\n\t\t<\/div>\n\n\t\t\n<style>\n#section_1304544222 {\n  padding-top: 40px;\n  padding-bottom: 40px;\n}\n@media (min-width:850px) {\n  #section_1304544222 {\n    padding-top: 70px;\n    padding-bottom: 70px;\n  }\n}\n<\/style>\n\t<\/section>\n\t\n\n\t<section class=\"section dark\" id=\"section_1304704160\">\n\t\t<div class=\"section-bg fill\" >\n\t\t\t<img loading=\"lazy\" decoding=\"async\" width=\"1920\" height=\"900\" src=\"https:\/\/camero.es\/wp-content\/uploads\/2023\/12\/Funerarias_gamero_fondo.jpg\" class=\"bg attachment- size-\" alt=\"\" \/>\t\t\t\t\t\t<div class=\"section-bg-overlay absolute fill\"><\/div>\n\t\t\t\n\n\t\t<\/div>\n\n\t\t\n\n\t\t<div class=\"section-content relative\">\n\t\t\t\n<div class=\"row\"  id=\"row-1721132769\">\n\n\t<div id=\"col-141780295\" class=\"col small-12 large-12\"  >\n\t\t\t\t<div class=\"col-inner\"  >\n\t\t\t\n\t\t\t\n\t<div id=\"gap-1312750707\" class=\"gap-element clearfix\" style=\"display:block; height:auto;\">\n\t\t\n<style>\n#gap-1312750707 {\n  padding-top: 60px;\n}\n<\/style>\n\t<\/div>\n\t\n<p style=\"text-align: center;\"><span style=\"font-size: 300%;\"><strong>We offer all types of Funeral Services<\/strong><\/span><\/p>\n<h2 style=\"text-align: center;\">M\u00e1laga, Benalm\u00e1dena, Fuengirola, Mijas, Marbella, Torremolinos<\/h2>\n<hr \/>\n<p style=\"text-align: center;\"><span style=\"text-decoration: underline;\"><span style=\"font-size: 300%;\"><strong><a href=\"https:\/\/camero.es\/en\/contact\/\">Ask us<\/a><\/strong><\/span><\/span><\/p>\n\t<div id=\"gap-1180099967\" class=\"gap-element clearfix\" style=\"display:block; height:auto;\">\n\t\t\n<style>\n#gap-1180099967 {\n  padding-top: 60px;\n}\n<\/style>\n\t<\/div>\n\t\n\t\t<\/div>\n\t\t\t\t\t<\/div>\n\n\t\n<\/div>\n\t\t<\/div>\n\n\t\t\n<style>\n#section_1304704160 {\n  padding-top: 30px;\n  padding-bottom: 30px;\n}\n#section_1304704160 .section-bg-overlay {\n  background-color: rgba(0, 0, 0, 0.64);\n}\n#section_1304704160 .section-bg img {\n  object-position: 32% 0%;\n}\n<\/style>\n\t<\/section>\n\t\n","protected":false},"excerpt":{"rendered":"","protected":false},"author":1,"featured_media":0,"parent":0,"menu_order":0,"comment_status":"closed","ping_status":"closed","template":"page-transparent-header-light.php","meta":{"_joinchat":[],"footnotes":""},"class_list":["post-941","page","type-page","status-publish","hentry"],"yoast_head":"<!-- This site is optimized with the Yoast SEO plugin v27.4 - https:\/\/yoast.com\/product\/yoast-seo-wordpress\/ -->\n<title>Camero Funeral Home M\u00e1laga | Camero Funeral Services<\/title>\n<meta name=\"description\" content=\"Camero Funeral Home in Malaga. Cremations, Burials, Transfers, Funeral Plans, Wreaths, Urns, Pendants. Funeral Home in the Province of Malaga\" \/>\n<meta name=\"robots\" content=\"index, follow, max-snippet:-1, max-image-preview:large, max-video-preview:-1\" \/>\n<link rel=\"canonical\" href=\"https:\/\/camero.es\/en\/company\/\" \/>\n<meta property=\"og:locale\" content=\"en_US\" \/>\n<meta property=\"og:type\" content=\"article\" \/>\n<meta property=\"og:title\" content=\"Camero Funeral Home M\u00e1laga | Camero Funeral Services\" \/>\n<meta property=\"og:description\" content=\"Camero Funeral Home in Malaga. Cremations, Burials, Transfers, Funeral Plans, Wreaths, Urns, Pendants. Funeral Home in the Province of Malaga\" \/>\n<meta property=\"og:url\" content=\"https:\/\/camero.es\/en\/company\/\" \/>\n<meta property=\"og:site_name\" content=\"Funeraria en M\u00e1laga, Funeraria Camero\" \/>\n<meta property=\"article:modified_time\" content=\"2023-12-18T17:29:04+00:00\" \/>\n<meta name=\"twitter:card\" content=\"summary_large_image\" \/>\n<meta name=\"twitter:label1\" content=\"Est. reading time\" \/>\n\t<meta name=\"twitter:data1\" content=\"2 minutes\" \/>\n<script type=\"application\/ld+json\" class=\"yoast-schema-graph\">{\"@context\":\"https:\\\/\\\/schema.org\",\"@graph\":[{\"@type\":\"WebPage\",\"@id\":\"https:\\\/\\\/camero.es\\\/en\\\/company\\\/\",\"url\":\"https:\\\/\\\/camero.es\\\/en\\\/company\\\/\",\"name\":\"Camero Funeral Home M\u00e1laga | Camero Funeral Services\",\"isPartOf\":{\"@id\":\"https:\\\/\\\/camero.es\\\/en\\\/#website\"},\"datePublished\":\"2023-12-12T23:18:27+00:00\",\"dateModified\":\"2023-12-18T17:29:04+00:00\",\"description\":\"Camero Funeral Home in Malaga. Cremations, Burials, Transfers, Funeral Plans, Wreaths, Urns, Pendants. Funeral Home in the Province of Malaga\",\"breadcrumb\":{\"@id\":\"https:\\\/\\\/camero.es\\\/en\\\/company\\\/#breadcrumb\"},\"inLanguage\":\"en-US\",\"potentialAction\":[{\"@type\":\"ReadAction\",\"target\":[\"https:\\\/\\\/camero.es\\\/en\\\/company\\\/\"]}]},{\"@type\":\"BreadcrumbList\",\"@id\":\"https:\\\/\\\/camero.es\\\/en\\\/company\\\/#breadcrumb\",\"itemListElement\":[{\"@type\":\"ListItem\",\"position\":1,\"name\":\"Portada\",\"item\":\"https:\\\/\\\/camero.es\\\/en\\\/\"},{\"@type\":\"ListItem\",\"position\":2,\"name\":\"Company\"}]},{\"@type\":\"WebSite\",\"@id\":\"https:\\\/\\\/camero.es\\\/en\\\/#website\",\"url\":\"https:\\\/\\\/camero.es\\\/en\\\/\",\"name\":\"Funerarias en M\u00e1laga, Funeraria Camero\",\"description\":\"Servicios funerarios en M\u00e1laga, Benalm\u00e1dena, Fuengirola, Mijas, Marbella y Torremolinos\",\"publisher\":{\"@id\":\"https:\\\/\\\/camero.es\\\/en\\\/#organization\"},\"potentialAction\":[{\"@type\":\"SearchAction\",\"target\":{\"@type\":\"EntryPoint\",\"urlTemplate\":\"https:\\\/\\\/camero.es\\\/en\\\/?s={search_term_string}\"},\"query-input\":{\"@type\":\"PropertyValueSpecification\",\"valueRequired\":true,\"valueName\":\"search_term_string\"}}],\"inLanguage\":\"en-US\"},{\"@type\":\"Organization\",\"@id\":\"https:\\\/\\\/camero.es\\\/en\\\/#organization\",\"name\":\"Funerarias en M\u00e1laga, Funeraria Camero\",\"url\":\"https:\\\/\\\/camero.es\\\/en\\\/\",\"logo\":{\"@type\":\"ImageObject\",\"inLanguage\":\"en-US\",\"@id\":\"https:\\\/\\\/camero.es\\\/en\\\/#\\\/schema\\\/logo\\\/image\\\/\",\"url\":\"https:\\\/\\\/camero.es\\\/wp-content\\\/uploads\\\/2023\\\/12\\\/Camero1-2.png\",\"contentUrl\":\"https:\\\/\\\/camero.es\\\/wp-content\\\/uploads\\\/2023\\\/12\\\/Camero1-2.png\",\"width\":3506,\"height\":1090,\"caption\":\"Funerarias en M\u00e1laga, Funeraria Camero\"},\"image\":{\"@id\":\"https:\\\/\\\/camero.es\\\/en\\\/#\\\/schema\\\/logo\\\/image\\\/\"}}]}<\/script>\n<!-- \/ Yoast SEO plugin. -->","yoast_head_json":{"title":"Camero Funeral Home M\u00e1laga | Camero Funeral Services","description":"Camero Funeral Home in Malaga. Cremations, Burials, Transfers, Funeral Plans, Wreaths, Urns, Pendants. Funeral Home in the Province of Malaga","robots":{"index":"index","follow":"follow","max-snippet":"max-snippet:-1","max-image-preview":"max-image-preview:large","max-video-preview":"max-video-preview:-1"},"canonical":"https:\/\/camero.es\/en\/company\/","og_locale":"en_US","og_type":"article","og_title":"Camero Funeral Home M\u00e1laga | Camero Funeral Services","og_description":"Camero Funeral Home in Malaga. Cremations, Burials, Transfers, Funeral Plans, Wreaths, Urns, Pendants. Funeral Home in the Province of Malaga","og_url":"https:\/\/camero.es\/en\/company\/","og_site_name":"Funeraria en M\u00e1laga, Funeraria Camero","article_modified_time":"2023-12-18T17:29:04+00:00","twitter_card":"summary_large_image","twitter_misc":{"Est. reading time":"2 minutes"},"schema":{"@context":"https:\/\/schema.org","@graph":[{"@type":"WebPage","@id":"https:\/\/camero.es\/en\/company\/","url":"https:\/\/camero.es\/en\/company\/","name":"Camero Funeral Home M\u00e1laga | Camero Funeral Services","isPartOf":{"@id":"https:\/\/camero.es\/en\/#website"},"datePublished":"2023-12-12T23:18:27+00:00","dateModified":"2023-12-18T17:29:04+00:00","description":"Camero Funeral Home in Malaga. Cremations, Burials, Transfers, Funeral Plans, Wreaths, Urns, Pendants. Funeral Home in the Province of Malaga","breadcrumb":{"@id":"https:\/\/camero.es\/en\/company\/#breadcrumb"},"inLanguage":"en-US","potentialAction":[{"@type":"ReadAction","target":["https:\/\/camero.es\/en\/company\/"]}]},{"@type":"BreadcrumbList","@id":"https:\/\/camero.es\/en\/company\/#breadcrumb","itemListElement":[{"@type":"ListItem","position":1,"name":"Portada","item":"https:\/\/camero.es\/en\/"},{"@type":"ListItem","position":2,"name":"Company"}]},{"@type":"WebSite","@id":"https:\/\/camero.es\/en\/#website","url":"https:\/\/camero.es\/en\/","name":"Funerarias en M\u00e1laga, Funeraria Camero","description":"Servicios funerarios en M\u00e1laga, Benalm\u00e1dena, Fuengirola, Mijas, Marbella y Torremolinos","publisher":{"@id":"https:\/\/camero.es\/en\/#organization"},"potentialAction":[{"@type":"SearchAction","target":{"@type":"EntryPoint","urlTemplate":"https:\/\/camero.es\/en\/?s={search_term_string}"},"query-input":{"@type":"PropertyValueSpecification","valueRequired":true,"valueName":"search_term_string"}}],"inLanguage":"en-US"},{"@type":"Organization","@id":"https:\/\/camero.es\/en\/#organization","name":"Funerarias en M\u00e1laga, Funeraria Camero","url":"https:\/\/camero.es\/en\/","logo":{"@type":"ImageObject","inLanguage":"en-US","@id":"https:\/\/camero.es\/en\/#\/schema\/logo\/image\/","url":"https:\/\/camero.es\/wp-content\/uploads\/2023\/12\/Camero1-2.png","contentUrl":"https:\/\/camero.es\/wp-content\/uploads\/2023\/12\/Camero1-2.png","width":3506,"height":1090,"caption":"Funerarias en M\u00e1laga, Funeraria Camero"},"image":{"@id":"https:\/\/camero.es\/en\/#\/schema\/logo\/image\/"}}]}},"_links":{"self":[{"href":"https:\/\/camero.es\/en\/wp-json\/wp\/v2\/pages\/941","targetHints":{"allow":["GET"]}}],"collection":[{"href":"https:\/\/camero.es\/en\/wp-json\/wp\/v2\/pages"}],"about":[{"href":"https:\/\/camero.es\/en\/wp-json\/wp\/v2\/types\/page"}],"author":[{"embeddable":true,"href":"https:\/\/camero.es\/en\/wp-json\/wp\/v2\/users\/1"}],"replies":[{"embeddable":true,"href":"https:\/\/camero.es\/en\/wp-json\/wp\/v2\/comments?post=941"}],"version-history":[{"count":8,"href":"https:\/\/camero.es\/en\/wp-json\/wp\/v2\/pages\/941\/revisions"}],"predecessor-version":[{"id":1148,"href":"https:\/\/camero.es\/en\/wp-json\/wp\/v2\/pages\/941\/revisions\/1148"}],"wp:attachment":[{"href":"https:\/\/camero.es\/en\/wp-json\/wp\/v2\/media?parent=941"}],"curies":[{"name":"wp","href":"https:\/\/api.w.org\/{rel}","templated":true}]}}