{"id":946,"date":"2023-12-07T19:30:05","date_gmt":"2023-12-07T19:30:05","guid":{"rendered":"https:\/\/camero.es\/funeraria-en-benalmadena\/"},"modified":"2024-06-03T21:20:44","modified_gmt":"2024-06-03T21:20:44","slug":"funeral-home-in-benalmadena","status":"publish","type":"page","link":"https:\/\/camero.es\/en\/funeral-home-in-benalmadena\/","title":{"rendered":"Funeral Home in Benalmadena"},"content":{"rendered":"<div class=\"slider-wrapper relative\" id=\"slider-952912209\" >\n    <div class=\"slider slider-nav-circle slider-nav-large slider-nav-light slider-style-normal\"\n        data-flickity-options='{\n            \"cellAlign\": \"center\",\n            \"imagesLoaded\": true,\n            \"lazyLoad\": 1,\n            \"freeScroll\": false,\n            \"wrapAround\": true,\n            \"autoPlay\": 6000,\n            \"pauseAutoPlayOnHover\" : true,\n            \"prevNextButtons\": true,\n            \"contain\" : true,\n            \"adaptiveHeight\" : true,\n            \"dragThreshold\" : 10,\n            \"percentPosition\": true,\n            \"pageDots\": true,\n            \"rightToLeft\": false,\n            \"draggable\": true,\n            \"selectedAttraction\": 0.1,\n            \"parallax\" : 0,\n            \"friction\": 0.6        }'\n        >\n        \n\n  <div class=\"banner has-hover\" id=\"banner-316689365\">\n          <div class=\"banner-inner fill\">\n        <div class=\"banner-bg fill\" >\n            <img loading=\"lazy\" decoding=\"async\" width=\"1536\" height=\"584\" src=\"https:\/\/camero.es\/wp-content\/uploads\/2023\/12\/Funerarias_Malaga-1536x584.jpg\" class=\"bg attachment-1536x1536 size-1536x1536\" alt=\"\" \/>                        <div class=\"overlay\"><\/div>            \n                    <\/div>\n\t\t\n        <div class=\"banner-layers container\">\n            <div class=\"fill banner-link\"><\/div>            \n   <div id=\"text-box-1630735834\" class=\"text-box banner-layer x50 md-x50 lg-x50 y50 md-y50 lg-y50 res-text\">\n                                <div class=\"text-box-content text dark\">\n              \n              <div class=\"text-inner text-center\">\n                  \n<h1 class=\"uppercase\"><span style=\"font-size: 90%;\"><strong> Funeral home in BenalmAdena<\/strong><\/span><\/h1>\n<p class=\"uppercase\"><span style=\"text-decoration: underline; font-size: 250%;\"><em><strong><a href=\"tel:952448171\" data-track-event=\"click\" data-track-action=\"phone_link\">\u00a1CAlL US!<\/a><\/strong><\/em><\/span><\/p>\n              <\/div>\n           <\/div>\n                            \n<style>\n#text-box-1630735834 {\n  width: 90%;\n}\n#text-box-1630735834 .text-box-content {\n  font-size: 100%;\n}\n<\/style>\n    <\/div>\n \n        <\/div>\n      <\/div>\n\n            \n<style>\n#banner-316689365 {\n  padding-top: 530px;\n}\n#banner-316689365 .overlay {\n  background-color: rgba(0,0,0,.5);\n}\n#banner-316689365 .banner-bg img {\n  object-position: 62% 61%;\n}\n<\/style>\n  <\/div>\n\n\n     <\/div>\n\n     <div class=\"loading-spin dark large centered\"><\/div>\n\n\t<\/div>\n\n\n\n\t<section class=\"section\" id=\"section_174917833\">\n\t\t<div class=\"section-bg fill\" >\n\t\t\t\t\t\t\t\t\t\n\t\t\t\n\n\t\t<\/div>\n\n\t\t\n\n\t\t<div class=\"section-content relative\">\n\t\t\t\n<div class=\"row\"  id=\"row-707691207\">\n\n\t<div id=\"col-1724054143\" class=\"col small-12 large-12\"  >\n\t\t\t\t<div class=\"col-inner\"  >\n\t\t\t\n\t\t\t\n<div class=\"container section-title-container\" ><h2 class=\"section-title section-title-center\"><b aria-hidden=\"true\"><\/b><span class=\"section-title-main\" style=\"font-size:144%;color:rgb(0, 46, 91);\">Do you need a funeral home in Benalm\u00e1dena?<\/span><b aria-hidden=\"true\"><\/b><\/h2><\/div>\n\t\t<\/div>\n\t\t\t\t\t<\/div>\n\n\t\n\n\t<div id=\"col-1009142840\" class=\"col medium-12 small-12 large-7\"  >\n\t\t\t\t<div class=\"col-inner\"  >\n\t\t\t\n\t\t\t\n<div class=\"container section-title-container\" ><h2 class=\"section-title section-title-normal\"><b aria-hidden=\"true\"><\/b><span class=\"section-title-main\" style=\"color:rgb(0, 46, 91);\">FUNERARY SERVICES IN BENALM\u00c1DENA<\/span><b aria-hidden=\"true\"><\/b><\/h2><\/div>\n<p><span style=\"font-size: 110%;\">At Francisco Camero we have offered funeral services in Benalm\u00e1dena since the 19th century. We are specialized in the funeral sector through professional treatment, of great technical and human quality, in addition to the deserved consideration towards the relatives of the deceased.<\/span><\/p>\n<p><span style=\"font-size: 110%;\">Our funeral services date back to the year 1800, when Francisco Camero Rold\u00e1n began providing funeral services in this same municipality. We are a family business that has been transmitting the values \u200b\u200bof Francisco Camero S.L. from parents to children, from the first to the fourth generation. These generations are made up of Salvador Camero Ba\u00f1asco, son, and Francisco Camero Contreras, grandson, who has been working as a<strong> funeral home in Benalm\u00e1dena<\/strong> for more than thirty years.<\/p>\n\t\t<\/div>\n\t\t\t\t\n<style>\n#col-1009142840 > .col-inner {\n  padding: 0px 0px 0px 0;\n}\n@media (min-width:850px) {\n  #col-1009142840 > .col-inner {\n    padding: 0px 0px 0px 0%;\n  }\n}\n<\/style>\n\t<\/div>\n\n\t\n\n\t<div id=\"col-1576937570\" class=\"col medium-12 small-12 large-5\"  >\n\t\t\t\t<div class=\"col-inner\"  >\n\t\t\t\n\t\t\t\n\n  <div class=\"banner has-hover\" id=\"banner-809806926\">\n          <div class=\"banner-inner fill\">\n        <div class=\"banner-bg fill\" >\n            <img loading=\"lazy\" decoding=\"async\" width=\"1020\" height=\"680\" src=\"https:\/\/camero.es\/wp-content\/uploads\/2023\/12\/Crematorio_Benalmadena-1024x683.jpg\" class=\"bg attachment-large size-large\" alt=\"\" \/>                                    \n                    <\/div>\n\t\t\n        <div class=\"banner-layers container\">\n            <div class=\"fill banner-link\"><\/div>            \n   <div id=\"text-box-64336650\" class=\"text-box banner-layer x50 md-x50 lg-x50 y50 md-y50 lg-y50 res-text\">\n                                <div class=\"text-box-content text dark\">\n              \n              <div class=\"text-inner text-center\">\n                  \n              <\/div>\n           <\/div>\n                            \n<style>\n#text-box-64336650 {\n  width: 60%;\n}\n#text-box-64336650 .text-box-content {\n  font-size: 100%;\n}\n<\/style>\n    <\/div>\n \n        <\/div>\n      <\/div>\n\n            \n<style>\n#banner-809806926 {\n  padding-top: 99.99%;\n  background-color: rgb(255, 255, 255);\n}\n#banner-809806926 .banner-bg img {\n  object-position: 35% 56%;\n}\n@media (min-width:550px) {\n  #banner-809806926 {\n    padding-top: 75%;\n  }\n}\n@media (min-width:850px) {\n  #banner-809806926 {\n    padding-top: 99.99%;\n  }\n}\n<\/style>\n  <\/div>\n\n\n\t\t<\/div>\n\t\t\t\t\t<\/div>\n\n\t\n\n\t<div id=\"col-997294575\" class=\"col small-12 large-12\"  >\n\t\t\t\t<div class=\"col-inner\"  >\n\t\t\t\n\t\t\t\n<p><span style=\"font-size: 110%;\"><strong>The funeral services in Benalm\u00e1dena<\/strong>, generation after generation, stand out for attention to detail, close treatment, professional and family, so that those painful moments are as bearable as possible.<\/span><\/p>\n<p><span style=\"font-size: 110%;\">In addition, the Camero family has been updating their services to carry a wide variety of funeral transfers, tanatopraxia, Funeral Plans and all kinds of accessories such as personalized tombstones, coffins and urns. We adapt to the technical innovations of the market so that our <strong>funeral home in Benalm\u00e1dena<\/strong> offers the adequate quality to the situation that is presented.<\/span><\/p>\n<p><span style=\"font-size: 110%;\">Each of the members of our team of professionals is considered as family. Year after year, our team participates actively in the specialization and improvement of the acquired knowledge for a continuous professional specialization, since it is of great importance to transmit our values, and above all, to focus on the comfort of our clients through our<strong> funeral services in Benalm\u00e1dena<\/strong>.<\/span><\/p>\n\t\t<\/div>\n\t\t\t\t\t<\/div>\n\n\t\n<\/div>\n<div class=\"row align-middle\"  id=\"row-1471026949\">\n\n\t<div id=\"col-1053221885\" class=\"col small-12 large-12\"  >\n\t\t\t\t<div class=\"col-inner\"  >\n\t\t\t\n\t\t\t\n<h3 class=\"lead\" style=\"text-align: center;\"><span style=\"font-size: 120%; color: #808080;\">Our funeral services cover, in addition to <strong>Benalm\u00e1dena<\/strong>, other towns in the Province of M\u00e1laga, Gibraltar, Estepona, Manilva, Ronda, Marbella, Mijas, Fuengirola, Torremolinos, Nerja, V\u00e9lez M\u00e1laga, Torre del Mar, Nerja and Antequera.<br \/><\/span><\/h3>\n\t\t<\/div>\n\t\t\t\t\t<\/div>\n\n\t\n<\/div>\n\t\t<\/div>\n\n\t\t\n<style>\n#section_174917833 {\n  padding-top: 40px;\n  padding-bottom: 40px;\n}\n@media (min-width:850px) {\n  #section_174917833 {\n    padding-top: 70px;\n    padding-bottom: 70px;\n  }\n}\n<\/style>\n\t<\/section>\n\t\n\n\t<section class=\"section\" id=\"section_2121169670\">\n\t\t<div class=\"section-bg fill\" >\n\t\t\t\t\t\t\t\t\t<div class=\"section-bg-overlay absolute fill\"><\/div>\n\t\t\t\n\n\t\t<\/div>\n\n\t\t\n\n\t\t<div class=\"section-content relative\">\n\t\t\t\n<div class=\"row\"  id=\"row-838820854\">\n\n\t<div id=\"col-25317258\" class=\"col medium-8 small-12 large-8\"  >\n\t\t\t\t<div class=\"col-inner\"  >\n\t\t\t\n\t\t\t\n\n<p><iframe src=\"https:\/\/www.google.com\/maps\/embed?pb=!1m18!1m12!1m3!1d3203.354116720607!2d-4.5737841!3d36.5937795!2m3!1f0!2f0!3f0!3m2!1i1024!2i768!4f13.1!3m3!1m2!1s0xd72e384d497be63%3A0xd767e5a95658446b!2sFunerarias%20Camero!5e0!3m2!1ses!2ses!4v1717448869919!5m2!1ses!2ses\" width=\"700\" height=\"350\" style=\"border:0;\" allowfullscreen=\"\" loading=\"lazy\" referrerpolicy=\"no-referrer-when-downgrade\"><\/iframe><br \/>\n\n\t\t<\/div>\n\t\t\t\t\t<\/div>\n\n\t\n\n\t<div id=\"col-573481039\" class=\"col medium-4 small-12 large-4\"  >\n\t\t\t\t<div class=\"col-inner\"  >\n\t\t\t\n\t\t\t\n\t<div id=\"gap-504887171\" class=\"gap-element clearfix\" style=\"display:block; height:auto;\">\n\t\t\n<style>\n#gap-504887171 {\n  padding-top: 10px;\n}\n<\/style>\n\t<\/div>\n\t\n<div class=\"container section-title-container\" ><h3 class=\"section-title section-title-normal\"><b aria-hidden=\"true\"><\/b><span class=\"section-title-main\" style=\"font-size:120%;color:#a6a2a2;\">contact<\/span><b aria-hidden=\"true\"><\/b><\/h3><\/div>\n<p><span style=\"font-size: 130%; color: #a6a2a2;\">Address:<\/span><\/p>\n<p><span style=\"color: #a6a2a2; font-size: 130%;\">Calle San Miguel, 6 &#8211; Local 1<br \/>29639 Benalm\u00e1dena (M\u00e1laga<\/span><\/p>\n<div class=\"row\"  id=\"row-415856822\">\n\n\t<div id=\"col-1147915789\" class=\"col medium-6 small-12 large-6\"  >\n\t\t\t\t<div class=\"col-inner\"  >\n\t\t\t\n\t\t\t\n<a href=\"tel:+34952448171\" class=\"button primary\" style=\"border-radius:10px;\">\n\t\t<span>952 44 81 71<\/span>\n\t<\/a>\n\n\t\t<\/div>\n\t\t\t\t\t<\/div>\n\n\t\n\n\t<div id=\"col-942453465\" class=\"col medium-6 small-12 large-6\"  >\n\t\t\t\t<div class=\"col-inner\"  >\n\t\t\t\n\t\t\t\n<a href=\"https:\/\/www.google.com\/maps\/place\/Funerarias+Camero+Cementerio+Internacional+de+Benalm%C3%A1dena\/@36.6020684,-4.5679266,17z\/data=!3m1!4b1!4m6!3m5!1s0xd72e351b7a1d1cd:0xa5341e55d1a034c1!8m2!3d36.6020684!4d-4.5679266!16s%2Fg%2F11f3wd7rp8?hl=es&#038;entry=ttu\" class=\"button primary lowercase\" style=\"border-radius:10px;\">\n\t\t<span>View map<\/span>\n\t<\/a>\n\n\t\t<\/div>\n\t\t\t\t\t<\/div>\n\n\t\n<\/div>\n\t\t<\/div>\n\t\t\t\t\t<\/div>\n\n\t\n<\/div>\n\t\t<\/div>\n\n\t\t\n<style>\n#section_2121169670 {\n  padding-top: 30px;\n  padding-bottom: 30px;\n}\n#section_2121169670 .section-bg-overlay {\n  background-color: rgba(0, 0, 0, 0.721);\n}\n<\/style>\n\t<\/section>\n\t\n","protected":false},"excerpt":{"rendered":"","protected":false},"author":1,"featured_media":0,"parent":0,"menu_order":0,"comment_status":"closed","ping_status":"closed","template":"page-transparent-header-light.php","meta":{"_joinchat":[],"footnotes":""},"class_list":["post-946","page","type-page","status-publish","hentry"],"yoast_head":"<!-- This site is optimized with the Yoast SEO plugin v27.4 - https:\/\/yoast.com\/product\/yoast-seo-wordpress\/ -->\n<title>Funeral Home in Benalmadena | Camero Funeral Homes<\/title>\n<meta name=\"description\" content=\"Funerarias Camero is a benchmark in the funeral home sector in Benalm\u00e1dena. We have a wide range of services. Get informed\" \/>\n<meta name=\"robots\" content=\"index, follow, max-snippet:-1, max-image-preview:large, max-video-preview:-1\" \/>\n<link rel=\"canonical\" href=\"https:\/\/camero.es\/en\/funeral-home-in-benalmadena\/\" \/>\n<meta property=\"og:locale\" content=\"en_US\" \/>\n<meta property=\"og:type\" content=\"article\" \/>\n<meta property=\"og:title\" content=\"Funeral Home in Benalmadena | Camero Funeral Homes\" \/>\n<meta property=\"og:description\" content=\"Funerarias Camero is a benchmark in the funeral home sector in Benalm\u00e1dena. We have a wide range of services. Get informed\" \/>\n<meta property=\"og:url\" content=\"https:\/\/camero.es\/en\/funeral-home-in-benalmadena\/\" \/>\n<meta property=\"og:site_name\" content=\"Funeraria en M\u00e1laga, Funeraria Camero\" \/>\n<meta property=\"article:modified_time\" content=\"2024-06-03T21:20:44+00:00\" \/>\n<meta name=\"twitter:card\" content=\"summary_large_image\" \/>\n<meta name=\"twitter:label1\" content=\"Est. reading time\" \/>\n\t<meta name=\"twitter:data1\" content=\"3 minutes\" \/>\n<script type=\"application\/ld+json\" class=\"yoast-schema-graph\">{\"@context\":\"https:\\\/\\\/schema.org\",\"@graph\":[{\"@type\":\"WebPage\",\"@id\":\"https:\\\/\\\/camero.es\\\/en\\\/funeral-home-in-benalmadena\\\/\",\"url\":\"https:\\\/\\\/camero.es\\\/en\\\/funeral-home-in-benalmadena\\\/\",\"name\":\"Funeral Home in Benalmadena | Camero Funeral Homes\",\"isPartOf\":{\"@id\":\"https:\\\/\\\/camero.es\\\/en\\\/#website\"},\"datePublished\":\"2023-12-07T19:30:05+00:00\",\"dateModified\":\"2024-06-03T21:20:44+00:00\",\"description\":\"Funerarias Camero is a benchmark in the funeral home sector in Benalm\u00e1dena. We have a wide range of services. Get informed\",\"breadcrumb\":{\"@id\":\"https:\\\/\\\/camero.es\\\/en\\\/funeral-home-in-benalmadena\\\/#breadcrumb\"},\"inLanguage\":\"en-US\",\"potentialAction\":[{\"@type\":\"ReadAction\",\"target\":[\"https:\\\/\\\/camero.es\\\/en\\\/funeral-home-in-benalmadena\\\/\"]}]},{\"@type\":\"BreadcrumbList\",\"@id\":\"https:\\\/\\\/camero.es\\\/en\\\/funeral-home-in-benalmadena\\\/#breadcrumb\",\"itemListElement\":[{\"@type\":\"ListItem\",\"position\":1,\"name\":\"Portada\",\"item\":\"https:\\\/\\\/camero.es\\\/en\\\/\"},{\"@type\":\"ListItem\",\"position\":2,\"name\":\"Funeral Home in Benalmadena\"}]},{\"@type\":\"WebSite\",\"@id\":\"https:\\\/\\\/camero.es\\\/en\\\/#website\",\"url\":\"https:\\\/\\\/camero.es\\\/en\\\/\",\"name\":\"Funerarias en M\u00e1laga, Funeraria Camero\",\"description\":\"Servicios funerarios en M\u00e1laga, Benalm\u00e1dena, Fuengirola, Mijas, Marbella y Torremolinos\",\"publisher\":{\"@id\":\"https:\\\/\\\/camero.es\\\/en\\\/#organization\"},\"potentialAction\":[{\"@type\":\"SearchAction\",\"target\":{\"@type\":\"EntryPoint\",\"urlTemplate\":\"https:\\\/\\\/camero.es\\\/en\\\/?s={search_term_string}\"},\"query-input\":{\"@type\":\"PropertyValueSpecification\",\"valueRequired\":true,\"valueName\":\"search_term_string\"}}],\"inLanguage\":\"en-US\"},{\"@type\":\"Organization\",\"@id\":\"https:\\\/\\\/camero.es\\\/en\\\/#organization\",\"name\":\"Funerarias en M\u00e1laga, Funeraria Camero\",\"url\":\"https:\\\/\\\/camero.es\\\/en\\\/\",\"logo\":{\"@type\":\"ImageObject\",\"inLanguage\":\"en-US\",\"@id\":\"https:\\\/\\\/camero.es\\\/en\\\/#\\\/schema\\\/logo\\\/image\\\/\",\"url\":\"https:\\\/\\\/camero.es\\\/wp-content\\\/uploads\\\/2023\\\/12\\\/Camero1-2.png\",\"contentUrl\":\"https:\\\/\\\/camero.es\\\/wp-content\\\/uploads\\\/2023\\\/12\\\/Camero1-2.png\",\"width\":3506,\"height\":1090,\"caption\":\"Funerarias en M\u00e1laga, Funeraria Camero\"},\"image\":{\"@id\":\"https:\\\/\\\/camero.es\\\/en\\\/#\\\/schema\\\/logo\\\/image\\\/\"}}]}<\/script>\n<!-- \/ Yoast SEO plugin. -->","yoast_head_json":{"title":"Funeral Home in Benalmadena | Camero Funeral Homes","description":"Funerarias Camero is a benchmark in the funeral home sector in Benalm\u00e1dena. We have a wide range of services. Get informed","robots":{"index":"index","follow":"follow","max-snippet":"max-snippet:-1","max-image-preview":"max-image-preview:large","max-video-preview":"max-video-preview:-1"},"canonical":"https:\/\/camero.es\/en\/funeral-home-in-benalmadena\/","og_locale":"en_US","og_type":"article","og_title":"Funeral Home in Benalmadena | Camero Funeral Homes","og_description":"Funerarias Camero is a benchmark in the funeral home sector in Benalm\u00e1dena. We have a wide range of services. Get informed","og_url":"https:\/\/camero.es\/en\/funeral-home-in-benalmadena\/","og_site_name":"Funeraria en M\u00e1laga, Funeraria Camero","article_modified_time":"2024-06-03T21:20:44+00:00","twitter_card":"summary_large_image","twitter_misc":{"Est. reading time":"3 minutes"},"schema":{"@context":"https:\/\/schema.org","@graph":[{"@type":"WebPage","@id":"https:\/\/camero.es\/en\/funeral-home-in-benalmadena\/","url":"https:\/\/camero.es\/en\/funeral-home-in-benalmadena\/","name":"Funeral Home in Benalmadena | Camero Funeral Homes","isPartOf":{"@id":"https:\/\/camero.es\/en\/#website"},"datePublished":"2023-12-07T19:30:05+00:00","dateModified":"2024-06-03T21:20:44+00:00","description":"Funerarias Camero is a benchmark in the funeral home sector in Benalm\u00e1dena. We have a wide range of services. Get informed","breadcrumb":{"@id":"https:\/\/camero.es\/en\/funeral-home-in-benalmadena\/#breadcrumb"},"inLanguage":"en-US","potentialAction":[{"@type":"ReadAction","target":["https:\/\/camero.es\/en\/funeral-home-in-benalmadena\/"]}]},{"@type":"BreadcrumbList","@id":"https:\/\/camero.es\/en\/funeral-home-in-benalmadena\/#breadcrumb","itemListElement":[{"@type":"ListItem","position":1,"name":"Portada","item":"https:\/\/camero.es\/en\/"},{"@type":"ListItem","position":2,"name":"Funeral Home in Benalmadena"}]},{"@type":"WebSite","@id":"https:\/\/camero.es\/en\/#website","url":"https:\/\/camero.es\/en\/","name":"Funerarias en M\u00e1laga, Funeraria Camero","description":"Servicios funerarios en M\u00e1laga, Benalm\u00e1dena, Fuengirola, Mijas, Marbella y Torremolinos","publisher":{"@id":"https:\/\/camero.es\/en\/#organization"},"potentialAction":[{"@type":"SearchAction","target":{"@type":"EntryPoint","urlTemplate":"https:\/\/camero.es\/en\/?s={search_term_string}"},"query-input":{"@type":"PropertyValueSpecification","valueRequired":true,"valueName":"search_term_string"}}],"inLanguage":"en-US"},{"@type":"Organization","@id":"https:\/\/camero.es\/en\/#organization","name":"Funerarias en M\u00e1laga, Funeraria Camero","url":"https:\/\/camero.es\/en\/","logo":{"@type":"ImageObject","inLanguage":"en-US","@id":"https:\/\/camero.es\/en\/#\/schema\/logo\/image\/","url":"https:\/\/camero.es\/wp-content\/uploads\/2023\/12\/Camero1-2.png","contentUrl":"https:\/\/camero.es\/wp-content\/uploads\/2023\/12\/Camero1-2.png","width":3506,"height":1090,"caption":"Funerarias en M\u00e1laga, Funeraria Camero"},"image":{"@id":"https:\/\/camero.es\/en\/#\/schema\/logo\/image\/"}}]}},"_links":{"self":[{"href":"https:\/\/camero.es\/en\/wp-json\/wp\/v2\/pages\/946","targetHints":{"allow":["GET"]}}],"collection":[{"href":"https:\/\/camero.es\/en\/wp-json\/wp\/v2\/pages"}],"about":[{"href":"https:\/\/camero.es\/en\/wp-json\/wp\/v2\/types\/page"}],"author":[{"embeddable":true,"href":"https:\/\/camero.es\/en\/wp-json\/wp\/v2\/users\/1"}],"replies":[{"embeddable":true,"href":"https:\/\/camero.es\/en\/wp-json\/wp\/v2\/comments?post=946"}],"version-history":[{"count":12,"href":"https:\/\/camero.es\/en\/wp-json\/wp\/v2\/pages\/946\/revisions"}],"predecessor-version":[{"id":4010,"href":"https:\/\/camero.es\/en\/wp-json\/wp\/v2\/pages\/946\/revisions\/4010"}],"wp:attachment":[{"href":"https:\/\/camero.es\/en\/wp-json\/wp\/v2\/media?parent=946"}],"curies":[{"name":"wp","href":"https:\/\/api.w.org\/{rel}","templated":true}]}}