{"id":962,"date":"2023-12-07T19:30:51","date_gmt":"2023-12-07T19:30:51","guid":{"rendered":"https:\/\/camero.es\/funeraria-en-mijas\/"},"modified":"2024-01-21T20:29:36","modified_gmt":"2024-01-21T20:29:36","slug":"funeral-home-in-mijas","status":"publish","type":"page","link":"https:\/\/camero.es\/en\/funeral-home-in-mijas\/","title":{"rendered":"Funeral Home in Mijas"},"content":{"rendered":"<div class=\"slider-wrapper relative\" id=\"slider-944771338\" >\n    <div class=\"slider slider-nav-circle slider-nav-large slider-nav-light slider-style-normal\"\n        data-flickity-options='{\n            \"cellAlign\": \"center\",\n            \"imagesLoaded\": true,\n            \"lazyLoad\": 1,\n            \"freeScroll\": false,\n            \"wrapAround\": true,\n            \"autoPlay\": 6000,\n            \"pauseAutoPlayOnHover\" : true,\n            \"prevNextButtons\": true,\n            \"contain\" : true,\n            \"adaptiveHeight\" : true,\n            \"dragThreshold\" : 10,\n            \"percentPosition\": true,\n            \"pageDots\": true,\n            \"rightToLeft\": false,\n            \"draggable\": true,\n            \"selectedAttraction\": 0.1,\n            \"parallax\" : 0,\n            \"friction\": 0.6        }'\n        >\n        \n\n  <div class=\"banner has-hover\" id=\"banner-1425588289\">\n          <div class=\"banner-inner fill\">\n        <div class=\"banner-bg fill\" >\n            <img loading=\"lazy\" decoding=\"async\" width=\"1536\" height=\"720\" src=\"https:\/\/camero.es\/wp-content\/uploads\/2023\/12\/crematorio-1536x720.jpg\" class=\"bg attachment-1536x1536 size-1536x1536\" alt=\"\" \/>                        <div class=\"overlay\"><\/div>            \n                    <\/div>\n\t\t\n        <div class=\"banner-layers container\">\n            <div class=\"fill banner-link\"><\/div>            \n   <div id=\"text-box-1482532926\" class=\"text-box banner-layer x50 md-x50 lg-x50 y50 md-y50 lg-y50 res-text\">\n                                <div class=\"text-box-content text dark\">\n              \n              <div class=\"text-inner text-center\">\n                  \n<h1 class=\"uppercase\"><span style=\"font-size: 90%;\"><strong>FUNERAL HOME IN Mijas<\/strong><\/span><\/h1>\n<p class=\"uppercase\"><span style=\"text-decoration: underline; font-size: 250%;\"><em><strong><a href=\"tel:952448171\" data-track-event=\"click\" data-track-action=\"phone_link\" data-wplink-edit=\"true\">call us!<\/a><\/strong><\/em><\/span><\/p>\n              <\/div>\n           <\/div>\n                            \n<style>\n#text-box-1482532926 {\n  width: 90%;\n}\n#text-box-1482532926 .text-box-content {\n  font-size: 100%;\n}\n<\/style>\n    <\/div>\n \n        <\/div>\n      <\/div>\n\n            \n<style>\n#banner-1425588289 {\n  padding-top: 530px;\n}\n#banner-1425588289 .overlay {\n  background-color: rgba(0, 0, 0, 0.459);\n}\n#banner-1425588289 .banner-bg img {\n  object-position: 53% 7%;\n}\n<\/style>\n  <\/div>\n\n\n     <\/div>\n\n     <div class=\"loading-spin dark large centered\"><\/div>\n\n\t<\/div>\n\n\n\n\t<section class=\"section\" id=\"section_2063502005\">\n\t\t<div class=\"section-bg fill\" >\n\t\t\t\t\t\t\t\t\t\n\t\t\t\n\n\t\t<\/div>\n\n\t\t\n\n\t\t<div class=\"section-content relative\">\n\t\t\t\n<div class=\"row\"  id=\"row-1548881931\">\n\n\t<div id=\"col-697363728\" class=\"col small-12 large-12\"  >\n\t\t\t\t<div class=\"col-inner\"  >\n\t\t\t\n\t\t\t\n<div class=\"container section-title-container\" ><h2 class=\"section-title section-title-center\"><b aria-hidden=\"true\"><\/b><span class=\"section-title-main\" style=\"font-size:144%;color:rgb(0, 46, 91);\">Do you need a funeral home in Mijas?<\/span><b aria-hidden=\"true\"><\/b><\/h2><\/div>\n\t\t<\/div>\n\t\t\t\t\t<\/div>\n\n\t\n\n\t<div id=\"col-1994258885\" class=\"col medium-12 small-12 large-7\"  >\n\t\t\t\t<div class=\"col-inner\"  >\n\t\t\t\n\t\t\t\n<div class=\"container section-title-container\" ><h2 class=\"section-title section-title-normal\"><b aria-hidden=\"true\"><\/b><span class=\"section-title-main\" style=\"color:rgb(0, 46, 91);\">FUNERARY SERVICES IN MiJAS<\/span><b aria-hidden=\"true\"><\/b><\/h2><\/div>\n<p><span style=\"font-size: 110%;\">Francisco Camero began offering funeral services more than two centuries ago, becoming one of the oldest funeral parlors in the province of Malaga. Our <strong>funeral services in Mijas<\/strong> date back to the time when Francisco Camero Rold\u00e1n began extending his funeral services to different locations in the province of M\u00e1laga.<\/span><\/p>\n<p><span style=\"font-size: 110%;\">The values of Francisco Camero, S.L., have been transmitted from father to son, from the first to the fourth generation. We are specialized in the funerary sector in Mijas through a professional treatment, of great technical and human quality, as well as an enormous consideration towards the relatives of the deceased.<\/span><\/p>\n\t\t<\/div>\n\t\t\t\t\n<style>\n#col-1994258885 > .col-inner {\n  padding: 0px 0px 0px 0;\n}\n@media (min-width:850px) {\n  #col-1994258885 > .col-inner {\n    padding: 0px 0px 0px 0%;\n  }\n}\n<\/style>\n\t<\/div>\n\n\t\n\n\t<div id=\"col-614205881\" class=\"col medium-12 small-12 large-5\"  >\n\t\t\t\t<div class=\"col-inner\"  >\n\t\t\t\n\t\t\t\n\n  <div class=\"banner has-hover\" id=\"banner-1489987433\">\n          <div class=\"banner-inner fill\">\n        <div class=\"banner-bg fill\" >\n            <img loading=\"lazy\" decoding=\"async\" width=\"1020\" height=\"680\" src=\"https:\/\/camero.es\/wp-content\/uploads\/2023\/12\/Crematorio_Benalmadena-1024x683.jpg\" class=\"bg attachment-large size-large\" alt=\"\" \/>                                    \n                    <\/div>\n\t\t\n        <div class=\"banner-layers container\">\n            <div class=\"fill banner-link\"><\/div>            \n   <div id=\"text-box-965188438\" class=\"text-box banner-layer x50 md-x50 lg-x50 y50 md-y50 lg-y50 res-text\">\n                                <div class=\"text-box-content text dark\">\n              \n              <div class=\"text-inner text-center\">\n                  \n              <\/div>\n           <\/div>\n                            \n<style>\n#text-box-965188438 {\n  width: 60%;\n}\n#text-box-965188438 .text-box-content {\n  font-size: 100%;\n}\n<\/style>\n    <\/div>\n \n        <\/div>\n      <\/div>\n\n            \n<style>\n#banner-1489987433 {\n  padding-top: 99.99%;\n  background-color: rgb(255, 255, 255);\n}\n#banner-1489987433 .banner-bg img {\n  object-position: 35% 56%;\n}\n@media (min-width:550px) {\n  #banner-1489987433 {\n    padding-top: 75%;\n  }\n}\n@media (min-width:850px) {\n  #banner-1489987433 {\n    padding-top: 99.99%;\n  }\n}\n<\/style>\n  <\/div>\n\n\n\t\t<\/div>\n\t\t\t\t\t<\/div>\n\n\t\n\n\t<div id=\"col-461536942\" class=\"col small-12 large-12\"  >\n\t\t\t\t<div class=\"col-inner\"  >\n\t\t\t\n\t\t\t\n<p><span style=\"font-size: 110%;\">In addition, the Camero family has been updating their services to carry a wide variety of funeral transfers, tanatopraxia, Funeral Plans and all kinds of accessories such as personalized tombstones, coffins and urns. We adapt to the technical innovations of the market so that our funeral home in Mijas offers the adequate quality to the situation that is presented.<\/span><\/p>\n<p><span style=\"font-size: 110%;\"><strong>The funerary services in Mijas<\/strong>, generation after generation, stand out for attention to detail, close treatment, professional and family, so that those painful moments are as bearable as possible.<\/span><\/p>\n<p><span style=\"font-size: 110%;\">Each of the members of our team of professionals is considered as family. Year after year, we actively participate in the specialization and improvement of the knowledge acquired for a continuous professional specialization, since, it is of great importance to transmit our values, and above all, we focus on the comfort of our clients through <strong>funeral services in Mijas<\/strong>.<\/span><\/p>\n\t\t<\/div>\n\t\t\t\t\t<\/div>\n\n\t\n<\/div>\n<div class=\"row align-middle\"  id=\"row-66979334\">\n\n\t<div id=\"col-1958103140\" class=\"col small-12 large-12\"  >\n\t\t\t\t<div class=\"col-inner\"  >\n\t\t\t\n\t\t\t\n<h3 class=\"lead\" style=\"text-align: center;\"><span style=\"font-size: 120%; color: #808080;\">Our funeral services cover, in addition to Mijas, other towns in the Province of M\u00e1laga, Gibraltar, Estepona, Manilva, Ronda, Marbella, Fuengirola, Benalm\u00e1dena, Torremolinos, Nerja, V\u00e9lez M\u00e1laga, Torre del Mar, Nerja and Antequera.<\/span><\/h3>\n\t\t<\/div>\n\t\t\t\t\t<\/div>\n\n\t\n<\/div>\n\t\t<\/div>\n\n\t\t\n<style>\n#section_2063502005 {\n  padding-top: 40px;\n  padding-bottom: 40px;\n}\n@media (min-width:850px) {\n  #section_2063502005 {\n    padding-top: 70px;\n    padding-bottom: 70px;\n  }\n}\n<\/style>\n\t<\/section>\n\t\n\n\t<section class=\"section\" id=\"section_672310068\">\n\t\t<div class=\"section-bg fill\" >\n\t\t\t\t\t\t\t\t\t<div class=\"section-bg-overlay absolute fill\"><\/div>\n\t\t\t\n\n\t\t<\/div>\n\n\t\t\n\n\t\t<div class=\"section-content relative\">\n\t\t\t\n<div class=\"row row-large align-middle align-center row-solid\"  id=\"row-848876109\">\n\n\t<div id=\"col-1761043605\" class=\"col medium-7 small-12 large-7\"  >\n\t\t\t\t<div class=\"col-inner\"  >\n\t\t\t\n\t\t\t\n\t<div class=\"img has-hover x md-x lg-x y md-y lg-y\" id=\"image_567507935\">\n\t\t\t\t\t\t\t\t<div class=\"img-inner image-cover dark\" style=\"padding-top:75%;margin:6px 0px 0px 0px;\">\n\t\t\t<img loading=\"lazy\" decoding=\"async\" width=\"1020\" height=\"387\" src=\"https:\/\/camero.es\/wp-content\/uploads\/2023\/12\/Funerarias_Malaga-1024x389.jpg\" class=\"attachment-large size-large\" alt=\"\" srcset=\"https:\/\/camero.es\/wp-content\/uploads\/2023\/12\/Funerarias_Malaga-1024x389.jpg 1024w, https:\/\/camero.es\/wp-content\/uploads\/2023\/12\/Funerarias_Malaga-300x114.jpg 300w, https:\/\/camero.es\/wp-content\/uploads\/2023\/12\/Funerarias_Malaga-768x292.jpg 768w, https:\/\/camero.es\/wp-content\/uploads\/2023\/12\/Funerarias_Malaga-1536x584.jpg 1536w, https:\/\/camero.es\/wp-content\/uploads\/2023\/12\/Funerarias_Malaga.jpg 1920w\" sizes=\"auto, (max-width: 1020px) 100vw, 1020px\" \/>\t\t\t\t\t\t\t<div class=\"overlay\" style=\"background-color: rgba(27, 2, 2, 0.378)\"><\/div>\n\t\t\t\t\t\t\n\t\t\t\t\t<\/div>\n\t\t\t\t\t\t\t\t\n<style>\n#image_567507935 {\n  width: 100%;\n}\n<\/style>\n\t<\/div>\n\t\n\t\t<\/div>\n\t\t\t\t\t<\/div>\n\n\t\n\n\t<div id=\"col-808448006\" class=\"col medium-5 small-12 large-5\"  >\n\t\t\t\t<div class=\"col-inner\" style=\"background-color:rgb(255,255,255);\" >\n\t\t\t\n\t\t\t\n\n<div class=\"wpcf7 no-js\" id=\"wpcf7-f1331-o1\" lang=\"en-US\" dir=\"ltr\" data-wpcf7-id=\"1331\">\n<div class=\"screen-reader-response\"><p role=\"status\" aria-live=\"polite\" aria-atomic=\"true\"><\/p> <ul><\/ul><\/div>\n<form action=\"\/en\/wp-json\/wp\/v2\/pages\/962#wpcf7-f1331-o1\" method=\"post\" class=\"wpcf7-form init\" aria-label=\"Contact form\" novalidate=\"novalidate\" data-status=\"init\">\n<fieldset class=\"hidden-fields-container\"><input type=\"hidden\" name=\"_wpcf7\" value=\"1331\" \/><input type=\"hidden\" name=\"_wpcf7_version\" value=\"6.1.5\" \/><input type=\"hidden\" name=\"_wpcf7_locale\" value=\"en_US\" \/><input type=\"hidden\" name=\"_wpcf7_unit_tag\" value=\"wpcf7-f1331-o1\" \/><input type=\"hidden\" name=\"_wpcf7_container_post\" value=\"0\" \/><input type=\"hidden\" name=\"_wpcf7_posted_data_hash\" value=\"\" \/><input type=\"hidden\" name=\"_wpcf7_recaptcha_response\" value=\"\" \/>\n<\/fieldset>\n<div class=\"form-flat\">\n\t<p><span class=\"wpcf7-form-control-wrap\" data-name=\"your-name\"><input size=\"40\" maxlength=\"400\" class=\"wpcf7-form-control wpcf7-text wpcf7-validates-as-required\" aria-required=\"true\" aria-invalid=\"false\" placeholder=\"Your Name (required)\" value=\"\" type=\"text\" name=\"your-name\" \/><\/span><br \/>\n<span class=\"wpcf7-form-control-wrap\" data-name=\"your-email\"><input size=\"40\" maxlength=\"400\" class=\"wpcf7-form-control wpcf7-email wpcf7-validates-as-required wpcf7-text wpcf7-validates-as-email\" aria-required=\"true\" aria-invalid=\"false\" placeholder=\"Your Email (required)\" value=\"\" type=\"email\" name=\"your-email\" \/><\/span>\n\t<\/p>\n\t<p><span class=\"wpcf7-form-control-wrap\" data-name=\"tel-677\"><input size=\"40\" maxlength=\"400\" class=\"wpcf7-form-control wpcf7-tel wpcf7-validates-as-required wpcf7-text wpcf7-validates-as-tel\" aria-required=\"true\" aria-invalid=\"false\" placeholder=\"Phone (required)\" value=\"\" type=\"tel\" name=\"tel-677\" \/><\/span>\n\t<\/p>\n\t<p><span class=\"wpcf7-form-control-wrap\" data-name=\"your-message\"><textarea cols=\"40\" rows=\"10\" maxlength=\"2000\" class=\"wpcf7-form-control wpcf7-textarea\" aria-invalid=\"false\" placeholder=\"Message (required)\" name=\"your-message\"><\/textarea><\/span>\n\t<\/p>\n\t<p><span class=\"wpcf7-form-control-wrap\" data-name=\"acceptance-46\"><span class=\"wpcf7-form-control wpcf7-acceptance\"><span class=\"wpcf7-list-item\"><label><input type=\"checkbox\" name=\"acceptance-46\" value=\"1\" id=\"AceptacionPoliticaPrivacidad\" aria-invalid=\"false\" \/><span class=\"wpcf7-list-item-label\"><a href=\"https:\/\/camero.es\/en\/privacy-policy\/\">I have read and accept the Privacy Policy as well as the processing of my data<\/a><\/span><\/label><\/span><\/span><\/span>\n\t<\/p>\n\t<p><input class=\"wpcf7-form-control wpcf7-submit has-spinner button\" type=\"submit\" value=\"Send\" \/>\n\t<\/p>\n<\/div><div class=\"wpcf7-response-output\" aria-hidden=\"true\"><\/div>\n<\/form>\n<\/div>\n\n\t\t<\/div>\n\t\t\t\t\n<style>\n#col-808448006 > .col-inner {\n  padding: 20px 15px 5px 15px;\n  margin: 0px 0px 0px 0px;\n}\n<\/style>\n\t<\/div>\n\n\t\n<\/div>\n\t\t<\/div>\n\n\t\t\n<style>\n#section_672310068 {\n  padding-top: 30px;\n  padding-bottom: 30px;\n}\n#section_672310068 .section-bg-overlay {\n  background-color: rgba(0, 0, 0, 0.721);\n}\n<\/style>\n\t<\/section>\n\t\n","protected":false},"excerpt":{"rendered":"","protected":false},"author":1,"featured_media":0,"parent":0,"menu_order":0,"comment_status":"closed","ping_status":"closed","template":"page-transparent-header-light.php","meta":{"_joinchat":[],"footnotes":""},"class_list":["post-962","page","type-page","status-publish","hentry"],"yoast_head":"<!-- This site is optimized with the Yoast SEO plugin v27.3 - https:\/\/yoast.com\/product\/yoast-seo-wordpress\/ -->\n<title>Funeral Home in Mijas. Camero Funerary Services.<\/title>\n<meta name=\"description\" content=\"Funerarias Camero is a benchmark in the funeral home sector in Mijas. We have a wide range of services. Call us!\" \/>\n<meta name=\"robots\" content=\"index, follow, max-snippet:-1, max-image-preview:large, max-video-preview:-1\" \/>\n<link rel=\"canonical\" href=\"https:\/\/camero.es\/en\/funeral-home-in-mijas\/\" \/>\n<meta property=\"og:locale\" content=\"en_US\" \/>\n<meta property=\"og:type\" content=\"article\" \/>\n<meta property=\"og:title\" content=\"Funeral Home in Mijas. Camero Funerary Services.\" \/>\n<meta property=\"og:description\" content=\"Funerarias Camero is a benchmark in the funeral home sector in Mijas. We have a wide range of services. Call us!\" \/>\n<meta property=\"og:url\" content=\"https:\/\/camero.es\/en\/funeral-home-in-mijas\/\" \/>\n<meta property=\"og:site_name\" content=\"Funeraria en M\u00e1laga, Funeraria Camero\" \/>\n<meta property=\"article:modified_time\" content=\"2024-01-21T20:29:36+00:00\" \/>\n<meta name=\"twitter:card\" content=\"summary_large_image\" \/>\n<meta name=\"twitter:label1\" content=\"Est. reading time\" \/>\n\t<meta name=\"twitter:data1\" content=\"2 minutes\" \/>\n<script type=\"application\/ld+json\" class=\"yoast-schema-graph\">{\"@context\":\"https:\\\/\\\/schema.org\",\"@graph\":[{\"@type\":\"WebPage\",\"@id\":\"https:\\\/\\\/camero.es\\\/en\\\/funeral-home-in-mijas\\\/\",\"url\":\"https:\\\/\\\/camero.es\\\/en\\\/funeral-home-in-mijas\\\/\",\"name\":\"Funeral Home in Mijas. Camero Funerary Services.\",\"isPartOf\":{\"@id\":\"https:\\\/\\\/camero.es\\\/en\\\/#website\"},\"datePublished\":\"2023-12-07T19:30:51+00:00\",\"dateModified\":\"2024-01-21T20:29:36+00:00\",\"description\":\"Funerarias Camero is a benchmark in the funeral home sector in Mijas. We have a wide range of services. Call us!\",\"breadcrumb\":{\"@id\":\"https:\\\/\\\/camero.es\\\/en\\\/funeral-home-in-mijas\\\/#breadcrumb\"},\"inLanguage\":\"en-US\",\"potentialAction\":[{\"@type\":\"ReadAction\",\"target\":[\"https:\\\/\\\/camero.es\\\/en\\\/funeral-home-in-mijas\\\/\"]}]},{\"@type\":\"BreadcrumbList\",\"@id\":\"https:\\\/\\\/camero.es\\\/en\\\/funeral-home-in-mijas\\\/#breadcrumb\",\"itemListElement\":[{\"@type\":\"ListItem\",\"position\":1,\"name\":\"Portada\",\"item\":\"https:\\\/\\\/camero.es\\\/en\\\/\"},{\"@type\":\"ListItem\",\"position\":2,\"name\":\"Funeral Home in Mijas\"}]},{\"@type\":\"WebSite\",\"@id\":\"https:\\\/\\\/camero.es\\\/en\\\/#website\",\"url\":\"https:\\\/\\\/camero.es\\\/en\\\/\",\"name\":\"Funerarias en M\u00e1laga, Funeraria Camero\",\"description\":\"Servicios funerarios en M\u00e1laga, Benalm\u00e1dena, Fuengirola, Mijas, Marbella y Torremolinos\",\"publisher\":{\"@id\":\"https:\\\/\\\/camero.es\\\/en\\\/#organization\"},\"potentialAction\":[{\"@type\":\"SearchAction\",\"target\":{\"@type\":\"EntryPoint\",\"urlTemplate\":\"https:\\\/\\\/camero.es\\\/en\\\/?s={search_term_string}\"},\"query-input\":{\"@type\":\"PropertyValueSpecification\",\"valueRequired\":true,\"valueName\":\"search_term_string\"}}],\"inLanguage\":\"en-US\"},{\"@type\":\"Organization\",\"@id\":\"https:\\\/\\\/camero.es\\\/en\\\/#organization\",\"name\":\"Funerarias en M\u00e1laga, Funeraria Camero\",\"url\":\"https:\\\/\\\/camero.es\\\/en\\\/\",\"logo\":{\"@type\":\"ImageObject\",\"inLanguage\":\"en-US\",\"@id\":\"https:\\\/\\\/camero.es\\\/en\\\/#\\\/schema\\\/logo\\\/image\\\/\",\"url\":\"https:\\\/\\\/camero.es\\\/wp-content\\\/uploads\\\/2023\\\/12\\\/Camero1-2.png\",\"contentUrl\":\"https:\\\/\\\/camero.es\\\/wp-content\\\/uploads\\\/2023\\\/12\\\/Camero1-2.png\",\"width\":3506,\"height\":1090,\"caption\":\"Funerarias en M\u00e1laga, Funeraria Camero\"},\"image\":{\"@id\":\"https:\\\/\\\/camero.es\\\/en\\\/#\\\/schema\\\/logo\\\/image\\\/\"}}]}<\/script>\n<!-- \/ Yoast SEO plugin. -->","yoast_head_json":{"title":"Funeral Home in Mijas. Camero Funerary Services.","description":"Funerarias Camero is a benchmark in the funeral home sector in Mijas. We have a wide range of services. Call us!","robots":{"index":"index","follow":"follow","max-snippet":"max-snippet:-1","max-image-preview":"max-image-preview:large","max-video-preview":"max-video-preview:-1"},"canonical":"https:\/\/camero.es\/en\/funeral-home-in-mijas\/","og_locale":"en_US","og_type":"article","og_title":"Funeral Home in Mijas. Camero Funerary Services.","og_description":"Funerarias Camero is a benchmark in the funeral home sector in Mijas. We have a wide range of services. Call us!","og_url":"https:\/\/camero.es\/en\/funeral-home-in-mijas\/","og_site_name":"Funeraria en M\u00e1laga, Funeraria Camero","article_modified_time":"2024-01-21T20:29:36+00:00","twitter_card":"summary_large_image","twitter_misc":{"Est. reading time":"2 minutes"},"schema":{"@context":"https:\/\/schema.org","@graph":[{"@type":"WebPage","@id":"https:\/\/camero.es\/en\/funeral-home-in-mijas\/","url":"https:\/\/camero.es\/en\/funeral-home-in-mijas\/","name":"Funeral Home in Mijas. Camero Funerary Services.","isPartOf":{"@id":"https:\/\/camero.es\/en\/#website"},"datePublished":"2023-12-07T19:30:51+00:00","dateModified":"2024-01-21T20:29:36+00:00","description":"Funerarias Camero is a benchmark in the funeral home sector in Mijas. We have a wide range of services. Call us!","breadcrumb":{"@id":"https:\/\/camero.es\/en\/funeral-home-in-mijas\/#breadcrumb"},"inLanguage":"en-US","potentialAction":[{"@type":"ReadAction","target":["https:\/\/camero.es\/en\/funeral-home-in-mijas\/"]}]},{"@type":"BreadcrumbList","@id":"https:\/\/camero.es\/en\/funeral-home-in-mijas\/#breadcrumb","itemListElement":[{"@type":"ListItem","position":1,"name":"Portada","item":"https:\/\/camero.es\/en\/"},{"@type":"ListItem","position":2,"name":"Funeral Home in Mijas"}]},{"@type":"WebSite","@id":"https:\/\/camero.es\/en\/#website","url":"https:\/\/camero.es\/en\/","name":"Funerarias en M\u00e1laga, Funeraria Camero","description":"Servicios funerarios en M\u00e1laga, Benalm\u00e1dena, Fuengirola, Mijas, Marbella y Torremolinos","publisher":{"@id":"https:\/\/camero.es\/en\/#organization"},"potentialAction":[{"@type":"SearchAction","target":{"@type":"EntryPoint","urlTemplate":"https:\/\/camero.es\/en\/?s={search_term_string}"},"query-input":{"@type":"PropertyValueSpecification","valueRequired":true,"valueName":"search_term_string"}}],"inLanguage":"en-US"},{"@type":"Organization","@id":"https:\/\/camero.es\/en\/#organization","name":"Funerarias en M\u00e1laga, Funeraria Camero","url":"https:\/\/camero.es\/en\/","logo":{"@type":"ImageObject","inLanguage":"en-US","@id":"https:\/\/camero.es\/en\/#\/schema\/logo\/image\/","url":"https:\/\/camero.es\/wp-content\/uploads\/2023\/12\/Camero1-2.png","contentUrl":"https:\/\/camero.es\/wp-content\/uploads\/2023\/12\/Camero1-2.png","width":3506,"height":1090,"caption":"Funerarias en M\u00e1laga, Funeraria Camero"},"image":{"@id":"https:\/\/camero.es\/en\/#\/schema\/logo\/image\/"}}]}},"_links":{"self":[{"href":"https:\/\/camero.es\/en\/wp-json\/wp\/v2\/pages\/962","targetHints":{"allow":["GET"]}}],"collection":[{"href":"https:\/\/camero.es\/en\/wp-json\/wp\/v2\/pages"}],"about":[{"href":"https:\/\/camero.es\/en\/wp-json\/wp\/v2\/types\/page"}],"author":[{"embeddable":true,"href":"https:\/\/camero.es\/en\/wp-json\/wp\/v2\/users\/1"}],"replies":[{"embeddable":true,"href":"https:\/\/camero.es\/en\/wp-json\/wp\/v2\/comments?post=962"}],"version-history":[{"count":12,"href":"https:\/\/camero.es\/en\/wp-json\/wp\/v2\/pages\/962\/revisions"}],"predecessor-version":[{"id":1628,"href":"https:\/\/camero.es\/en\/wp-json\/wp\/v2\/pages\/962\/revisions\/1628"}],"wp:attachment":[{"href":"https:\/\/camero.es\/en\/wp-json\/wp\/v2\/media?parent=962"}],"curies":[{"name":"wp","href":"https:\/\/api.w.org\/{rel}","templated":true}]}}