{"id":966,"date":"2023-12-07T19:30:34","date_gmt":"2023-12-07T19:30:34","guid":{"rendered":"https:\/\/camero.es\/funeraria-en-torremolinos\/"},"modified":"2024-01-21T20:30:39","modified_gmt":"2024-01-21T20:30:39","slug":"funeral-home-in-torremolinos","status":"publish","type":"page","link":"https:\/\/camero.es\/en\/funeral-home-in-torremolinos\/","title":{"rendered":"Funeral Home in Torremolinos"},"content":{"rendered":"<div class=\"slider-wrapper relative\" id=\"slider-612661034\" >\n    <div class=\"slider slider-nav-circle slider-nav-large slider-nav-light slider-style-normal\"\n        data-flickity-options='{\n            \"cellAlign\": \"center\",\n            \"imagesLoaded\": true,\n            \"lazyLoad\": 1,\n            \"freeScroll\": false,\n            \"wrapAround\": true,\n            \"autoPlay\": 6000,\n            \"pauseAutoPlayOnHover\" : true,\n            \"prevNextButtons\": true,\n            \"contain\" : true,\n            \"adaptiveHeight\" : true,\n            \"dragThreshold\" : 10,\n            \"percentPosition\": true,\n            \"pageDots\": true,\n            \"rightToLeft\": false,\n            \"draggable\": true,\n            \"selectedAttraction\": 0.1,\n            \"parallax\" : 0,\n            \"friction\": 0.6        }'\n        >\n        \n\n  <div class=\"banner has-hover\" id=\"banner-603615413\">\n          <div class=\"banner-inner fill\">\n        <div class=\"banner-bg fill\" >\n            <img loading=\"lazy\" decoding=\"async\" width=\"1536\" height=\"584\" src=\"https:\/\/camero.es\/wp-content\/uploads\/2023\/12\/incineracion_malaga-1-1536x584.jpg\" class=\"bg attachment-1536x1536 size-1536x1536\" alt=\"Incineraci\u00f3n M\u00e1laga\" \/>                        <div class=\"overlay\"><\/div>            \n                    <\/div>\n\t\t\n        <div class=\"banner-layers container\">\n            <div class=\"fill banner-link\"><\/div>            \n   <div id=\"text-box-1755724978\" class=\"text-box banner-layer x50 md-x50 lg-x50 y50 md-y50 lg-y50 res-text\">\n                                <div class=\"text-box-content text dark\">\n              \n              <div class=\"text-inner text-center\">\n                  \n<h1 class=\"uppercase\"><span style=\"font-size: 90%;\"><strong>Funeral home in Torremolinos<\/strong><\/span><\/h1>\n<p class=\"uppercase\"><span style=\"text-decoration: underline; font-size: 250%;\"><em><strong><a href=\"tel:952448171\" data-track-event=\"click\" data-track-action=\"phone_link\">CALL US!<\/a><\/strong><\/em><\/span><\/p>\n              <\/div>\n           <\/div>\n                            \n<style>\n#text-box-1755724978 {\n  width: 90%;\n}\n#text-box-1755724978 .text-box-content {\n  font-size: 100%;\n}\n<\/style>\n    <\/div>\n \n        <\/div>\n      <\/div>\n\n            \n<style>\n#banner-603615413 {\n  padding-top: 530px;\n}\n#banner-603615413 .overlay {\n  background-color: rgba(0,0,0,.5);\n}\n#banner-603615413 .banner-bg img {\n  object-position: 53% 7%;\n}\n<\/style>\n  <\/div>\n\n\n     <\/div>\n\n     <div class=\"loading-spin dark large centered\"><\/div>\n\n\t<\/div>\n\n\n\n\t<section class=\"section\" id=\"section_344115597\">\n\t\t<div class=\"section-bg fill\" >\n\t\t\t\t\t\t\t\t\t\n\t\t\t\n\n\t\t<\/div>\n\n\t\t\n\n\t\t<div class=\"section-content relative\">\n\t\t\t\n<div class=\"row\"  id=\"row-725425630\">\n\n\t<div id=\"col-475933871\" class=\"col small-12 large-12\"  >\n\t\t\t\t<div class=\"col-inner\"  >\n\t\t\t\n\t\t\t\n<div class=\"container section-title-container\" ><h2 class=\"section-title section-title-center\"><b aria-hidden=\"true\"><\/b><span class=\"section-title-main\" style=\"font-size:144%;color:rgb(0, 46, 91);\">Do you need a funeral home in Torremolinos?<\/span><b aria-hidden=\"true\"><\/b><\/h2><\/div>\n\t\t<\/div>\n\t\t\t\t\t<\/div>\n\n\t\n\n\t<div id=\"col-98338785\" class=\"col medium-12 small-12 large-7\"  >\n\t\t\t\t<div class=\"col-inner\"  >\n\t\t\t\n\t\t\t\n<div class=\"container section-title-container\" ><h2 class=\"section-title section-title-normal\"><b aria-hidden=\"true\"><\/b><span class=\"section-title-main\" style=\"color:rgb(0, 46, 91);\">FUNERARY SERVICES IN TORREMOLINOS<\/span><b aria-hidden=\"true\"><\/b><\/h2><\/div>\n<p><span style=\"font-size: 110%;\">At the Francisco Camero Funeral Home, we have been offering funeral services for more than twenty years in Torremolinos. Francisco Camero SL is one of the oldest funeral parlors in the province of Malaga. Our <strong>funeral services in Torremolinos<\/strong> go back to its initial period, when Francisco Camero Rold\u00e1n, founder of the funeral services company, began to spread to different locations in the province of M\u00e1laga.<\/span><\/p>\n<p><span style=\"font-size: 110%;\">It is a family business that has been transmitting its values of parents to children for four generations. The first generation was composed by its founder, continuing with Salvador Camero Ba\u00f1asco, son, and Francisco Camero Contreras, grandson who has been a funeral home for over 30 years in Torremolinos.<\/span><\/p>\n\t\t<\/div>\n\t\t\t\t\n<style>\n#col-98338785 > .col-inner {\n  padding: 0px 0px 0px 0;\n}\n@media (min-width:850px) {\n  #col-98338785 > .col-inner {\n    padding: 0px 0px 0px 0%;\n  }\n}\n<\/style>\n\t<\/div>\n\n\t\n\n\t<div id=\"col-1308848157\" class=\"col medium-12 small-12 large-5\"  >\n\t\t\t\t<div class=\"col-inner\"  >\n\t\t\t\n\t\t\t\n\n  <div class=\"banner has-hover\" id=\"banner-1808601262\">\n          <div class=\"banner-inner fill\">\n        <div class=\"banner-bg fill\" >\n            <img loading=\"lazy\" decoding=\"async\" width=\"1020\" height=\"680\" src=\"https:\/\/camero.es\/wp-content\/uploads\/2023\/12\/Crematorio_Benalmadena-1024x683.jpg\" class=\"bg attachment-large size-large\" alt=\"\" \/>                                    \n                    <\/div>\n\t\t\n        <div class=\"banner-layers container\">\n            <div class=\"fill banner-link\"><\/div>            \n   <div id=\"text-box-97356565\" class=\"text-box banner-layer x50 md-x50 lg-x50 y50 md-y50 lg-y50 res-text\">\n                                <div class=\"text-box-content text dark\">\n              \n              <div class=\"text-inner text-center\">\n                  \n              <\/div>\n           <\/div>\n                            \n<style>\n#text-box-97356565 {\n  width: 60%;\n}\n#text-box-97356565 .text-box-content {\n  font-size: 100%;\n}\n<\/style>\n    <\/div>\n \n        <\/div>\n      <\/div>\n\n            \n<style>\n#banner-1808601262 {\n  padding-top: 99.99%;\n  background-color: rgb(255, 255, 255);\n}\n#banner-1808601262 .banner-bg img {\n  object-position: 35% 56%;\n}\n@media (min-width:550px) {\n  #banner-1808601262 {\n    padding-top: 75%;\n  }\n}\n@media (min-width:850px) {\n  #banner-1808601262 {\n    padding-top: 99.99%;\n  }\n}\n<\/style>\n  <\/div>\n\n\n\t\t<\/div>\n\t\t\t\t\t<\/div>\n\n\t\n\n\t<div id=\"col-981098422\" class=\"col small-12 large-12\"  >\n\t\t\t\t<div class=\"col-inner\"  >\n\t\t\t\n\t\t\t\n<p><span style=\"font-size: 110%;\">We are specialists in <strong>the funeral sector in Torremolinos<\/strong>. We have a great team of professionals that offers professional treatment, technical and human quality, also have a great regard for the family of the deceased.<\/span><\/p>\n<p><span style=\"font-size: 110%;\">Funeral services in Torremolinos, one generation after another, stand out for the attention to detail, close treatment and family, in addition to offering the greatest professionalism possible in those painful moments, so that they are as bearable as possible.<\/span><\/p>\n<p><span style=\"font-size: 110%;\">The Camero family has updated its services year after year to offer a wide variety of <strong>funeral services in Torremolinos<\/strong>, among which are funerary transfers, tanatopraxia, Funeral Plans and all kinds of accessories such as personalized tombstones, coffins and urns. Our service company adapts to the technical innovations of the market in a continuous way, so that our funeral in Torremolinos generates the right quality to the presented situation.<\/span><\/p>\n<p><span style=\"font-size: 110%;\">Our team participates in an active specialization and improvement of the knowledge acquired for continuous professional improvement. It is of great importance for the whole Francisco Camero Funeral Home to transmit our values, especially so that our clients feel a great comfort and confidence during our treatment and <strong>funeral services in Torremolinos<\/strong>.<\/span><\/p>\n\t\t<\/div>\n\t\t\t\t\t<\/div>\n\n\t\n<\/div>\n<div class=\"row align-middle\"  id=\"row-1914855624\">\n\n\t<div id=\"col-1387512791\" class=\"col small-12 large-12\"  >\n\t\t\t\t<div class=\"col-inner\"  >\n\t\t\t\n\t\t\t\n<h3 class=\"lead\" style=\"text-align: center;\"><span style=\"font-size: 120%; color: #808080;\">Our funeral services, in addition to Torremolinos, cover other locations in the Province of M\u00e1laga, Gibraltar, Estepona, Manilva, Ronda, Marbella, Mijas, Fuengirola, Benalm\u00e1dena, Nerja, V\u00e9lez M\u00e1laga, Torre del Mar, Nerja and Antequera.<\/span><\/h3>\n\t\t<\/div>\n\t\t\t\t\t<\/div>\n\n\t\n<\/div>\n\t\t<\/div>\n\n\t\t\n<style>\n#section_344115597 {\n  padding-top: 40px;\n  padding-bottom: 40px;\n}\n@media (min-width:850px) {\n  #section_344115597 {\n    padding-top: 70px;\n    padding-bottom: 70px;\n  }\n}\n<\/style>\n\t<\/section>\n\t\n\n\t<section class=\"section\" id=\"section_2146383091\">\n\t\t<div class=\"section-bg fill\" >\n\t\t\t\t\t\t\t\t\t<div class=\"section-bg-overlay absolute fill\"><\/div>\n\t\t\t\n\n\t\t<\/div>\n\n\t\t\n\n\t\t<div class=\"section-content relative\">\n\t\t\t\n<div class=\"row row-large align-middle align-center row-solid\"  id=\"row-224479126\">\n\n\t<div id=\"col-212028699\" class=\"col medium-7 small-12 large-7\"  >\n\t\t\t\t<div class=\"col-inner\"  >\n\t\t\t\n\t\t\t\n\t<div class=\"img has-hover x md-x lg-x y md-y lg-y\" id=\"image_621411445\">\n\t\t\t\t\t\t\t\t<div class=\"img-inner image-cover dark\" style=\"padding-top:75%;margin:6px 0px 0px 0px;\">\n\t\t\t<img loading=\"lazy\" decoding=\"async\" width=\"840\" height=\"920\" src=\"https:\/\/camero.es\/wp-content\/uploads\/2023\/12\/Angel.jpg\" class=\"attachment-large size-large\" alt=\"\" srcset=\"https:\/\/camero.es\/wp-content\/uploads\/2023\/12\/Angel.jpg 840w, https:\/\/camero.es\/wp-content\/uploads\/2023\/12\/Angel-274x300.jpg 274w, https:\/\/camero.es\/wp-content\/uploads\/2023\/12\/Angel-768x841.jpg 768w\" sizes=\"auto, (max-width: 840px) 100vw, 840px\" \/>\t\t\t\t\t\t\t<div class=\"overlay\" style=\"background-color: rgba(84, 80, 80, 0.267)\"><\/div>\n\t\t\t\t\t\t\n\t\t\t\t\t<\/div>\n\t\t\t\t\t\t\t\t\n<style>\n#image_621411445 {\n  width: 100%;\n}\n<\/style>\n\t<\/div>\n\t\n\t\t<\/div>\n\t\t\t\t\t<\/div>\n\n\t\n\n\t<div id=\"col-1598281684\" class=\"col medium-5 small-12 large-5\"  >\n\t\t\t\t<div class=\"col-inner\" style=\"background-color:rgb(255,255,255);\" >\n\t\t\t\n\t\t\t\n\n<div class=\"wpcf7 no-js\" id=\"wpcf7-f1331-o1\" lang=\"en-US\" dir=\"ltr\" data-wpcf7-id=\"1331\">\n<div class=\"screen-reader-response\"><p role=\"status\" aria-live=\"polite\" aria-atomic=\"true\"><\/p> <ul><\/ul><\/div>\n<form action=\"\/en\/wp-json\/wp\/v2\/pages\/966#wpcf7-f1331-o1\" method=\"post\" class=\"wpcf7-form init\" aria-label=\"Contact form\" novalidate=\"novalidate\" data-status=\"init\">\n<fieldset class=\"hidden-fields-container\"><input type=\"hidden\" name=\"_wpcf7\" value=\"1331\" \/><input type=\"hidden\" name=\"_wpcf7_version\" value=\"6.1.5\" \/><input type=\"hidden\" name=\"_wpcf7_locale\" value=\"en_US\" \/><input type=\"hidden\" name=\"_wpcf7_unit_tag\" value=\"wpcf7-f1331-o1\" \/><input type=\"hidden\" name=\"_wpcf7_container_post\" value=\"0\" \/><input type=\"hidden\" name=\"_wpcf7_posted_data_hash\" value=\"\" \/><input type=\"hidden\" name=\"_wpcf7_recaptcha_response\" value=\"\" \/>\n<\/fieldset>\n<div class=\"form-flat\">\n\t<p><span class=\"wpcf7-form-control-wrap\" data-name=\"your-name\"><input size=\"40\" maxlength=\"400\" class=\"wpcf7-form-control wpcf7-text wpcf7-validates-as-required\" aria-required=\"true\" aria-invalid=\"false\" placeholder=\"Your Name (required)\" value=\"\" type=\"text\" name=\"your-name\" \/><\/span><br \/>\n<span class=\"wpcf7-form-control-wrap\" data-name=\"your-email\"><input size=\"40\" maxlength=\"400\" class=\"wpcf7-form-control wpcf7-email wpcf7-validates-as-required wpcf7-text wpcf7-validates-as-email\" aria-required=\"true\" aria-invalid=\"false\" placeholder=\"Your Email (required)\" value=\"\" type=\"email\" name=\"your-email\" \/><\/span>\n\t<\/p>\n\t<p><span class=\"wpcf7-form-control-wrap\" data-name=\"tel-677\"><input size=\"40\" maxlength=\"400\" class=\"wpcf7-form-control wpcf7-tel wpcf7-validates-as-required wpcf7-text wpcf7-validates-as-tel\" aria-required=\"true\" aria-invalid=\"false\" placeholder=\"Phone (required)\" value=\"\" type=\"tel\" name=\"tel-677\" \/><\/span>\n\t<\/p>\n\t<p><span class=\"wpcf7-form-control-wrap\" data-name=\"your-message\"><textarea cols=\"40\" rows=\"10\" maxlength=\"2000\" class=\"wpcf7-form-control wpcf7-textarea\" aria-invalid=\"false\" placeholder=\"Message (required)\" name=\"your-message\"><\/textarea><\/span>\n\t<\/p>\n\t<p><span class=\"wpcf7-form-control-wrap\" data-name=\"acceptance-46\"><span class=\"wpcf7-form-control wpcf7-acceptance\"><span class=\"wpcf7-list-item\"><label><input type=\"checkbox\" name=\"acceptance-46\" value=\"1\" id=\"AceptacionPoliticaPrivacidad\" aria-invalid=\"false\" \/><span class=\"wpcf7-list-item-label\"><a href=\"https:\/\/camero.es\/en\/privacy-policy\/\">I have read and accept the Privacy Policy as well as the processing of my data<\/a><\/span><\/label><\/span><\/span><\/span>\n\t<\/p>\n\t<p><input class=\"wpcf7-form-control wpcf7-submit has-spinner button\" type=\"submit\" value=\"Send\" \/>\n\t<\/p>\n<\/div><div class=\"wpcf7-response-output\" aria-hidden=\"true\"><\/div>\n<\/form>\n<\/div>\n\n\t\t<\/div>\n\t\t\t\t\n<style>\n#col-1598281684 > .col-inner {\n  padding: 20px 15px 5px 15px;\n  margin: 0px 0px 0px 0px;\n}\n<\/style>\n\t<\/div>\n\n\t\n<\/div>\n\t\t<\/div>\n\n\t\t\n<style>\n#section_2146383091 {\n  padding-top: 30px;\n  padding-bottom: 30px;\n}\n#section_2146383091 .section-bg-overlay {\n  background-color: rgba(0, 0, 0, 0.721);\n}\n<\/style>\n\t<\/section>\n\t\n","protected":false},"excerpt":{"rendered":"","protected":false},"author":1,"featured_media":0,"parent":0,"menu_order":0,"comment_status":"closed","ping_status":"closed","template":"page-transparent-header-light.php","meta":{"_joinchat":[],"footnotes":""},"class_list":["post-966","page","type-page","status-publish","hentry"],"yoast_head":"<!-- This site is optimized with the Yoast SEO plugin v27.2 - https:\/\/yoast.com\/product\/yoast-seo-wordpress\/ -->\n<title>Funeral Home in Torremolinos | Camero Funerary Services<\/title>\n<meta name=\"description\" content=\"Funerarias Camero is a benchmark in the funeral home sector in Torremolinos. We have a wide range of services. Contact us!\" \/>\n<meta name=\"robots\" content=\"index, follow, max-snippet:-1, max-image-preview:large, max-video-preview:-1\" \/>\n<link rel=\"canonical\" href=\"https:\/\/camero.es\/en\/funeral-home-in-torremolinos\/\" \/>\n<meta property=\"og:locale\" content=\"en_US\" \/>\n<meta property=\"og:type\" content=\"article\" \/>\n<meta property=\"og:title\" content=\"Funeral Home in Torremolinos | Camero Funerary Services\" \/>\n<meta property=\"og:description\" content=\"Funerarias Camero is a benchmark in the funeral home sector in Torremolinos. We have a wide range of services. Contact us!\" \/>\n<meta property=\"og:url\" content=\"https:\/\/camero.es\/en\/funeral-home-in-torremolinos\/\" \/>\n<meta property=\"og:site_name\" content=\"Funeraria en M\u00e1laga, Funeraria Camero\" \/>\n<meta property=\"article:modified_time\" content=\"2024-01-21T20:30:39+00:00\" \/>\n<meta name=\"twitter:card\" content=\"summary_large_image\" \/>\n<meta name=\"twitter:label1\" content=\"Est. reading time\" \/>\n\t<meta name=\"twitter:data1\" content=\"3 minutes\" \/>\n<script type=\"application\/ld+json\" class=\"yoast-schema-graph\">{\"@context\":\"https:\/\/schema.org\",\"@graph\":[{\"@type\":\"WebPage\",\"@id\":\"https:\/\/camero.es\/en\/funeral-home-in-torremolinos\/\",\"url\":\"https:\/\/camero.es\/en\/funeral-home-in-torremolinos\/\",\"name\":\"Funeral Home in Torremolinos | Camero Funerary Services\",\"isPartOf\":{\"@id\":\"https:\/\/camero.es\/en\/#website\"},\"datePublished\":\"2023-12-07T19:30:34+00:00\",\"dateModified\":\"2024-01-21T20:30:39+00:00\",\"description\":\"Funerarias Camero is a benchmark in the funeral home sector in Torremolinos. We have a wide range of services. Contact us!\",\"breadcrumb\":{\"@id\":\"https:\/\/camero.es\/en\/funeral-home-in-torremolinos\/#breadcrumb\"},\"inLanguage\":\"en-US\",\"potentialAction\":[{\"@type\":\"ReadAction\",\"target\":[\"https:\/\/camero.es\/en\/funeral-home-in-torremolinos\/\"]}]},{\"@type\":\"BreadcrumbList\",\"@id\":\"https:\/\/camero.es\/en\/funeral-home-in-torremolinos\/#breadcrumb\",\"itemListElement\":[{\"@type\":\"ListItem\",\"position\":1,\"name\":\"Portada\",\"item\":\"https:\/\/camero.es\/en\/\"},{\"@type\":\"ListItem\",\"position\":2,\"name\":\"Funeral Home in Torremolinos\"}]},{\"@type\":\"WebSite\",\"@id\":\"https:\/\/camero.es\/en\/#website\",\"url\":\"https:\/\/camero.es\/en\/\",\"name\":\"Funerarias en M\u00e1laga, Funeraria Camero\",\"description\":\"Servicios funerarios en M\u00e1laga, Benalm\u00e1dena, Fuengirola, Mijas, Marbella y Torremolinos\",\"publisher\":{\"@id\":\"https:\/\/camero.es\/en\/#organization\"},\"potentialAction\":[{\"@type\":\"SearchAction\",\"target\":{\"@type\":\"EntryPoint\",\"urlTemplate\":\"https:\/\/camero.es\/en\/?s={search_term_string}\"},\"query-input\":{\"@type\":\"PropertyValueSpecification\",\"valueRequired\":true,\"valueName\":\"search_term_string\"}}],\"inLanguage\":\"en-US\"},{\"@type\":\"Organization\",\"@id\":\"https:\/\/camero.es\/en\/#organization\",\"name\":\"Funerarias en M\u00e1laga, Funeraria Camero\",\"url\":\"https:\/\/camero.es\/en\/\",\"logo\":{\"@type\":\"ImageObject\",\"inLanguage\":\"en-US\",\"@id\":\"https:\/\/camero.es\/en\/#\/schema\/logo\/image\/\",\"url\":\"https:\/\/camero.es\/wp-content\/uploads\/2023\/12\/Camero1-2.png\",\"contentUrl\":\"https:\/\/camero.es\/wp-content\/uploads\/2023\/12\/Camero1-2.png\",\"width\":3506,\"height\":1090,\"caption\":\"Funerarias en M\u00e1laga, Funeraria Camero\"},\"image\":{\"@id\":\"https:\/\/camero.es\/en\/#\/schema\/logo\/image\/\"}}]}<\/script>\n<!-- \/ Yoast SEO plugin. -->","yoast_head_json":{"title":"Funeral Home in Torremolinos | Camero Funerary Services","description":"Funerarias Camero is a benchmark in the funeral home sector in Torremolinos. We have a wide range of services. Contact us!","robots":{"index":"index","follow":"follow","max-snippet":"max-snippet:-1","max-image-preview":"max-image-preview:large","max-video-preview":"max-video-preview:-1"},"canonical":"https:\/\/camero.es\/en\/funeral-home-in-torremolinos\/","og_locale":"en_US","og_type":"article","og_title":"Funeral Home in Torremolinos | Camero Funerary Services","og_description":"Funerarias Camero is a benchmark in the funeral home sector in Torremolinos. We have a wide range of services. Contact us!","og_url":"https:\/\/camero.es\/en\/funeral-home-in-torremolinos\/","og_site_name":"Funeraria en M\u00e1laga, Funeraria Camero","article_modified_time":"2024-01-21T20:30:39+00:00","twitter_card":"summary_large_image","twitter_misc":{"Est. reading time":"3 minutes"},"schema":{"@context":"https:\/\/schema.org","@graph":[{"@type":"WebPage","@id":"https:\/\/camero.es\/en\/funeral-home-in-torremolinos\/","url":"https:\/\/camero.es\/en\/funeral-home-in-torremolinos\/","name":"Funeral Home in Torremolinos | Camero Funerary Services","isPartOf":{"@id":"https:\/\/camero.es\/en\/#website"},"datePublished":"2023-12-07T19:30:34+00:00","dateModified":"2024-01-21T20:30:39+00:00","description":"Funerarias Camero is a benchmark in the funeral home sector in Torremolinos. We have a wide range of services. Contact us!","breadcrumb":{"@id":"https:\/\/camero.es\/en\/funeral-home-in-torremolinos\/#breadcrumb"},"inLanguage":"en-US","potentialAction":[{"@type":"ReadAction","target":["https:\/\/camero.es\/en\/funeral-home-in-torremolinos\/"]}]},{"@type":"BreadcrumbList","@id":"https:\/\/camero.es\/en\/funeral-home-in-torremolinos\/#breadcrumb","itemListElement":[{"@type":"ListItem","position":1,"name":"Portada","item":"https:\/\/camero.es\/en\/"},{"@type":"ListItem","position":2,"name":"Funeral Home in Torremolinos"}]},{"@type":"WebSite","@id":"https:\/\/camero.es\/en\/#website","url":"https:\/\/camero.es\/en\/","name":"Funerarias en M\u00e1laga, Funeraria Camero","description":"Servicios funerarios en M\u00e1laga, Benalm\u00e1dena, Fuengirola, Mijas, Marbella y Torremolinos","publisher":{"@id":"https:\/\/camero.es\/en\/#organization"},"potentialAction":[{"@type":"SearchAction","target":{"@type":"EntryPoint","urlTemplate":"https:\/\/camero.es\/en\/?s={search_term_string}"},"query-input":{"@type":"PropertyValueSpecification","valueRequired":true,"valueName":"search_term_string"}}],"inLanguage":"en-US"},{"@type":"Organization","@id":"https:\/\/camero.es\/en\/#organization","name":"Funerarias en M\u00e1laga, Funeraria Camero","url":"https:\/\/camero.es\/en\/","logo":{"@type":"ImageObject","inLanguage":"en-US","@id":"https:\/\/camero.es\/en\/#\/schema\/logo\/image\/","url":"https:\/\/camero.es\/wp-content\/uploads\/2023\/12\/Camero1-2.png","contentUrl":"https:\/\/camero.es\/wp-content\/uploads\/2023\/12\/Camero1-2.png","width":3506,"height":1090,"caption":"Funerarias en M\u00e1laga, Funeraria Camero"},"image":{"@id":"https:\/\/camero.es\/en\/#\/schema\/logo\/image\/"}}]}},"_links":{"self":[{"href":"https:\/\/camero.es\/en\/wp-json\/wp\/v2\/pages\/966","targetHints":{"allow":["GET"]}}],"collection":[{"href":"https:\/\/camero.es\/en\/wp-json\/wp\/v2\/pages"}],"about":[{"href":"https:\/\/camero.es\/en\/wp-json\/wp\/v2\/types\/page"}],"author":[{"embeddable":true,"href":"https:\/\/camero.es\/en\/wp-json\/wp\/v2\/users\/1"}],"replies":[{"embeddable":true,"href":"https:\/\/camero.es\/en\/wp-json\/wp\/v2\/comments?post=966"}],"version-history":[{"count":11,"href":"https:\/\/camero.es\/en\/wp-json\/wp\/v2\/pages\/966\/revisions"}],"predecessor-version":[{"id":1629,"href":"https:\/\/camero.es\/en\/wp-json\/wp\/v2\/pages\/966\/revisions\/1629"}],"wp:attachment":[{"href":"https:\/\/camero.es\/en\/wp-json\/wp\/v2\/media?parent=966"}],"curies":[{"name":"wp","href":"https:\/\/api.w.org\/{rel}","templated":true}]}}