{"id":978,"date":"2023-12-07T18:44:50","date_gmt":"2023-12-07T18:44:50","guid":{"rendered":"https:\/\/camero.es\/lapidas-para-nichos-en-malaga\/"},"modified":"2023-12-18T17:44:51","modified_gmt":"2023-12-18T17:44:51","slug":"preparation-of-tombstones","status":"publish","type":"page","link":"https:\/\/camero.es\/en\/preparation-of-tombstones\/","title":{"rendered":"Preparation of Tombstones"},"content":{"rendered":"<div class=\"slider-wrapper relative\" id=\"slider-176420235\" >\n    <div class=\"slider slider-nav-circle slider-nav-large slider-nav-light slider-style-normal\"\n        data-flickity-options='{\n            \"cellAlign\": \"center\",\n            \"imagesLoaded\": true,\n            \"lazyLoad\": 1,\n            \"freeScroll\": false,\n            \"wrapAround\": true,\n            \"autoPlay\": 6000,\n            \"pauseAutoPlayOnHover\" : true,\n            \"prevNextButtons\": true,\n            \"contain\" : true,\n            \"adaptiveHeight\" : true,\n            \"dragThreshold\" : 10,\n            \"percentPosition\": true,\n            \"pageDots\": true,\n            \"rightToLeft\": false,\n            \"draggable\": true,\n            \"selectedAttraction\": 0.1,\n            \"parallax\" : 0,\n            \"friction\": 0.6        }'\n        >\n        \n\n  <div class=\"banner has-hover\" id=\"banner-575809844\">\n          <div class=\"banner-inner fill\">\n        <div class=\"banner-bg fill\" >\n            <img loading=\"lazy\" decoding=\"async\" width=\"1536\" height=\"720\" src=\"https:\/\/camero.es\/wp-content\/uploads\/2023\/12\/Funerarias_gamero_fondo-1536x720.jpg\" class=\"bg attachment-1536x1536 size-1536x1536\" alt=\"\" \/>                        <div class=\"overlay\"><\/div>            \n                    <\/div>\n\t\t\n        <div class=\"banner-layers container\">\n            <div class=\"fill banner-link\"><\/div>            \n   <div id=\"text-box-706351542\" class=\"text-box banner-layer x50 md-x50 lg-x50 y50 md-y50 lg-y50 res-text\">\n                                <div class=\"text-box-content text dark\">\n              \n              <div class=\"text-inner text-center\">\n                  \n<h1 class=\"uppercase\"><span style=\"font-size: 90%;\"><strong>ELABORATION OF LIPIDS IN M\u00c1LAGA<\/strong><\/span><\/h1>\n<h2><span style=\"font-size: 60%;\">Ask about our service for Manufacturing Tombstones for Niches.<\/span><\/h2>\n              <\/div>\n           <\/div>\n                            \n<style>\n#text-box-706351542 {\n  width: 90%;\n}\n#text-box-706351542 .text-box-content {\n  font-size: 100%;\n}\n<\/style>\n    <\/div>\n \n        <\/div>\n      <\/div>\n\n            \n<style>\n#banner-575809844 {\n  padding-top: 530px;\n}\n#banner-575809844 .overlay {\n  background-color: rgba(0, 0, 0, 0.68);\n}\n#banner-575809844 .banner-bg img {\n  object-position: 53% 7%;\n}\n<\/style>\n  <\/div>\n\n\n     <\/div>\n\n     <div class=\"loading-spin dark large centered\"><\/div>\n\n\t<\/div>\n\n\n\n\t<section class=\"section\" id=\"section_1876119085\">\n\t\t<div class=\"section-bg fill\" >\n\t\t\t\t\t\t\t\t\t\n\t\t\t\n\n\t\t<\/div>\n\n\t\t\n\n\t\t<div class=\"section-content relative\">\n\t\t\t\n\t<div id=\"gap-160973410\" class=\"gap-element clearfix\" style=\"display:block; height:auto;\">\n\t\t\n<style>\n#gap-160973410 {\n  padding-top: 30px;\n}\n<\/style>\n\t<\/div>\n\t\n<div class=\"row align-middle\"  id=\"row-1261656677\">\n\n\t<div id=\"col-1481147186\" class=\"col medium-12 small-12 large-6\"  >\n\t\t\t\t<div class=\"col-inner\"  >\n\t\t\t\n\t\t\t\n\t<div id=\"gap-2065768746\" class=\"gap-element clearfix\" style=\"display:block; height:auto;\">\n\t\t\n<style>\n#gap-2065768746 {\n  padding-top: 10px;\n}\n@media (min-width:850px) {\n  #gap-2065768746 {\n    padding-top: 30px;\n  }\n}\n<\/style>\n\t<\/div>\n\t\n<div class=\"container section-title-container\" ><h2 class=\"section-title section-title-normal\"><b aria-hidden=\"true\"><\/b><span class=\"section-title-main\" style=\"font-size:145%;color:rgb(0, 46, 91);\">Preparation of tombstones<\/span><b aria-hidden=\"true\"><\/b><\/h2><\/div>\n<p><span style=\"font-size: 115%;\">We make all kinds of designs, distribution and placement. They can be done both for the inhumations in a niche or pit, or after the incineration and the family wishes to burn the ashes in a columbarium or ossuary.<\/span><\/p>\n\t<div id=\"gap-2032579831\" class=\"gap-element clearfix\" style=\"display:block; height:auto;\">\n\t\t\n<style>\n#gap-2032579831 {\n  padding-top: 30px;\n}\n<\/style>\n\t<\/div>\n\t\n<div class=\"row\"  id=\"row-1518452255\">\n\n\t<div id=\"col-118549858\" class=\"col medium-3 small-12 large-3\"  >\n\t\t\t\t<div class=\"col-inner\"  >\n\t\t\t\n\t\t\t\n\t\t<\/div>\n\t\t\t\t\t<\/div>\n\n\t\n\n\t<div id=\"col-1427924191\" class=\"col medium-6 small-12 large-6\"  >\n\t\t\t\t<div class=\"col-inner\"  >\n\t\t\t\n\t\t\t\n<a href=\"tel:+34952448171\" class=\"button primary is-large expand\" style=\"border-radius:10px;\">\n\t<i class=\"icon-phone\" aria-hidden=\"true\"><\/i>\t<span>952 44 81 71<\/span>\n\t<\/a>\n\n\t\t<\/div>\n\t\t\t\t\t<\/div>\n\n\t\n\n\t<div id=\"col-1563575533\" class=\"col medium-3 small-12 large-3\"  >\n\t\t\t\t<div class=\"col-inner\"  >\n\t\t\t\n\t\t\t\n\t\t<\/div>\n\t\t\t\t\t<\/div>\n\n\t\n<\/div>\n\t\t<\/div>\n\t\t\t\t\n<style>\n#col-1481147186 > .col-inner {\n  padding: 0px 0px 0px 0;\n}\n@media (min-width:850px) {\n  #col-1481147186 > .col-inner {\n    padding: 0px 0px 0px 10%;\n  }\n}\n<\/style>\n\t<\/div>\n\n\t\n\n\t<div id=\"col-1153999238\" class=\"col medium-12 small-12 large-6\"  >\n\t\t\t\t<div class=\"col-inner\"  >\n\t\t\t\n\t\t\t\n\n  <div class=\"banner has-hover\" id=\"banner-2029899073\">\n          <div class=\"banner-inner fill\">\n        <div class=\"banner-bg fill\" >\n            <img loading=\"lazy\" decoding=\"async\" width=\"900\" height=\"601\" src=\"https:\/\/camero.es\/wp-content\/uploads\/2023\/12\/lapidas_para_nichos.jpg\" class=\"bg attachment-large size-large\" alt=\"\" \/>                        <div class=\"overlay\"><\/div>            \n                    <\/div>\n\t\t\n        <div class=\"banner-layers container\">\n            <div class=\"fill banner-link\"><\/div>            \n   <div id=\"text-box-2146801201\" class=\"text-box banner-layer x50 md-x50 lg-x50 y50 md-y50 lg-y50 res-text\">\n                                <div class=\"text-box-content text dark\">\n              \n              <div class=\"text-inner text-center\">\n                  \n              <\/div>\n           <\/div>\n                            \n<style>\n#text-box-2146801201 {\n  width: 60%;\n}\n#text-box-2146801201 .text-box-content {\n  font-size: 100%;\n}\n<\/style>\n    <\/div>\n \n        <\/div>\n      <\/div>\n\n            \n<style>\n#banner-2029899073 {\n  padding-top: 99.99%;\n  background-color: rgb(255, 255, 255);\n}\n#banner-2029899073 .overlay {\n  background-color: rgba(0, 0, 0, 0.593);\n}\n#banner-2029899073 .banner-bg img {\n  object-position: 35% 56%;\n}\n@media (min-width:550px) {\n  #banner-2029899073 {\n    padding-top: 75%;\n  }\n}\n@media (min-width:850px) {\n  #banner-2029899073 {\n    padding-top: 99.99%;\n  }\n}\n<\/style>\n  <\/div>\n\n\n\t\t<\/div>\n\t\t\t\t\t<\/div>\n\n\t\n<\/div>\n\t\t<\/div>\n\n\t\t\n<style>\n#section_1876119085 {\n  padding-top: 40px;\n  padding-bottom: 40px;\n}\n@media (min-width:850px) {\n  #section_1876119085 {\n    padding-top: 70px;\n    padding-bottom: 70px;\n  }\n}\n<\/style>\n\t<\/section>\n\t\n\n\t<section class=\"section dark\" id=\"section_1562750121\">\n\t\t<div class=\"section-bg fill\" >\n\t\t\t<img loading=\"lazy\" decoding=\"async\" width=\"1920\" height=\"730\" src=\"https:\/\/camero.es\/wp-content\/uploads\/2023\/12\/crematorio_bernalmadena.jpg\" class=\"bg attachment- size-\" alt=\"\" \/>\t\t\t\t\t\t<div class=\"section-bg-overlay absolute fill\"><\/div>\n\t\t\t\n\n\t\t<\/div>\n\n\t\t\n\n\t\t<div class=\"section-content relative\">\n\t\t\t\n<div class=\"row\"  id=\"row-1451140826\">\n\n\t<div id=\"col-2137957081\" class=\"col small-12 large-12\"  >\n\t\t\t\t<div class=\"col-inner\"  >\n\t\t\t\n\t\t\t\n\t<div id=\"gap-1658613364\" class=\"gap-element clearfix\" style=\"display:block; height:auto;\">\n\t\t\n<style>\n#gap-1658613364 {\n  padding-top: 60px;\n}\n<\/style>\n\t<\/div>\n\t\n<p style=\"text-align: center;\"><span style=\"font-size: 300%;\"><strong>We manufacture tombstones. Ask us for more information<\/strong><\/span><\/p>\n<h2 style=\"text-align: center;\">M\u00e1laga, Benalm\u00e1dena, Fuengirola, Mijas, Marbella, Torremolinos<\/h2>\n<hr \/>\n<p style=\"text-align: center;\"><a href=\"https:\/\/camero.es\/contacto\/\"><span style=\"text-decoration: underline;\"><span style=\"font-size: 300%;\">Cons\u00faltanos<\/span><\/span><\/a><\/p>\n\t<div id=\"gap-148640645\" class=\"gap-element clearfix\" style=\"display:block; height:auto;\">\n\t\t\n<style>\n#gap-148640645 {\n  padding-top: 60px;\n}\n<\/style>\n\t<\/div>\n\t\n\t\t<\/div>\n\t\t\t\t\t<\/div>\n\n\t\n<\/div>\n\t\t<\/div>\n\n\t\t\n<style>\n#section_1562750121 {\n  padding-top: 30px;\n  padding-bottom: 30px;\n}\n#section_1562750121 .section-bg-overlay {\n  background-color: rgba(0, 0, 0, 0.64);\n}\n#section_1562750121 .section-bg img {\n  object-position: 32% 0%;\n}\n<\/style>\n\t<\/section>\n\t\n","protected":false},"excerpt":{"rendered":"","protected":false},"author":1,"featured_media":0,"parent":0,"menu_order":0,"comment_status":"closed","ping_status":"closed","template":"page-transparent-header-light.php","meta":{"_joinchat":[],"footnotes":""},"class_list":["post-978","page","type-page","status-publish","hentry"],"yoast_head":"<!-- This site is optimized with the Yoast SEO plugin v27.3 - https:\/\/yoast.com\/product\/yoast-seo-wordpress\/ -->\n<title>Preparation of Tombstones | Funeral Home in Malaga<\/title>\n<meta name=\"description\" content=\"Preparation of Tombstones. We make all kinds of designs, distribution and placement. Malaga, Benalm\u00e1dena, Fuengirola, Mijas, Marbella...\" \/>\n<meta name=\"robots\" content=\"index, follow, max-snippet:-1, max-image-preview:large, max-video-preview:-1\" \/>\n<link rel=\"canonical\" href=\"https:\/\/camero.es\/en\/preparation-of-tombstones\/\" \/>\n<meta property=\"og:locale\" content=\"en_US\" \/>\n<meta property=\"og:type\" content=\"article\" \/>\n<meta property=\"og:title\" content=\"Preparation of Tombstones | Funeral Home in Malaga\" \/>\n<meta property=\"og:description\" content=\"Preparation of Tombstones. We make all kinds of designs, distribution and placement. Malaga, Benalm\u00e1dena, Fuengirola, Mijas, Marbella...\" \/>\n<meta property=\"og:url\" content=\"https:\/\/camero.es\/en\/preparation-of-tombstones\/\" \/>\n<meta property=\"og:site_name\" content=\"Funeraria en M\u00e1laga, Funeraria Camero\" \/>\n<meta property=\"article:modified_time\" content=\"2023-12-18T17:44:51+00:00\" \/>\n<meta name=\"twitter:card\" content=\"summary_large_image\" \/>\n<meta name=\"twitter:label1\" content=\"Est. reading time\" \/>\n\t<meta name=\"twitter:data1\" content=\"1 minute\" \/>\n<script type=\"application\/ld+json\" class=\"yoast-schema-graph\">{\"@context\":\"https:\\\/\\\/schema.org\",\"@graph\":[{\"@type\":\"WebPage\",\"@id\":\"https:\\\/\\\/camero.es\\\/en\\\/preparation-of-tombstones\\\/\",\"url\":\"https:\\\/\\\/camero.es\\\/en\\\/preparation-of-tombstones\\\/\",\"name\":\"Preparation of Tombstones | Funeral Home in Malaga\",\"isPartOf\":{\"@id\":\"https:\\\/\\\/camero.es\\\/en\\\/#website\"},\"datePublished\":\"2023-12-07T18:44:50+00:00\",\"dateModified\":\"2023-12-18T17:44:51+00:00\",\"description\":\"Preparation of Tombstones. We make all kinds of designs, distribution and placement. Malaga, Benalm\u00e1dena, Fuengirola, Mijas, Marbella...\",\"breadcrumb\":{\"@id\":\"https:\\\/\\\/camero.es\\\/en\\\/preparation-of-tombstones\\\/#breadcrumb\"},\"inLanguage\":\"en-US\",\"potentialAction\":[{\"@type\":\"ReadAction\",\"target\":[\"https:\\\/\\\/camero.es\\\/en\\\/preparation-of-tombstones\\\/\"]}]},{\"@type\":\"BreadcrumbList\",\"@id\":\"https:\\\/\\\/camero.es\\\/en\\\/preparation-of-tombstones\\\/#breadcrumb\",\"itemListElement\":[{\"@type\":\"ListItem\",\"position\":1,\"name\":\"Portada\",\"item\":\"https:\\\/\\\/camero.es\\\/en\\\/\"},{\"@type\":\"ListItem\",\"position\":2,\"name\":\"Preparation of Tombstones\"}]},{\"@type\":\"WebSite\",\"@id\":\"https:\\\/\\\/camero.es\\\/en\\\/#website\",\"url\":\"https:\\\/\\\/camero.es\\\/en\\\/\",\"name\":\"Funerarias en M\u00e1laga, Funeraria Camero\",\"description\":\"Servicios funerarios en M\u00e1laga, Benalm\u00e1dena, Fuengirola, Mijas, Marbella y Torremolinos\",\"publisher\":{\"@id\":\"https:\\\/\\\/camero.es\\\/en\\\/#organization\"},\"potentialAction\":[{\"@type\":\"SearchAction\",\"target\":{\"@type\":\"EntryPoint\",\"urlTemplate\":\"https:\\\/\\\/camero.es\\\/en\\\/?s={search_term_string}\"},\"query-input\":{\"@type\":\"PropertyValueSpecification\",\"valueRequired\":true,\"valueName\":\"search_term_string\"}}],\"inLanguage\":\"en-US\"},{\"@type\":\"Organization\",\"@id\":\"https:\\\/\\\/camero.es\\\/en\\\/#organization\",\"name\":\"Funerarias en M\u00e1laga, Funeraria Camero\",\"url\":\"https:\\\/\\\/camero.es\\\/en\\\/\",\"logo\":{\"@type\":\"ImageObject\",\"inLanguage\":\"en-US\",\"@id\":\"https:\\\/\\\/camero.es\\\/en\\\/#\\\/schema\\\/logo\\\/image\\\/\",\"url\":\"https:\\\/\\\/camero.es\\\/wp-content\\\/uploads\\\/2023\\\/12\\\/Camero1-2.png\",\"contentUrl\":\"https:\\\/\\\/camero.es\\\/wp-content\\\/uploads\\\/2023\\\/12\\\/Camero1-2.png\",\"width\":3506,\"height\":1090,\"caption\":\"Funerarias en M\u00e1laga, Funeraria Camero\"},\"image\":{\"@id\":\"https:\\\/\\\/camero.es\\\/en\\\/#\\\/schema\\\/logo\\\/image\\\/\"}}]}<\/script>\n<!-- \/ Yoast SEO plugin. -->","yoast_head_json":{"title":"Preparation of Tombstones | Funeral Home in Malaga","description":"Preparation of Tombstones. We make all kinds of designs, distribution and placement. Malaga, Benalm\u00e1dena, Fuengirola, Mijas, Marbella...","robots":{"index":"index","follow":"follow","max-snippet":"max-snippet:-1","max-image-preview":"max-image-preview:large","max-video-preview":"max-video-preview:-1"},"canonical":"https:\/\/camero.es\/en\/preparation-of-tombstones\/","og_locale":"en_US","og_type":"article","og_title":"Preparation of Tombstones | Funeral Home in Malaga","og_description":"Preparation of Tombstones. We make all kinds of designs, distribution and placement. Malaga, Benalm\u00e1dena, Fuengirola, Mijas, Marbella...","og_url":"https:\/\/camero.es\/en\/preparation-of-tombstones\/","og_site_name":"Funeraria en M\u00e1laga, Funeraria Camero","article_modified_time":"2023-12-18T17:44:51+00:00","twitter_card":"summary_large_image","twitter_misc":{"Est. reading time":"1 minute"},"schema":{"@context":"https:\/\/schema.org","@graph":[{"@type":"WebPage","@id":"https:\/\/camero.es\/en\/preparation-of-tombstones\/","url":"https:\/\/camero.es\/en\/preparation-of-tombstones\/","name":"Preparation of Tombstones | Funeral Home in Malaga","isPartOf":{"@id":"https:\/\/camero.es\/en\/#website"},"datePublished":"2023-12-07T18:44:50+00:00","dateModified":"2023-12-18T17:44:51+00:00","description":"Preparation of Tombstones. We make all kinds of designs, distribution and placement. Malaga, Benalm\u00e1dena, Fuengirola, Mijas, Marbella...","breadcrumb":{"@id":"https:\/\/camero.es\/en\/preparation-of-tombstones\/#breadcrumb"},"inLanguage":"en-US","potentialAction":[{"@type":"ReadAction","target":["https:\/\/camero.es\/en\/preparation-of-tombstones\/"]}]},{"@type":"BreadcrumbList","@id":"https:\/\/camero.es\/en\/preparation-of-tombstones\/#breadcrumb","itemListElement":[{"@type":"ListItem","position":1,"name":"Portada","item":"https:\/\/camero.es\/en\/"},{"@type":"ListItem","position":2,"name":"Preparation of Tombstones"}]},{"@type":"WebSite","@id":"https:\/\/camero.es\/en\/#website","url":"https:\/\/camero.es\/en\/","name":"Funerarias en M\u00e1laga, Funeraria Camero","description":"Servicios funerarios en M\u00e1laga, Benalm\u00e1dena, Fuengirola, Mijas, Marbella y Torremolinos","publisher":{"@id":"https:\/\/camero.es\/en\/#organization"},"potentialAction":[{"@type":"SearchAction","target":{"@type":"EntryPoint","urlTemplate":"https:\/\/camero.es\/en\/?s={search_term_string}"},"query-input":{"@type":"PropertyValueSpecification","valueRequired":true,"valueName":"search_term_string"}}],"inLanguage":"en-US"},{"@type":"Organization","@id":"https:\/\/camero.es\/en\/#organization","name":"Funerarias en M\u00e1laga, Funeraria Camero","url":"https:\/\/camero.es\/en\/","logo":{"@type":"ImageObject","inLanguage":"en-US","@id":"https:\/\/camero.es\/en\/#\/schema\/logo\/image\/","url":"https:\/\/camero.es\/wp-content\/uploads\/2023\/12\/Camero1-2.png","contentUrl":"https:\/\/camero.es\/wp-content\/uploads\/2023\/12\/Camero1-2.png","width":3506,"height":1090,"caption":"Funerarias en M\u00e1laga, Funeraria Camero"},"image":{"@id":"https:\/\/camero.es\/en\/#\/schema\/logo\/image\/"}}]}},"_links":{"self":[{"href":"https:\/\/camero.es\/en\/wp-json\/wp\/v2\/pages\/978","targetHints":{"allow":["GET"]}}],"collection":[{"href":"https:\/\/camero.es\/en\/wp-json\/wp\/v2\/pages"}],"about":[{"href":"https:\/\/camero.es\/en\/wp-json\/wp\/v2\/types\/page"}],"author":[{"embeddable":true,"href":"https:\/\/camero.es\/en\/wp-json\/wp\/v2\/users\/1"}],"replies":[{"embeddable":true,"href":"https:\/\/camero.es\/en\/wp-json\/wp\/v2\/comments?post=978"}],"version-history":[{"count":7,"href":"https:\/\/camero.es\/en\/wp-json\/wp\/v2\/pages\/978\/revisions"}],"predecessor-version":[{"id":1249,"href":"https:\/\/camero.es\/en\/wp-json\/wp\/v2\/pages\/978\/revisions\/1249"}],"wp:attachment":[{"href":"https:\/\/camero.es\/en\/wp-json\/wp\/v2\/media?parent=978"}],"curies":[{"name":"wp","href":"https:\/\/api.w.org\/{rel}","templated":true}]}}