{"id":994,"date":"2023-09-16T19:13:53","date_gmt":"2023-09-16T19:13:53","guid":{"rendered":"https:\/\/camero.es\/politica-de-cookies\/"},"modified":"2023-12-19T21:48:47","modified_gmt":"2023-12-19T21:48:47","slug":"cookies-policy","status":"publish","type":"page","link":"https:\/\/camero.es\/en\/cookies-policy\/","title":{"rendered":"Cookies Policy"},"content":{"rendered":"  <div id=\"page-header-914401382\" class=\"page-header-wrapper\">\n  <div class=\"page-title dark featured-title\">\n\n    \n    <div class=\"page-title-inner container align-center text-center flex-row-col medium-flex-wrap\" >\n              <div class=\"title-wrapper flex-col\">\n          <h1 class=\"entry-title mb-0\">\n            Cookies Policy          <\/h1>\n        <\/div>\n                    <div class=\"title-content flex-col\">\n        <div class=\"title-breadcrumbs pb-half pt-half\"><\/div>      <\/div>\n    <\/div>\n\n       <\/div>\n    <\/div>\n  \n\t<div id=\"gap-1087878735\" class=\"gap-element clearfix\" style=\"display:block; height:auto;\">\n\t\t\n<style>\n#gap-1087878735 {\n  padding-top: 50px;\n}\n<\/style>\n\t<\/div>\n\t\n<p><span style=\"font-size: 110%;\">A cookie is a small text file that is stored in your browser when you visit almost any web page. Its usefulness is for the website to be able to remember your visit when you browse that page again. Cookies usually store technical information, personal preferences, content customization, usage statistics, links to social networks, access to user accounts, etc. The objective of the cookie is to adapt the content of the website to your profile and needs. Without cookies, the services offered by any page would be significantly reduced. If you wish to consult more information about what cookies are, what they store, how to delete them, deactivate them, etc., <a href=\"https:\/\/camero.es\/en\/more-information-about-cookies\/\">please go to this link<\/a>.<\/span><\/p>\n<h2>Cookies used on this website<\/h2>\n<div class=\n\"cky-audit-table-element\"><\/div>\n<p><span style=\"font-size: 110%;\">Following the guidelines of the Spanish Data Protection Agency, we proceed to detail the use of cookies made by this website in order to inform you as accurately as possible.<\/span><\/p>\n<p><span style=\"font-size: 110%;\"><strong>This website uses the following cookies<\/strong>:<\/span><\/p>\n<ul>\n<li><span style=\"font-size: 110%;\">Session cookies, to ensure that users writing comments on the blog are human and not automated applications. This is how spam is combated<\/span><\/li>\n<\/ul>\n<p><span style=\"font-size: 110%;\"><strong>This website uses the following third-party cookies:<\/strong><\/span><\/p>\n<ul>\n<li><span style=\"font-size: 110%;\"><strong>Google Analytics<\/strong>: Stores cookies to be able to compile statistics on the traffic and volume of visits to this website. By using this website you consent to the processing of data about you by Google. Therefore, the exercise of any right in this regard must be done by communicating directly with Google.<\/span><\/li>\n<li><span style=\"font-size: 110%;\"><strong>Social networks<\/strong>: Each social network uses its own cookies so that you can click on Like or Share buttons.<\/span><\/li>\n<\/ul>\n<h2>Deactivation or deletion of cookies<\/h2>\n<p><span style=\"font-size: 110%;\">At any time you may exercise your right to deactivate or delete cookies from this website. These actions are performed differently depending on the browser you are using. <a href=\"https:\/\/camero.es\/en\/more-information-about-cookies\/#navegadores\">Here is a quick guide to the most popular browsers<\/a>.<\/span><\/p>\n<h2>Additional notes<\/h2>\n<ul>\n<li><span style=\"font-size: 110%;\">Neither this website nor its legal representatives are responsible for the content or veracity of the privacy policies that the third parties mentioned in this cookie policy may have.<\/span><\/li>\n<li><span style=\"font-size: 110%;\">Web browsers are the tools in charge of storing cookies and from this place you must exercise your right to eliminate or deactivate them. Neither this website nor its legal representatives can guarantee the correct or incorrect handling of cookies by the aforementioned browsers.<\/span><\/li>\n<li><span style=\"font-size: 110%;\">In some cases it is necessary to install cookies so that the browser does not forget its decision not to accept them.<\/span><\/li>\n<li><span style=\"font-size: 110%;\">In the case of Google Analytics cookies, this company stores the cookies on servers located in the United States and undertakes not to share them with third parties, except in cases where it is necessary for the operation of the system or when the law requires such effect. According to Google, it does not store your IP address. Google Inc. is a company adhered to the Safe Harbor Agreement that guarantees that all transferred data will be treated with a level of protection in accordance with European regulations. You can consult detailed information in this regard <a href=\"http:\/\/safeharbor.export.gov\/companyinfo.aspx?id=16626\">at this link<\/a>. If you want information about how Google uses cookies, we attach<a href=\"https:\/\/developers.google.com\/analytics\/devguides\/collection\/analyticsjs\/cookie-usage?hl=es&amp;csw=1\"> this other link<\/a>.<\/span><\/li>\n<li><span style=\"font-size: 110%;\">For any questions or queries about this cookie policy, do not hesitate to contact us through the contact section.<\/span><\/li>\n<\/ul>\n","protected":false},"excerpt":{"rendered":"<p>A cookie is a small text file that is stored in your browser when you visit almost any web page. Its usefulness is for the website to be able to remember your visit when you browse that page again. Cookies usually store technical information, personal preferences, content customization, usage statistics, links to social networks, access [&#8230;]\n","protected":false},"author":1,"featured_media":0,"parent":0,"menu_order":0,"comment_status":"closed","ping_status":"closed","template":"","meta":{"_joinchat":[],"footnotes":""},"class_list":["post-994","page","type-page","status-publish","hentry"],"yoast_head":"<!-- This site is optimized with the Yoast SEO plugin v27.3 - https:\/\/yoast.com\/product\/yoast-seo-wordpress\/ -->\n<title>Cookies Policy - Funeraria en M\u00e1laga, Funeraria Camero<\/title>\n<meta name=\"robots\" content=\"index, follow, max-snippet:-1, max-image-preview:large, max-video-preview:-1\" \/>\n<link rel=\"canonical\" href=\"https:\/\/camero.es\/en\/cookies-policy\/\" \/>\n<meta property=\"og:locale\" content=\"en_US\" \/>\n<meta property=\"og:type\" content=\"article\" \/>\n<meta property=\"og:title\" content=\"Cookies Policy - Funeraria en M\u00e1laga, Funeraria Camero\" \/>\n<meta property=\"og:description\" content=\"A cookie is a small text file that is stored in your browser when you visit almost any web page. Its usefulness is for the website to be able to remember your visit when you browse that page again. Cookies usually store technical information, personal preferences, content customization, usage statistics, links to social networks, access [...]\" \/>\n<meta property=\"og:url\" content=\"https:\/\/camero.es\/en\/cookies-policy\/\" \/>\n<meta property=\"og:site_name\" content=\"Funeraria en M\u00e1laga, Funeraria Camero\" \/>\n<meta property=\"article:modified_time\" content=\"2023-12-19T21:48:47+00:00\" \/>\n<meta name=\"twitter:card\" content=\"summary_large_image\" \/>\n<meta name=\"twitter:label1\" content=\"Est. reading time\" \/>\n\t<meta name=\"twitter:data1\" content=\"3 minutes\" \/>\n<script type=\"application\/ld+json\" class=\"yoast-schema-graph\">{\"@context\":\"https:\\\/\\\/schema.org\",\"@graph\":[{\"@type\":\"WebPage\",\"@id\":\"https:\\\/\\\/camero.es\\\/en\\\/cookies-policy\\\/\",\"url\":\"https:\\\/\\\/camero.es\\\/en\\\/cookies-policy\\\/\",\"name\":\"Cookies Policy - Funeraria en M\u00e1laga, Funeraria Camero\",\"isPartOf\":{\"@id\":\"https:\\\/\\\/camero.es\\\/en\\\/#website\"},\"datePublished\":\"2023-09-16T19:13:53+00:00\",\"dateModified\":\"2023-12-19T21:48:47+00:00\",\"breadcrumb\":{\"@id\":\"https:\\\/\\\/camero.es\\\/en\\\/cookies-policy\\\/#breadcrumb\"},\"inLanguage\":\"en-US\",\"potentialAction\":[{\"@type\":\"ReadAction\",\"target\":[\"https:\\\/\\\/camero.es\\\/en\\\/cookies-policy\\\/\"]}]},{\"@type\":\"BreadcrumbList\",\"@id\":\"https:\\\/\\\/camero.es\\\/en\\\/cookies-policy\\\/#breadcrumb\",\"itemListElement\":[{\"@type\":\"ListItem\",\"position\":1,\"name\":\"Portada\",\"item\":\"https:\\\/\\\/camero.es\\\/en\\\/\"},{\"@type\":\"ListItem\",\"position\":2,\"name\":\"Cookies Policy\"}]},{\"@type\":\"WebSite\",\"@id\":\"https:\\\/\\\/camero.es\\\/en\\\/#website\",\"url\":\"https:\\\/\\\/camero.es\\\/en\\\/\",\"name\":\"Funerarias en M\u00e1laga, Funeraria Camero\",\"description\":\"Servicios funerarios en M\u00e1laga, Benalm\u00e1dena, Fuengirola, Mijas, Marbella y Torremolinos\",\"publisher\":{\"@id\":\"https:\\\/\\\/camero.es\\\/en\\\/#organization\"},\"potentialAction\":[{\"@type\":\"SearchAction\",\"target\":{\"@type\":\"EntryPoint\",\"urlTemplate\":\"https:\\\/\\\/camero.es\\\/en\\\/?s={search_term_string}\"},\"query-input\":{\"@type\":\"PropertyValueSpecification\",\"valueRequired\":true,\"valueName\":\"search_term_string\"}}],\"inLanguage\":\"en-US\"},{\"@type\":\"Organization\",\"@id\":\"https:\\\/\\\/camero.es\\\/en\\\/#organization\",\"name\":\"Funerarias en M\u00e1laga, Funeraria Camero\",\"url\":\"https:\\\/\\\/camero.es\\\/en\\\/\",\"logo\":{\"@type\":\"ImageObject\",\"inLanguage\":\"en-US\",\"@id\":\"https:\\\/\\\/camero.es\\\/en\\\/#\\\/schema\\\/logo\\\/image\\\/\",\"url\":\"https:\\\/\\\/camero.es\\\/wp-content\\\/uploads\\\/2023\\\/12\\\/Camero1-2.png\",\"contentUrl\":\"https:\\\/\\\/camero.es\\\/wp-content\\\/uploads\\\/2023\\\/12\\\/Camero1-2.png\",\"width\":3506,\"height\":1090,\"caption\":\"Funerarias en M\u00e1laga, Funeraria Camero\"},\"image\":{\"@id\":\"https:\\\/\\\/camero.es\\\/en\\\/#\\\/schema\\\/logo\\\/image\\\/\"}}]}<\/script>\n<!-- \/ Yoast SEO plugin. -->","yoast_head_json":{"title":"Cookies Policy - Funeraria en M\u00e1laga, Funeraria Camero","robots":{"index":"index","follow":"follow","max-snippet":"max-snippet:-1","max-image-preview":"max-image-preview:large","max-video-preview":"max-video-preview:-1"},"canonical":"https:\/\/camero.es\/en\/cookies-policy\/","og_locale":"en_US","og_type":"article","og_title":"Cookies Policy - Funeraria en M\u00e1laga, Funeraria Camero","og_description":"A cookie is a small text file that is stored in your browser when you visit almost any web page. Its usefulness is for the website to be able to remember your visit when you browse that page again. Cookies usually store technical information, personal preferences, content customization, usage statistics, links to social networks, access [...]","og_url":"https:\/\/camero.es\/en\/cookies-policy\/","og_site_name":"Funeraria en M\u00e1laga, Funeraria Camero","article_modified_time":"2023-12-19T21:48:47+00:00","twitter_card":"summary_large_image","twitter_misc":{"Est. reading time":"3 minutes"},"schema":{"@context":"https:\/\/schema.org","@graph":[{"@type":"WebPage","@id":"https:\/\/camero.es\/en\/cookies-policy\/","url":"https:\/\/camero.es\/en\/cookies-policy\/","name":"Cookies Policy - Funeraria en M\u00e1laga, Funeraria Camero","isPartOf":{"@id":"https:\/\/camero.es\/en\/#website"},"datePublished":"2023-09-16T19:13:53+00:00","dateModified":"2023-12-19T21:48:47+00:00","breadcrumb":{"@id":"https:\/\/camero.es\/en\/cookies-policy\/#breadcrumb"},"inLanguage":"en-US","potentialAction":[{"@type":"ReadAction","target":["https:\/\/camero.es\/en\/cookies-policy\/"]}]},{"@type":"BreadcrumbList","@id":"https:\/\/camero.es\/en\/cookies-policy\/#breadcrumb","itemListElement":[{"@type":"ListItem","position":1,"name":"Portada","item":"https:\/\/camero.es\/en\/"},{"@type":"ListItem","position":2,"name":"Cookies Policy"}]},{"@type":"WebSite","@id":"https:\/\/camero.es\/en\/#website","url":"https:\/\/camero.es\/en\/","name":"Funerarias en M\u00e1laga, Funeraria Camero","description":"Servicios funerarios en M\u00e1laga, Benalm\u00e1dena, Fuengirola, Mijas, Marbella y Torremolinos","publisher":{"@id":"https:\/\/camero.es\/en\/#organization"},"potentialAction":[{"@type":"SearchAction","target":{"@type":"EntryPoint","urlTemplate":"https:\/\/camero.es\/en\/?s={search_term_string}"},"query-input":{"@type":"PropertyValueSpecification","valueRequired":true,"valueName":"search_term_string"}}],"inLanguage":"en-US"},{"@type":"Organization","@id":"https:\/\/camero.es\/en\/#organization","name":"Funerarias en M\u00e1laga, Funeraria Camero","url":"https:\/\/camero.es\/en\/","logo":{"@type":"ImageObject","inLanguage":"en-US","@id":"https:\/\/camero.es\/en\/#\/schema\/logo\/image\/","url":"https:\/\/camero.es\/wp-content\/uploads\/2023\/12\/Camero1-2.png","contentUrl":"https:\/\/camero.es\/wp-content\/uploads\/2023\/12\/Camero1-2.png","width":3506,"height":1090,"caption":"Funerarias en M\u00e1laga, Funeraria Camero"},"image":{"@id":"https:\/\/camero.es\/en\/#\/schema\/logo\/image\/"}}]}},"_links":{"self":[{"href":"https:\/\/camero.es\/en\/wp-json\/wp\/v2\/pages\/994","targetHints":{"allow":["GET"]}}],"collection":[{"href":"https:\/\/camero.es\/en\/wp-json\/wp\/v2\/pages"}],"about":[{"href":"https:\/\/camero.es\/en\/wp-json\/wp\/v2\/types\/page"}],"author":[{"embeddable":true,"href":"https:\/\/camero.es\/en\/wp-json\/wp\/v2\/users\/1"}],"replies":[{"embeddable":true,"href":"https:\/\/camero.es\/en\/wp-json\/wp\/v2\/comments?post=994"}],"version-history":[{"count":6,"href":"https:\/\/camero.es\/en\/wp-json\/wp\/v2\/pages\/994\/revisions"}],"predecessor-version":[{"id":1366,"href":"https:\/\/camero.es\/en\/wp-json\/wp\/v2\/pages\/994\/revisions\/1366"}],"wp:attachment":[{"href":"https:\/\/camero.es\/en\/wp-json\/wp\/v2\/media?parent=994"}],"curies":[{"name":"wp","href":"https:\/\/api.w.org\/{rel}","templated":true}]}}