{"id":997,"date":"2023-09-16T19:12:24","date_gmt":"2023-09-16T19:12:24","guid":{"rendered":"https:\/\/camero.es\/politica-de-privacidad\/"},"modified":"2023-12-16T22:43:42","modified_gmt":"2023-12-16T22:43:42","slug":"privacy-policy","status":"publish","type":"page","link":"https:\/\/camero.es\/en\/privacy-policy\/","title":{"rendered":"Privacy Policy"},"content":{"rendered":"  <div id=\"page-header-1179714664\" class=\"page-header-wrapper\">\n  <div class=\"page-title dark featured-title\">\n\n    \n    <div class=\"page-title-inner container align-center text-center flex-row-col medium-flex-wrap\" >\n              <div class=\"title-wrapper flex-col\">\n          <h1 class=\"entry-title mb-0\">\n            Privacy Policy          <\/h1>\n        <\/div>\n                    <div class=\"title-content flex-col\">\n        <div class=\"title-breadcrumbs pb-half pt-half\"><\/div>      <\/div>\n    <\/div>\n\n       <\/div>\n    <\/div>\n  \n\t<div id=\"gap-1344077078\" class=\"gap-element clearfix\" style=\"display:block; height:auto;\">\n\t\t\n<style>\n#gap-1344077078 {\n  padding-top: 50px;\n}\n<\/style>\n\t<\/div>\n\t\n<div class=\"row\"  id=\"row-2051324093\">\n\n\t<div id=\"col-1998219179\" class=\"col small-12 large-12\"  >\n\t\t\t\t<div class=\"col-inner\"  >\n\t\t\t\n\t\t\t\n<h2>USE AND PROCESSING OF PERSONAL DATA<\/h2>\n<p><span style=\"font-size: 110%;\">We inform you that the personal data that could be provided through this website, as well as any that may be provided in the future within the framework of your legal relationship with this entity, will be incorporated into our database.<\/span><\/p>\n<p><span style=\"font-size: 110%;\">The following points regarding data protection are reported:<\/span><\/p>\n<ol>\n<li><span style=\"font-size: 110%;\">Data controller: We are responsible for the data collected in the corresponding form.<\/span><\/li>\n<li><span style=\"font-size: 110%;\">Necessity of treatment: The communication of your data through the corresponding form is mandatory so that we can contact you.<\/span><\/li>\n<li><span style=\"font-size: 110%;\">Purposes of the treatment and legitimation of the treatment:<\/span>\n<ol>\n<li><span style=\"font-size: 110%;\">Manage, administer, provide you with the services or provide you with the products you request and, where appropriate, for the fulfillment and execution of the contracts you may enter into, better understand your tastes, adapt the services to your preferences.<\/span><\/li>\n<li><span style=\"font-size: 110%;\">Send you, by postal mail, email and other equivalent means of electronic communication, commercial and advertising communications about our products and\/or services.<\/span><\/li>\n<\/ol>\n<\/li>\n<li><span style=\"font-size: 110%;\">Recipients: We contract with an entity that provides services such as maintenance and hosting, through treatment commissioning contracts to support the indicated treatment purposes.<\/span><\/li>\n<li><span style=\"font-size: 110%;\">Data retention period: We will keep your data as long as the processing continues and you do not request its deletion.<\/span><\/li>\n<li><span style=\"font-size: 110%;\">Rights: You may exercise the rights of access, rectification, deletion, limitation to processing, opposition, portability and the right not to be subject to a decision based solely on automated processing, by means of written communication to the address indicated in the legal notice and to revoke your consent. without retroactive effects or oppose the receipt of commercial advertising communications by email and other means of equivalent electronic communication, sending and submitting a claim to the Control Authority, in Spain, the Spanish Data Protection Agency.<\/span><\/li>\n<li><span style=\"font-size: 110%;\">Modification of the privacy policy: We reserve the right to modify its Privacy Policy, according to our own criteria, or motivated by a doctrinal change of the competent Data Protection Authority, legislative or jurisprudential. The use of the Website after said changes will imply acceptance of them.<\/span><\/li>\n<li><span style=\"font-size: 110%;\">Applicable legislation: Any controversy arising from the use of this Site will be governed, interpreted and submitted in accordance with the laws of Spain.<\/span><\/li>\n<\/ol>\n\t\t<\/div>\n\t\t\t\t\t<\/div>\n\n\t\n<\/div>\n","protected":false},"excerpt":{"rendered":"","protected":false},"author":1,"featured_media":0,"parent":0,"menu_order":0,"comment_status":"closed","ping_status":"closed","template":"","meta":{"_joinchat":[],"footnotes":""},"class_list":["post-997","page","type-page","status-publish","hentry"],"yoast_head":"<!-- This site is optimized with the Yoast SEO plugin v27.3 - https:\/\/yoast.com\/product\/yoast-seo-wordpress\/ -->\n<title>Privacy Policy - Funeraria en M\u00e1laga, Funeraria Camero<\/title>\n<meta name=\"robots\" content=\"index, follow, max-snippet:-1, max-image-preview:large, max-video-preview:-1\" \/>\n<link rel=\"canonical\" href=\"https:\/\/camero.es\/en\/privacy-policy\/\" \/>\n<meta property=\"og:locale\" content=\"en_US\" \/>\n<meta property=\"og:type\" content=\"article\" \/>\n<meta property=\"og:title\" content=\"Privacy Policy - Funeraria en M\u00e1laga, Funeraria Camero\" \/>\n<meta property=\"og:url\" content=\"https:\/\/camero.es\/en\/privacy-policy\/\" \/>\n<meta property=\"og:site_name\" content=\"Funeraria en M\u00e1laga, Funeraria Camero\" \/>\n<meta property=\"article:modified_time\" content=\"2023-12-16T22:43:42+00:00\" \/>\n<meta name=\"twitter:card\" content=\"summary_large_image\" \/>\n<meta name=\"twitter:label1\" content=\"Est. reading time\" \/>\n\t<meta name=\"twitter:data1\" content=\"2 minutes\" \/>\n<script type=\"application\/ld+json\" class=\"yoast-schema-graph\">{\"@context\":\"https:\\\/\\\/schema.org\",\"@graph\":[{\"@type\":\"WebPage\",\"@id\":\"https:\\\/\\\/camero.es\\\/en\\\/privacy-policy\\\/\",\"url\":\"https:\\\/\\\/camero.es\\\/en\\\/privacy-policy\\\/\",\"name\":\"Privacy Policy - Funeraria en M\u00e1laga, Funeraria Camero\",\"isPartOf\":{\"@id\":\"https:\\\/\\\/camero.es\\\/en\\\/#website\"},\"datePublished\":\"2023-09-16T19:12:24+00:00\",\"dateModified\":\"2023-12-16T22:43:42+00:00\",\"breadcrumb\":{\"@id\":\"https:\\\/\\\/camero.es\\\/en\\\/privacy-policy\\\/#breadcrumb\"},\"inLanguage\":\"en-US\",\"potentialAction\":[{\"@type\":\"ReadAction\",\"target\":[\"https:\\\/\\\/camero.es\\\/en\\\/privacy-policy\\\/\"]}]},{\"@type\":\"BreadcrumbList\",\"@id\":\"https:\\\/\\\/camero.es\\\/en\\\/privacy-policy\\\/#breadcrumb\",\"itemListElement\":[{\"@type\":\"ListItem\",\"position\":1,\"name\":\"Portada\",\"item\":\"https:\\\/\\\/camero.es\\\/en\\\/\"},{\"@type\":\"ListItem\",\"position\":2,\"name\":\"Privacy Policy\"}]},{\"@type\":\"WebSite\",\"@id\":\"https:\\\/\\\/camero.es\\\/en\\\/#website\",\"url\":\"https:\\\/\\\/camero.es\\\/en\\\/\",\"name\":\"Funerarias en M\u00e1laga, Funeraria Camero\",\"description\":\"Servicios funerarios en M\u00e1laga, Benalm\u00e1dena, Fuengirola, Mijas, Marbella y Torremolinos\",\"publisher\":{\"@id\":\"https:\\\/\\\/camero.es\\\/en\\\/#organization\"},\"potentialAction\":[{\"@type\":\"SearchAction\",\"target\":{\"@type\":\"EntryPoint\",\"urlTemplate\":\"https:\\\/\\\/camero.es\\\/en\\\/?s={search_term_string}\"},\"query-input\":{\"@type\":\"PropertyValueSpecification\",\"valueRequired\":true,\"valueName\":\"search_term_string\"}}],\"inLanguage\":\"en-US\"},{\"@type\":\"Organization\",\"@id\":\"https:\\\/\\\/camero.es\\\/en\\\/#organization\",\"name\":\"Funerarias en M\u00e1laga, Funeraria Camero\",\"url\":\"https:\\\/\\\/camero.es\\\/en\\\/\",\"logo\":{\"@type\":\"ImageObject\",\"inLanguage\":\"en-US\",\"@id\":\"https:\\\/\\\/camero.es\\\/en\\\/#\\\/schema\\\/logo\\\/image\\\/\",\"url\":\"https:\\\/\\\/camero.es\\\/wp-content\\\/uploads\\\/2023\\\/12\\\/Camero1-2.png\",\"contentUrl\":\"https:\\\/\\\/camero.es\\\/wp-content\\\/uploads\\\/2023\\\/12\\\/Camero1-2.png\",\"width\":3506,\"height\":1090,\"caption\":\"Funerarias en M\u00e1laga, Funeraria Camero\"},\"image\":{\"@id\":\"https:\\\/\\\/camero.es\\\/en\\\/#\\\/schema\\\/logo\\\/image\\\/\"}}]}<\/script>\n<!-- \/ Yoast SEO plugin. -->","yoast_head_json":{"title":"Privacy Policy - Funeraria en M\u00e1laga, Funeraria Camero","robots":{"index":"index","follow":"follow","max-snippet":"max-snippet:-1","max-image-preview":"max-image-preview:large","max-video-preview":"max-video-preview:-1"},"canonical":"https:\/\/camero.es\/en\/privacy-policy\/","og_locale":"en_US","og_type":"article","og_title":"Privacy Policy - Funeraria en M\u00e1laga, Funeraria Camero","og_url":"https:\/\/camero.es\/en\/privacy-policy\/","og_site_name":"Funeraria en M\u00e1laga, Funeraria Camero","article_modified_time":"2023-12-16T22:43:42+00:00","twitter_card":"summary_large_image","twitter_misc":{"Est. reading time":"2 minutes"},"schema":{"@context":"https:\/\/schema.org","@graph":[{"@type":"WebPage","@id":"https:\/\/camero.es\/en\/privacy-policy\/","url":"https:\/\/camero.es\/en\/privacy-policy\/","name":"Privacy Policy - Funeraria en M\u00e1laga, Funeraria Camero","isPartOf":{"@id":"https:\/\/camero.es\/en\/#website"},"datePublished":"2023-09-16T19:12:24+00:00","dateModified":"2023-12-16T22:43:42+00:00","breadcrumb":{"@id":"https:\/\/camero.es\/en\/privacy-policy\/#breadcrumb"},"inLanguage":"en-US","potentialAction":[{"@type":"ReadAction","target":["https:\/\/camero.es\/en\/privacy-policy\/"]}]},{"@type":"BreadcrumbList","@id":"https:\/\/camero.es\/en\/privacy-policy\/#breadcrumb","itemListElement":[{"@type":"ListItem","position":1,"name":"Portada","item":"https:\/\/camero.es\/en\/"},{"@type":"ListItem","position":2,"name":"Privacy Policy"}]},{"@type":"WebSite","@id":"https:\/\/camero.es\/en\/#website","url":"https:\/\/camero.es\/en\/","name":"Funerarias en M\u00e1laga, Funeraria Camero","description":"Servicios funerarios en M\u00e1laga, Benalm\u00e1dena, Fuengirola, Mijas, Marbella y Torremolinos","publisher":{"@id":"https:\/\/camero.es\/en\/#organization"},"potentialAction":[{"@type":"SearchAction","target":{"@type":"EntryPoint","urlTemplate":"https:\/\/camero.es\/en\/?s={search_term_string}"},"query-input":{"@type":"PropertyValueSpecification","valueRequired":true,"valueName":"search_term_string"}}],"inLanguage":"en-US"},{"@type":"Organization","@id":"https:\/\/camero.es\/en\/#organization","name":"Funerarias en M\u00e1laga, Funeraria Camero","url":"https:\/\/camero.es\/en\/","logo":{"@type":"ImageObject","inLanguage":"en-US","@id":"https:\/\/camero.es\/en\/#\/schema\/logo\/image\/","url":"https:\/\/camero.es\/wp-content\/uploads\/2023\/12\/Camero1-2.png","contentUrl":"https:\/\/camero.es\/wp-content\/uploads\/2023\/12\/Camero1-2.png","width":3506,"height":1090,"caption":"Funerarias en M\u00e1laga, Funeraria Camero"},"image":{"@id":"https:\/\/camero.es\/en\/#\/schema\/logo\/image\/"}}]}},"_links":{"self":[{"href":"https:\/\/camero.es\/en\/wp-json\/wp\/v2\/pages\/997","targetHints":{"allow":["GET"]}}],"collection":[{"href":"https:\/\/camero.es\/en\/wp-json\/wp\/v2\/pages"}],"about":[{"href":"https:\/\/camero.es\/en\/wp-json\/wp\/v2\/types\/page"}],"author":[{"embeddable":true,"href":"https:\/\/camero.es\/en\/wp-json\/wp\/v2\/users\/1"}],"replies":[{"embeddable":true,"href":"https:\/\/camero.es\/en\/wp-json\/wp\/v2\/comments?post=997"}],"version-history":[{"count":4,"href":"https:\/\/camero.es\/en\/wp-json\/wp\/v2\/pages\/997\/revisions"}],"predecessor-version":[{"id":1161,"href":"https:\/\/camero.es\/en\/wp-json\/wp\/v2\/pages\/997\/revisions\/1161"}],"wp:attachment":[{"href":"https:\/\/camero.es\/en\/wp-json\/wp\/v2\/media?parent=997"}],"curies":[{"name":"wp","href":"https:\/\/api.w.org\/{rel}","templated":true}]}}